{"id":1168,"date":"2013-03-23T13:34:12","date_gmt":"2013-03-23T12:34:12","guid":{"rendered":"http:\/\/balcells.cat\/?page_id=1168"},"modified":"2013-03-23T14:42:00","modified_gmt":"2013-03-23T13:42:00","slug":"balcells-centre-de-traumatologia-casi-fisioterapia","status":"publish","type":"page","link":"https:\/\/balcells.cat\/ca\/balcells-centre-de-traumatologia-casi-fisioterapia\/","title":{"rendered":"Balcells Centre de Traumatologia i Fisioter\u00e0pia"},"content":{"rendered":"<p style=\"text-align: left;\">Referente para el tratamiento integral de la afecciones del aparato locomotor en Granollers, Les Franqueses y la comarca del Vall\u00e8s Oriental<\/p>\n<address style=\"text-align: center;\">\u00a0<\/address>\n<address style=\"text-align: center;\">\u00a0<\/address>\n<p><img decoding=\"async\" loading=\"lazy\" class=\"aligncenter size-full wp-image-609\" alt=\"header-web 75\" src=\"http:\/\/balcells.cat\/wp-content\/uploads\/2013\/03\/header-web-75.jpg\" width=\"1100\" height=\"75\" srcset=\"https:\/\/balcells.cat\/wp-content\/uploads\/2013\/03\/header-web-75.jpg 1100w, https:\/\/balcells.cat\/wp-content\/uploads\/2013\/03\/header-web-75-300x20.jpg 300w, https:\/\/balcells.cat\/wp-content\/uploads\/2013\/03\/header-web-75-1024x69.jpg 1024w, https:\/\/balcells.cat\/wp-content\/uploads\/2013\/03\/header-web-75-250x17.jpg 250w\" sizes=\"(max-width: 1100px) 100vw, 1100px\" \/><\/p>\n<p><img decoding=\"async\" loading=\"lazy\" class=\"aligncenter size-full wp-image-697\" alt=\"l\u00ednia-blava\" src=\"http:\/\/balcells.cat\/wp-content\/uploads\/2012\/02\/l\u00ednia-blava.jpg\" width=\"1100\" height=\"9\" srcset=\"https:\/\/balcells.cat\/wp-content\/uploads\/2012\/02\/l\u00ednia-blava.jpg 1100w, https:\/\/balcells.cat\/wp-content\/uploads\/2012\/02\/l\u00ednia-blava-300x2.jpg 300w, https:\/\/balcells.cat\/wp-content\/uploads\/2012\/02\/l\u00ednia-blava-1024x8.jpg 1024w, https:\/\/balcells.cat\/wp-content\/uploads\/2012\/02\/l\u00ednia-blava-250x2.jpg 250w\" sizes=\"(max-width: 1100px) 100vw, 1100px\" \/><\/p>\n<p>&nbsp;<\/p>\n<p style=\"text-align: center;\">Carrer del Pont, 11<br \/>\n08520 Les Franqueses del Vall\u00e8s<br \/>\n(Ronda Nord Granollers)<br \/>\nBarcelona<br \/>\n<strong><span style=\"color: #88ade3;\">Tel: 93 119 90 35<\/span><\/strong><br \/>\n<strong><span style=\"color: #88ade3;\">M\u00f3vil: 615127460<\/span><\/strong><br \/>\ninfo@balcells.cat<\/p>\n<p style=\"text-align: center;\"><a href=\"https:\/\/www.facebook.com\/BalcellsCentreTraumatologiaiFisioterapia\" target=\"_blank\"><img decoding=\"async\" loading=\"lazy\" class=\"wp-image-1146  alignnone\" style=\"line-height: 24px;\" alt=\"facebook\" src=\"http:\/\/balcells.cat\/wp-content\/uploads\/2013\/03\/facebook.jpg\" width=\"60\" height=\"60\" srcset=\"https:\/\/balcells.cat\/wp-content\/uploads\/2013\/03\/facebook.jpg 204w, https:\/\/balcells.cat\/wp-content\/uploads\/2013\/03\/facebook-150x150.jpg 150w, https:\/\/balcells.cat\/wp-content\/uploads\/2013\/03\/facebook-115x115.jpg 115w\" sizes=\"(max-width: 60px) 100vw, 60px\" \/><\/a><\/p>\n<p><a href=\"https:\/\/twitter.com\/balcellstrauma\" target=\"_blank\"><img decoding=\"async\" loading=\"lazy\" class=\"wp-image-1147  alignnone aligncenter\" style=\"line-height: 24px;\" alt=\"twitter\" src=\"http:\/\/balcells.cat\/wp-content\/uploads\/2013\/03\/twitter.jpg\" width=\"60\" height=\"60\" srcset=\"https:\/\/balcells.cat\/wp-content\/uploads\/2013\/03\/twitter.jpg 204w, https:\/\/balcells.cat\/wp-content\/uploads\/2013\/03\/twitter-150x150.jpg 150w, https:\/\/balcells.cat\/wp-content\/uploads\/2013\/03\/twitter-115x115.jpg 115w\" sizes=\"(max-width: 60px) 100vw, 60px\" \/><\/a><\/p>\n<h2 style=\"text-align: center;\"><\/h2>\n<h2 style=\"text-align: center;\"><span style=\"color: #88ade3;\">Cirug\u00eda Ortop\u00e9dica<\/span><img decoding=\"async\" loading=\"lazy\" class=\"size-full wp-image-606 aligncenter\" style=\"font-size: 12px; line-height: 18px;\" alt=\"ORTHOPAEDIC SURGERY\" src=\"http:\/\/balcells.cat\/wp-content\/uploads\/2013\/03\/TRAUMATOLOGIA.jpg\" width=\"250\" height=\"120\" \/><\/h2>\n<ul>\n<li>Diagn\u00f3stico y tratamiento de las afecciones articulares.<\/li>\n<li>Recambios articulares: rodilla, cadera, hombro.<\/li>\n<li>Alteraciones de la anatom\u00eda de los pies.<\/li>\n<li>Dolor de espalda.<\/li>\n<li>Tratamiento de secuelas traum\u00e1ticas.<\/li>\n<li><a title=\"Factores de crecimiento\" href=\"\/?page_id=981\" target=\"_blank\"><strong>Tratamiento con factores de crecimiento&gt;&gt;<\/strong><\/a>.<\/li>\n<li>Segundas opiniones<\/li>\n<li>Si se requiere intervenci\u00f3n quir\u00fargica, \u00e9sta tendr\u00eda lugar en el\u00a0<a title=\"Hospital Quiron BCN\" href=\"http:\/\/www.quiron.es\/red_hospitalaria\/hospitales\/intro\/index.php?Ng==&amp;ZXM=&amp;&amp;MQ==&amp;\" target=\"_blank\"><strong>Hospital Quir\u00f3n de Barcelona&gt;&gt;<\/strong><\/a><\/li>\n<\/ul>\n<p>&nbsp;<\/p>\n<h2 style=\"text-align: center;\"><span style=\"color: #88ade3;\">Traumatolog\u00eda<\/span><\/h2>\n<p><img decoding=\"async\" loading=\"lazy\" class=\"size-full wp-image-953 aligncenter\" style=\"font-size: 12px; line-height: 18px;\" alt=\"TRAUMATOLOGY\" src=\"http:\/\/balcells.cat\/wp-content\/uploads\/2013\/03\/trauma.jpg\" width=\"250\" height=\"120\" \/><\/p>\n<section id=\"container\">\n<div id=\"content\" role=\"main\">\n<div id=\"post-63\">\n<ul>\n<li>Diagn\u00f3stico y tratamiento de\u00a0fracturas<\/li>\n<li>Tratamiento de lesiones\u00a0articulares<\/li>\n<li>Tratamiento de lesiones ligamentosas<\/li>\n<li>Inmovilizaciones funcionales<\/li>\n<li>Tratamiento de lesiones deportivas<\/li>\n<li>Cirug\u00eda m\u00ednimamente invasiva<\/li>\n<li><strong><a title=\"Factores de crecimiento\" href=\"\/?page_id=981\" target=\"_blank\">Tratamiento con factores de crecimiento&gt;&gt;<\/a><\/strong><\/li>\n<li>Si se requiere intervenci\u00f3n quir\u00fargica, \u00e9sta tendr\u00eda lugar en el<strong><a title=\"Hospital Quiron BCN\" href=\"http:\/\/www.quiron.es\/red_hospitalaria\/hospitales\/intro\/index.php?Ng==&amp;ZXM=&amp;&amp;MQ==&amp;\" target=\"_blank\">Hospital Quir\u00f3n de Barcelona&gt;&gt;<\/a><\/strong><\/li>\n<\/ul>\n<p><span style=\"font-size: medium;\"><span style=\"line-height: 24px;\"><br \/>\n<\/span><\/span><\/p>\n<\/div>\n<\/div>\n<\/section>\n<h2 style=\"text-align: center;\"><span style=\"color: #88ade3;\">Medicina del deporte<\/span><\/h2>\n<p><img decoding=\"async\" loading=\"lazy\" class=\"size-full wp-image-605 aligncenter\" style=\"font-size: 12px; line-height: 18px;\" alt=\"SPORTS MEDICINE\" src=\"http:\/\/balcells.cat\/wp-content\/uploads\/2013\/03\/MED-ESPORT.jpg\" width=\"250\" height=\"120\" \/><\/p>\n<ul>\n<li>Diagn\u00f3stico y tratamiento de las lesiones deportivas.<\/li>\n<li>Estrategias de prevenci\u00f3n de lesiones.<\/li>\n<li>Planificaci\u00f3n deportiva.<\/li>\n<li>Asesoramiento deportivo.<\/li>\n<\/ul>\n<h2 style=\"text-align: center;\"><span style=\"color: #88ade3;\">Fisioterapia del aparato locomotor\u00a0<\/span><\/h2>\n<h1><img decoding=\"async\" loading=\"lazy\" class=\"aligncenter\" alt=\"PHYSIOTHERAPY\" src=\"http:\/\/balcells.cat\/wp-content\/uploads\/2013\/03\/FISIOTER\u00c0PIA.jpg\" width=\"250\" height=\"120\" \/><\/h1>\n<div>\n<p><strong>Tratamientos de fisioterapia personalizados e individualizados<\/strong><\/p>\n<ul>\n<li>Lesiones musculares, ligamentosas, cartilaginosas y \u00f3seas.<\/li>\n<li>Tendinopat\u00edas.<\/li>\n<li>Artrosis.<\/li>\n<li>Recuperaciones post-cirug\u00eda.<\/li>\n<li>Reeducaci\u00f3n postural.<\/li>\n<li>Recuperaciones post-inmovilizaciones.<\/li>\n<\/ul>\n<p><strong>Readaptaci\u00f3n al deporte<\/strong><\/p>\n<ul style=\"padding-left: 60px;\">\n<li>T\u00e9cnicas neuromusculares.<\/li>\n<li>Potenciaci\u00f3n espec\u00edfica.<\/li>\n<li>Tratamiento puntos gatillo.<\/li>\n<li>Punci\u00f3n seca.<\/li>\n<li>Neurodin\u00e1mica.<\/li>\n<li>Electroterapia.<\/li>\n<li>Gimnasia hipopresiva.<\/li>\n<li>Masaje.<\/li>\n<\/ul>\n<h2 style=\"text-align: center;\"><span style=\"color: #88ade3;\">Fisioterapia Respiratoria<\/span><\/h2>\n<p style=\"text-align: center;\"><img decoding=\"async\" loading=\"lazy\" class=\"aligncenter  wp-image-850\" alt=\"treatments_respiratory_cond\" src=\"http:\/\/balcells.cat\/wp-content\/uploads\/2012\/02\/treatments_respiratory_cond.jpg\" width=\"205\" height=\"210\" srcset=\"https:\/\/balcells.cat\/wp-content\/uploads\/2012\/02\/treatments_respiratory_cond.jpg 293w, https:\/\/balcells.cat\/wp-content\/uploads\/2012\/02\/treatments_respiratory_cond-146x150.jpg 146w\" sizes=\"(max-width: 205px) 100vw, 205px\" \/><\/p>\n<p><strong>Tractamientos de fisioterapia respiratoria infantil:<\/strong><\/p>\n<ul>\n<li>Bronquiolitis.<\/li>\n<li>Bronquitis.<\/li>\n<li>Pneumon\u00eda.<\/li>\n<li>Asma.<\/li>\n<li>Fibrosis qu\u00edstica.<\/li>\n<li>Bronquiectasia.<\/li>\n<li>Infecciones respiratorias recidivantes (d\u00e9ficit inmunitario, inmovilidad ciliar, displasia broncoplumonar, d\u00e9ficit motriz\u2026)<\/li>\n<li>Enfermedades neuromusculares, distrofias musculares\u2026<\/li>\n<\/ul>\n<p>\u200b<strong>T\u00e9cnicas de drenaje:<\/strong><\/p>\n<ul>\n<li>Elpr (Expiraci\u00f3n lenta prolongada)<\/li>\n<li>EDIC (Ejercicio a D\u00e9bito Inspiratorio Controlado)<\/li>\n<li>AFE (Aumento del Flujo Expiratorio)<\/li>\n<li>TEF( T\u00e9cnica de Expiraci\u00f3n Forzada)<\/li>\n<li>\u00a0ELTGOL ( Expiraci\u00f3n Lenta Prolongada con Glotis Abierta)<\/li>\n<li>Drenaje aut\u00f3geno<\/li>\n<\/ul>\n<p><strong>T\u00e9cnicas de ventilaci\u00f3n:<\/strong><\/p>\n<ul>\n<li>Reeducaci\u00f3n del di\u00e1metro vertical: respiraciones abdominales potenciando el diafragma y reeducando la respiraci\u00f3n abdominal.<\/li>\n<li>Reeducaci\u00f3n di\u00e1metro transverso: respiraci\u00f3n costal.<\/li>\n<\/ul>\n<p><strong>T\u00e9cnicas con ayuda instrumental:<\/strong><\/p>\n<ul>\n<li>Incentivadores de la inspiraci\u00f3n.<\/li>\n<li>Expiraci\u00f3n incentivada y\/o resistida.\u200b<\/li>\n<\/ul>\n<p><strong>Programas espec\u00edficos para la fibrosis qu\u00edstica y asma.<\/strong><\/p>\n<\/div>\n<p>&nbsp;<\/p>\n","protected":false},"excerpt":{"rendered":"<p>Referente para el tratamiento integral de la afecciones del aparato locomotor en Granollers, Les Franqueses y la comarca del Vall\u00e8s Oriental \u00a0 \u00a0 &nbsp; Carrer del Pont, 11 08520 Les Franqueses del Vall\u00e8s (Ronda Nord Granollers) Barcelona Tel: 93 119 90 35 M\u00f3vil: 615127460 info@balcells.cat Cirug\u00eda Ortop\u00e9dica Diagn\u00f3stico y tratamiento de las afecciones articulares. Recambios [&hellip;]<\/p>\n","protected":false},"author":5,"featured_media":0,"parent":0,"menu_order":0,"comment_status":"closed","ping_status":"closed","template":"","meta":[],"yoast_head":"<!-- This site is optimized with the Yoast SEO plugin v21.8 - https:\/\/yoast.com\/wordpress\/plugins\/seo\/ -->\n<title>Balcells Centre de Traumatologia i Fisioter\u00e0pia - Balcells.cat<\/title>\n<meta name=\"robots\" content=\"index, follow, max-snippet:-1, max-image-preview:large, max-video-preview:-1\" \/>\n<link rel=\"canonical\" href=\"https:\/\/balcells.cat\/ca\/balcells-centre-de-traumatologia-casi-fisioterapia\/\" \/>\n<meta property=\"og:locale\" content=\"ca_ES\" \/>\n<meta property=\"og:type\" content=\"article\" \/>\n<meta property=\"og:title\" content=\"Balcells Centre de Traumatologia i Fisioter\u00e0pia - Balcells.cat\" \/>\n<meta property=\"og:description\" content=\"Referente para el tratamiento integral de la afecciones del aparato locomotor en Granollers, Les Franqueses y la comarca del Vall\u00e8s Oriental \u00a0 \u00a0 &nbsp; Carrer del Pont, 11 08520 Les Franqueses del Vall\u00e8s (Ronda Nord Granollers) Barcelona Tel: 93 119 90 35 M\u00f3vil: 615127460 info@balcells.cat Cirug\u00eda Ortop\u00e9dica Diagn\u00f3stico y tratamiento de las afecciones articulares. Recambios [&hellip;]\" \/>\n<meta property=\"og:url\" content=\"https:\/\/balcells.cat\/ca\/balcells-centre-de-traumatologia-casi-fisioterapia\/\" \/>\n<meta property=\"og:site_name\" content=\"Balcells.cat\" \/>\n<meta property=\"article:publisher\" content=\"https:\/\/www.facebook.com\/BalcellsCentreTraumatologiaiFisioterapia\/\" \/>\n<meta property=\"article:modified_time\" content=\"2013-03-23T13:42:00+00:00\" \/>\n<meta property=\"og:image\" content=\"http:\/\/balcells.cat\/wp-content\/uploads\/2013\/03\/header-web-75.jpg\" \/>\n<meta name=\"twitter:label1\" content=\"Temps estimat de lectura\" \/>\n\t<meta name=\"twitter:data1\" content=\"2 minuts\" \/>\n<script type=\"application\/ld+json\" class=\"yoast-schema-graph\">{\"@context\":\"https:\/\/schema.org\",\"@graph\":[{\"@type\":\"WebPage\",\"@id\":\"https:\/\/balcells.cat\/balcells-centre-de-traumatologia-casi-fisioterapia\/\",\"url\":\"https:\/\/balcells.cat\/balcells-centre-de-traumatologia-casi-fisioterapia\/\",\"name\":\"Balcells Centre de Traumatologia i Fisioter\u00e0pia - Balcells.cat\",\"isPartOf\":{\"@id\":\"https:\/\/balcells.cat\/#website\"},\"datePublished\":\"2013-03-23T12:34:12+00:00\",\"dateModified\":\"2013-03-23T13:42:00+00:00\",\"inLanguage\":\"ca\",\"potentialAction\":[{\"@type\":\"ReadAction\",\"target\":[\"https:\/\/balcells.cat\/balcells-centre-de-traumatologia-casi-fisioterapia\/\"]}]},{\"@type\":\"WebSite\",\"@id\":\"https:\/\/balcells.cat\/#website\",\"url\":\"https:\/\/balcells.cat\/\",\"name\":\"Balcells.cat\",\"description\":\"Centre de Traumatologia i Fisioter\u00e0pia\",\"potentialAction\":[{\"@type\":\"SearchAction\",\"target\":{\"@type\":\"EntryPoint\",\"urlTemplate\":\"https:\/\/balcells.cat\/?s={search_term_string}\"},\"query-input\":\"required name=search_term_string\"}],\"inLanguage\":\"ca\"}]}<\/script>\n<!-- \/ Yoast SEO plugin. -->","yoast_head_json":{"title":"Balcells Centre de Traumatologia i Fisioter\u00e0pia - Balcells.cat","robots":{"index":"index","follow":"follow","max-snippet":"max-snippet:-1","max-image-preview":"max-image-preview:large","max-video-preview":"max-video-preview:-1"},"canonical":"https:\/\/balcells.cat\/ca\/balcells-centre-de-traumatologia-casi-fisioterapia\/","og_locale":"ca_ES","og_type":"article","og_title":"Balcells Centre de Traumatologia i Fisioter\u00e0pia - Balcells.cat","og_description":"Referente para el tratamiento integral de la afecciones del aparato locomotor en Granollers, Les Franqueses y la comarca del Vall\u00e8s Oriental \u00a0 \u00a0 &nbsp; Carrer del Pont, 11 08520 Les Franqueses del Vall\u00e8s (Ronda Nord Granollers) Barcelona Tel: 93 119 90 35 M\u00f3vil: 615127460 info@balcells.cat Cirug\u00eda Ortop\u00e9dica Diagn\u00f3stico y tratamiento de las afecciones articulares. Recambios [&hellip;]","og_url":"https:\/\/balcells.cat\/ca\/balcells-centre-de-traumatologia-casi-fisioterapia\/","og_site_name":"Balcells.cat","article_publisher":"https:\/\/www.facebook.com\/BalcellsCentreTraumatologiaiFisioterapia\/","article_modified_time":"2013-03-23T13:42:00+00:00","og_image":[{"url":"http:\/\/balcells.cat\/wp-content\/uploads\/2013\/03\/header-web-75.jpg"}],"twitter_misc":{"Temps estimat de lectura":"2 minuts"},"schema":{"@context":"https:\/\/schema.org","@graph":[{"@type":"WebPage","@id":"https:\/\/balcells.cat\/balcells-centre-de-traumatologia-casi-fisioterapia\/","url":"https:\/\/balcells.cat\/balcells-centre-de-traumatologia-casi-fisioterapia\/","name":"Balcells Centre de Traumatologia i Fisioter\u00e0pia - Balcells.cat","isPartOf":{"@id":"https:\/\/balcells.cat\/#website"},"datePublished":"2013-03-23T12:34:12+00:00","dateModified":"2013-03-23T13:42:00+00:00","inLanguage":"ca","potentialAction":[{"@type":"ReadAction","target":["https:\/\/balcells.cat\/balcells-centre-de-traumatologia-casi-fisioterapia\/"]}]},{"@type":"WebSite","@id":"https:\/\/balcells.cat\/#website","url":"https:\/\/balcells.cat\/","name":"Balcells.cat","description":"Centre de Traumatologia i Fisioter\u00e0pia","potentialAction":[{"@type":"SearchAction","target":{"@type":"EntryPoint","urlTemplate":"https:\/\/balcells.cat\/?s={search_term_string}"},"query-input":"required name=search_term_string"}],"inLanguage":"ca"}]}},"_links":{"self":[{"href":"https:\/\/balcells.cat\/ca\/wp-json\/wp\/v2\/pages\/1168"}],"collection":[{"href":"https:\/\/balcells.cat\/ca\/wp-json\/wp\/v2\/pages"}],"about":[{"href":"https:\/\/balcells.cat\/ca\/wp-json\/wp\/v2\/types\/page"}],"author":[{"embeddable":true,"href":"https:\/\/balcells.cat\/ca\/wp-json\/wp\/v2\/users\/5"}],"replies":[{"embeddable":true,"href":"https:\/\/balcells.cat\/ca\/wp-json\/wp\/v2\/comments?post=1168"}],"version-history":[{"count":0,"href":"https:\/\/balcells.cat\/ca\/wp-json\/wp\/v2\/pages\/1168\/revisions"}],"wp:attachment":[{"href":"https:\/\/balcells.cat\/ca\/wp-json\/wp\/v2\/media?parent=1168"}],"curies":[{"name":"wp","href":"https:\/\/api.w.org\/{rel}","templated":true}]}}