{"id":1944,"date":"2020-04-19T11:54:07","date_gmt":"2020-04-19T09:54:07","guid":{"rendered":"https:\/\/balcells.cat\/?page_id=1944"},"modified":"2020-04-19T11:54:07","modified_gmt":"2020-04-19T09:54:07","slug":"aymar-orio","status":"publish","type":"page","link":"https:\/\/balcells.cat\/ca\/qui-som\/aymar-orio\/","title":{"rendered":"Aymar Orio"},"content":{"rendered":"\n<style type=\"text\/css\" data-created_by=\"avia_inline_auto\" id=\"style-css-av-av_heading-33e97fc4489f9d1ca16aa8ae99cb04d3\">\n#top .av-special-heading.av-av_heading-33e97fc4489f9d1ca16aa8ae99cb04d3{\npadding-bottom:10px;\n}\nbody .av-special-heading.av-av_heading-33e97fc4489f9d1ca16aa8ae99cb04d3 .av-special-heading-tag .heading-char{\nfont-size:25px;\n}\n.av-special-heading.av-av_heading-33e97fc4489f9d1ca16aa8ae99cb04d3 .av-subheading{\nfont-size:15px;\n}\n<\/style>\n<div  class='av-special-heading av-av_heading-33e97fc4489f9d1ca16aa8ae99cb04d3 av-special-heading-h3  avia-builder-el-0  el_before_av_one_third  avia-builder-el-first '><h3 class='av-special-heading-tag'  itemprop=\"headline\"  >Aymar Orio<\/h3><div class=\"special-heading-border\"><div class=\"special-heading-inner-border\"><\/div><\/div><\/div>\n\n<style type=\"text\/css\" data-created_by=\"avia_inline_auto\" id=\"style-css-av-39p556-fd2c5c9637aebba972cf3b5f389a66e7\">\n.flex_column.av-39p556-fd2c5c9637aebba972cf3b5f389a66e7{\nborder-radius:0px 0px 0px 0px;\npadding:0px 0px 0px 0px;\n}\n<\/style>\n<div  class='flex_column av-39p556-fd2c5c9637aebba972cf3b5f389a66e7 av_one_third  avia-builder-el-1  el_after_av_heading  el_before_av_two_third  first flex_column_div av-zero-column-padding  '     ><section  class='av_textblock_section av-30yewa-2e0cda78eeec9124760bb3840e5f86bb '   itemscope=\"itemscope\" itemtype=\"https:\/\/schema.org\/CreativeWork\" ><div class='avia_textblock'  itemprop=\"text\" ><div id=\"attachment_1802\" style=\"width: 235px\" class=\"wp-caption alignnone\"><a href=\"https:\/\/balcells.cat\/wp-content\/uploads\/2020\/03\/Aymar-balcells-centre.jpg\"><img aria-describedby=\"caption-attachment-1802\" decoding=\"async\" loading=\"lazy\" class=\"size-medium wp-image-1802\" src=\"https:\/\/balcells.cat\/wp-content\/uploads\/2020\/03\/Aymar-balcells-centre-225x300.jpg\" alt=\"\" width=\"225\" height=\"300\" srcset=\"https:\/\/balcells.cat\/wp-content\/uploads\/2020\/03\/Aymar-balcells-centre-225x300.jpg 225w, https:\/\/balcells.cat\/wp-content\/uploads\/2020\/03\/Aymar-balcells-centre-768x1024.jpg 768w, https:\/\/balcells.cat\/wp-content\/uploads\/2020\/03\/Aymar-balcells-centre-1125x1500.jpg 1125w, https:\/\/balcells.cat\/wp-content\/uploads\/2020\/03\/Aymar-balcells-centre-529x705.jpg 529w, https:\/\/balcells.cat\/wp-content\/uploads\/2020\/03\/Aymar-balcells-centre-450x600.jpg 450w, https:\/\/balcells.cat\/wp-content\/uploads\/2020\/03\/Aymar-balcells-centre.jpg 1500w\" sizes=\"(max-width: 225px) 100vw, 225px\" \/><\/a><p id=\"caption-attachment-1802\" class=\"wp-caption-text\">Fisioter\u00e0pia, Osteopatia i PNI.<\/p><\/div>\n<\/div><\/section><br \/>\n\n<style type=\"text\/css\" data-created_by=\"avia_inline_auto\" id=\"style-css-av-2uff0q-05531e28e8e079e088b0ea57bef7606b\">\n.av_font_icon.av-2uff0q-05531e28e8e079e088b0ea57bef7606b{\ncolor:#406eb1;\nborder-color:#406eb1;\n}\n.av_font_icon.av-2uff0q-05531e28e8e079e088b0ea57bef7606b .av-icon-char{\nfont-size:30px;\nline-height:30px;\n}\n<\/style>\n<span  class='av_font_icon av-2uff0q-05531e28e8e079e088b0ea57bef7606b avia_animate_when_visible av-icon-style- avia-icon-pos-center avia-icon-animate'><a href='https:\/\/www.linkedin.com\/in\/eudald-balcells-diaz-33484362\/' target=\"_blank\" rel=\"noopener noreferrer\" class='av-icon-char' aria-hidden='true' data-av_icon='\ue8fc' data-av_iconfont='entypo-fontello'><\/a><\/span><\/p><\/div>\n\n<style type=\"text\/css\" data-created_by=\"avia_inline_auto\" id=\"style-css-av-2rcrzu-e756b4cc9fdec7f2ce8f20321d53ca74\">\n.flex_column.av-2rcrzu-e756b4cc9fdec7f2ce8f20321d53ca74{\nborder-radius:0px 0px 0px 0px;\npadding:0px 0px 0px 0px;\n}\n<\/style>\n<div  class='flex_column av-2rcrzu-e756b4cc9fdec7f2ce8f20321d53ca74 av_two_third  avia-builder-el-4  el_after_av_one_third  el_before_av_hr  flex_column_div av-zero-column-padding  '     ><section  class='av_textblock_section av-2jytx6-1b85b091f8769ffb6d509934a7d24d3a '   itemscope=\"itemscope\" itemtype=\"https:\/\/schema.org\/CreativeWork\" ><div class='avia_textblock'  itemprop=\"text\" ><p><!--:CA--><\/p>\n<div class=\"mceTemp\">\n<p class=\"\"><span class=\"\">L\u00b4Aymar \u00e9s un professional amb 20 anys d\u2019experi\u00e8ncia que segueix enamorat de la seva professi\u00f3 i aix\u00f2 fa que estigui em constant evoluci\u00f3. Els seus anys a l\u2019 esport d\u2019\u00e8lit (Handbol) van despertar la seva curiositat per la salut del cos, sobretot per un s\u00edmptoma tant com\u00fa en l\u2019esport i en la societat actual com \u00e9s el dolor. L\u2019abordatge integral del pacient amb dolor (dolor cr\u00f2nic i agut) \u00e9s la motivaci\u00f3 que l\u2019 ha emp\u00e8s a formar-se en: Ter\u00e0pia Manual, Osteopatia, Posturologia, Punci\u00f3 Seca, Cadenes Musculars&#8230;En els darrers anys la seva permanent cerca de respostes, ha fet que es form\u00e9s m\u00e9s espec\u00edficament en tractament del pacient amb dolor cr\u00f2nic\u00a0 (Fibromi\u00e0lgia \/ Fatiga Cr\u00f2nica \/ Migranyes \/ Dolor Oro facial \/ Vert\u00edgens&#8230;), afegint als seus coneixements noves estrat\u00e8gies terap\u00e8utiques: Pedagogia del Dolor, Habilitats Comunicatives, PNL, Psico-Neuroinmunologia&#8230;<\/span><\/p>\n<p class=\"\"><span class=\"\">L\u2019 \u00faltim repte que ha afrontat a la seva vida \u00e9s la doc\u00e8ncia. Despr\u00e8s de treballar com a professor a l\u2019escola d\u2019Osteopatia Empo de Barcelona i de fer conferencies i cursos sobre dolor a diferents parts d\u2019Espanya, en el darrer any ha comen\u00e7at a impartir classes a l\u2019Universitat de Lleida, concretament al doble Grau de Fisioter\u00e0pia i Nutrici\u00f3.<\/span><\/p>\n<\/div>\n<\/div><\/section><\/div>\n\n<style type=\"text\/css\" data-created_by=\"avia_inline_auto\" id=\"style-css-av-2gru9e-2b9ad5382b852b1e35be2dd4e6713142\">\n#top .hr.hr-invisible.av-2gru9e-2b9ad5382b852b1e35be2dd4e6713142{\nheight:30px;\n}\n<\/style>\n<div  class='hr av-2gru9e-2b9ad5382b852b1e35be2dd4e6713142 hr-invisible  avia-builder-el-6  el_after_av_two_third  el_before_av_heading  av-medium-hide av-small-hide av-mini-hide'><span class='hr-inner '><span class=\"hr-inner-style\"><\/span><\/span><\/div>\n\n<style type=\"text\/css\" data-created_by=\"avia_inline_auto\" id=\"style-css-av-av_heading-55013ae8c676cd0873cb492e0c67a579\">\n#top .av-special-heading.av-av_heading-55013ae8c676cd0873cb492e0c67a579{\npadding-bottom:10px;\n}\nbody .av-special-heading.av-av_heading-55013ae8c676cd0873cb492e0c67a579 .av-special-heading-tag .heading-char{\nfont-size:25px;\n}\n.av-special-heading.av-av_heading-55013ae8c676cd0873cb492e0c67a579 .av-subheading{\nfont-size:15px;\n}\n<\/style>\n<div  class='av-special-heading av-av_heading-55013ae8c676cd0873cb492e0c67a579 av-special-heading-h3  avia-builder-el-7  el_after_av_hr  el_before_av_one_fourth '><h3 class='av-special-heading-tag'  itemprop=\"headline\"  >El Dr Eudald Balcells est\u00e0 al quadre m\u00e8dic de<\/h3><div class=\"special-heading-border\"><div class=\"special-heading-inner-border\"><\/div><\/div><\/div>\n\n<style type=\"text\/css\" data-created_by=\"avia_inline_auto\" id=\"style-css-av-21uiwa-642ba9bc8c7633a22e4790a94db7c07f\">\n.flex_column.av-21uiwa-642ba9bc8c7633a22e4790a94db7c07f{\nborder-radius:0px 0px 0px 0px;\npadding:0px 0px 0px 0px;\n}\n<\/style>\n<div  class='flex_column av-21uiwa-642ba9bc8c7633a22e4790a94db7c07f av_one_fourth  avia-builder-el-8  el_after_av_heading  el_before_av_one_half  first flex_column_div av-zero-column-padding  '     ><\/div>\n\n<style type=\"text\/css\" data-created_by=\"avia_inline_auto\" id=\"style-css-av-6uic2-b1d7f1e209cb4c352700b5605b3a6d40\">\n.flex_column.av-6uic2-b1d7f1e209cb4c352700b5605b3a6d40{\nborder-radius:0px 0px 0px 0px;\npadding:0px 0px 0px 0px;\n}\n<\/style>\n<div  class='flex_column av-6uic2-b1d7f1e209cb4c352700b5605b3a6d40 av_one_half  avia-builder-el-9  el_after_av_one_fourth  el_before_av_one_fourth  flex_column_div av-zero-column-padding  '     ><style type=\"text\/css\" data-created_by=\"avia_inline_auto\" id=\"style-css-av-1peraq-3ee9557f138e5d276c5cadb55c6b2c9c\">\n.avia-logo-element-container.av-1peraq-3ee9557f138e5d276c5cadb55c6b2c9c .av-partner-fake-img{\nbackground-size:cover;\n}\n<\/style>\n<div  class='avia-logo-element-container av-1peraq-3ee9557f138e5d276c5cadb55c6b2c9c avia-logo-grid avia-content-slider avia-smallarrow-slider avia-content-grid-active noHover avia-content-slider-odd  avia-builder-el-10  avia-builder-el-no-sibling  avia-content-slider1' ><div class='avia-smallarrow-slider-heading  no-logo-slider-heading '><div class='new-special-heading'>&nbsp;<\/div><\/div><div class=\"avia-content-slider-inner\"><div class=\"slide-entry-wrap\"><div  class='slide-entry av-1ide5m-fac95df96fb5ac4ed5ffd0091354e747 flex_column no_margin av_one_third real-thumbnail post-entry slide-entry-overview slide-loop-1 slide-parity-odd  first'><span class='av-partner-fake-img' style='padding-bottom:100%; background-image:url(https:\/\/balcells.cat\/wp-content\/uploads\/2018\/02\/sanitas-180x180.jpg);'><\/span><\/div><div  class='slide-entry av-1ee8lu-962b2469a7b3fa92442521a3c7a18252 flex_column no_margin av_one_third real-thumbnail post-entry slide-entry-overview slide-loop-2 slide-parity-even  '><span class='av-partner-fake-img' style='padding-bottom:100%; background-image:url(https:\/\/balcells.cat\/wp-content\/uploads\/2018\/02\/agrupacio-mutua-180x180.jpg);'><\/span><\/div><div  class='slide-entry av-4opeq-5594604eca17a896df2a47c392f60268 flex_column no_margin av_one_third real-thumbnail post-entry slide-entry-overview slide-loop-3 slide-parity-odd  '><span class='av-partner-fake-img' style='padding-bottom:100%; background-image:url(https:\/\/balcells.cat\/wp-content\/uploads\/2018\/02\/assistencia-sanitaria-180x180.jpg);'><\/span><\/div><\/div><div class=\"slide-entry-wrap\"><div  class='slide-entry av-14f9rm-21b7500462a10c68fabb4a388502084e flex_column no_margin av_one_third real-thumbnail post-entry slide-entry-overview slide-loop-4 slide-parity-odd  first'><span class='av-partner-fake-img' style='padding-bottom:100%; background-image:url(https:\/\/balcells.cat\/wp-content\/uploads\/2018\/02\/dkv-180x180.jpg);'><\/span><\/div><div  class='slide-entry av-upzoy-669772856666c08c7e7a6093cac3f217 flex_column no_margin av_one_third real-thumbnail post-entry slide-entry-overview slide-loop-5 slide-parity-even  '><span class='av-partner-fake-img' style='padding-bottom:100%; background-image:url(https:\/\/balcells.cat\/wp-content\/uploads\/2018\/02\/Mutua-General-de-Catalunya-180x180.jpg);'><\/span><\/div><div  class='slide-entry av-st7m2-39bbf6074bddb6cb022340fe22f5f616 flex_column no_margin av_one_third real-thumbnail post-entry slide-entry-overview slide-loop-6 slide-parity-odd post-entry-last '><span class='av-partner-fake-img' style='padding-bottom:100%; background-image:url(https:\/\/balcells.cat\/wp-content\/uploads\/2018\/02\/atlantida-180x180.jpg);'><\/span><\/div><\/div><\/div><\/div><\/div>\n\n<style type=\"text\/css\" data-created_by=\"avia_inline_auto\" id=\"style-css-av-m4rqy-1a6bd33c26605881199752cfff566017\">\n.flex_column.av-m4rqy-1a6bd33c26605881199752cfff566017{\nborder-radius:0px 0px 0px 0px;\npadding:0px 0px 0px 0px;\n}\n<\/style>\n<div  class='flex_column av-m4rqy-1a6bd33c26605881199752cfff566017 av_one_fourth  avia-builder-el-11  el_after_av_one_half  el_before_av_hr  flex_column_div av-zero-column-padding  '     ><\/div>\n\n<style type=\"text\/css\" data-created_by=\"avia_inline_auto\" id=\"style-css-av-d90y2-5ba15e7593eea457f420a6ac70e879eb\">\n#top .hr.hr-invisible.av-d90y2-5ba15e7593eea457f420a6ac70e879eb{\nheight:50px;\n}\n<\/style>\n<div  class='hr av-d90y2-5ba15e7593eea457f420a6ac70e879eb hr-invisible  avia-builder-el-12  el_after_av_one_fourth  el_before_av_textblock '><span class='hr-inner '><span class=\"hr-inner-style\"><\/span><\/span><\/div>\n<section  class='av_textblock_section av-vmzu-d70a52123848b6520a4882ebce921c82 '   itemscope=\"itemscope\" itemtype=\"https:\/\/schema.org\/CreativeWork\" ><div class='avia_textblock'  itemprop=\"text\" ><p><img decoding=\"async\" loading=\"lazy\" class=\"alignleft size-full wp-image-697\" style=\"line-height: 24px;\" src=\"http:\/\/balcells.cat\/wp-content\/uploads\/2012\/02\/l\u00ednia-blava.jpg\" alt=\"l\u00ednia-blava\" width=\"1100\" height=\"9\" srcset=\"https:\/\/balcells.cat\/wp-content\/uploads\/2012\/02\/l\u00ednia-blava.jpg 1100w, https:\/\/balcells.cat\/wp-content\/uploads\/2012\/02\/l\u00ednia-blava-300x2.jpg 300w, https:\/\/balcells.cat\/wp-content\/uploads\/2012\/02\/l\u00ednia-blava-1024x8.jpg 1024w, https:\/\/balcells.cat\/wp-content\/uploads\/2012\/02\/l\u00ednia-blava-250x2.jpg 250w\" sizes=\"(max-width: 1100px) 100vw, 1100px\" \/><\/p>\n<p><strong>\u00a0<\/strong><img decoding=\"async\" loading=\"lazy\" class=\"wp-image-609 aligncenter\" src=\"http:\/\/balcells.cat\/wp-content\/uploads\/2013\/03\/header-web-75.jpg\" alt=\"header-web 75\" width=\"770\" height=\"53\" srcset=\"https:\/\/balcells.cat\/wp-content\/uploads\/2013\/03\/header-web-75.jpg 1100w, https:\/\/balcells.cat\/wp-content\/uploads\/2013\/03\/header-web-75-300x20.jpg 300w, https:\/\/balcells.cat\/wp-content\/uploads\/2013\/03\/header-web-75-1024x69.jpg 1024w, https:\/\/balcells.cat\/wp-content\/uploads\/2013\/03\/header-web-75-250x17.jpg 250w\" sizes=\"(max-width: 770px) 100vw, 770px\" \/><\/p>\n<p><!--:--><!--:es--><\/p>\n<\/div><\/section>\n","protected":false},"excerpt":{"rendered":"","protected":false},"author":5,"featured_media":0,"parent":52,"menu_order":0,"comment_status":"closed","ping_status":"closed","template":"","meta":[],"yoast_head":"<!-- This site is optimized with the Yoast SEO plugin v21.8 - https:\/\/yoast.com\/wordpress\/plugins\/seo\/ -->\n<title>Aymar Orio - Balcells.cat<\/title>\n<meta name=\"robots\" content=\"index, follow, max-snippet:-1, max-image-preview:large, max-video-preview:-1\" \/>\n<link rel=\"canonical\" href=\"https:\/\/balcells.cat\/ca\/qui-som\/aymar-orio\/\" \/>\n<meta property=\"og:locale\" content=\"ca_ES\" \/>\n<meta property=\"og:type\" content=\"article\" \/>\n<meta property=\"og:title\" content=\"Aymar Orio - Balcells.cat\" \/>\n<meta property=\"og:url\" content=\"https:\/\/balcells.cat\/ca\/qui-som\/aymar-orio\/\" \/>\n<meta property=\"og:site_name\" content=\"Balcells.cat\" \/>\n<meta property=\"article:publisher\" content=\"https:\/\/www.facebook.com\/BalcellsCentreTraumatologiaiFisioterapia\/\" \/>\n<meta property=\"og:image\" content=\"https:\/\/balcells.cat\/wp-content\/uploads\/2020\/03\/Aymar-balcells-centre-225x300.jpg\" \/>\n<meta name=\"twitter:label1\" content=\"Temps estimat de lectura\" \/>\n\t<meta name=\"twitter:data1\" content=\"5 minuts\" \/>\n<script type=\"application\/ld+json\" class=\"yoast-schema-graph\">{\"@context\":\"https:\/\/schema.org\",\"@graph\":[{\"@type\":\"WebPage\",\"@id\":\"https:\/\/balcells.cat\/qui-som\/aymar-orio\/\",\"url\":\"https:\/\/balcells.cat\/qui-som\/aymar-orio\/\",\"name\":\"Aymar Orio - Balcells.cat\",\"isPartOf\":{\"@id\":\"https:\/\/balcells.cat\/#website\"},\"datePublished\":\"2020-04-19T09:54:07+00:00\",\"dateModified\":\"2020-04-19T09:54:07+00:00\",\"breadcrumb\":{\"@id\":\"https:\/\/balcells.cat\/qui-som\/aymar-orio\/#breadcrumb\"},\"inLanguage\":\"ca\",\"potentialAction\":[{\"@type\":\"ReadAction\",\"target\":[\"https:\/\/balcells.cat\/qui-som\/aymar-orio\/\"]}]},{\"@type\":\"BreadcrumbList\",\"@id\":\"https:\/\/balcells.cat\/qui-som\/aymar-orio\/#breadcrumb\",\"itemListElement\":[{\"@type\":\"ListItem\",\"position\":1,\"name\":\"Qui som\",\"item\":\"https:\/\/balcells.cat\/qui-som\/\"},{\"@type\":\"ListItem\",\"position\":2,\"name\":\"Aymar Orio\"}]},{\"@type\":\"WebSite\",\"@id\":\"https:\/\/balcells.cat\/#website\",\"url\":\"https:\/\/balcells.cat\/\",\"name\":\"Balcells.cat\",\"description\":\"Centre de Traumatologia i Fisioter\u00e0pia\",\"potentialAction\":[{\"@type\":\"SearchAction\",\"target\":{\"@type\":\"EntryPoint\",\"urlTemplate\":\"https:\/\/balcells.cat\/?s={search_term_string}\"},\"query-input\":\"required name=search_term_string\"}],\"inLanguage\":\"ca\"}]}<\/script>\n<!-- \/ Yoast SEO plugin. -->","yoast_head_json":{"title":"Aymar Orio - Balcells.cat","robots":{"index":"index","follow":"follow","max-snippet":"max-snippet:-1","max-image-preview":"max-image-preview:large","max-video-preview":"max-video-preview:-1"},"canonical":"https:\/\/balcells.cat\/ca\/qui-som\/aymar-orio\/","og_locale":"ca_ES","og_type":"article","og_title":"Aymar Orio - Balcells.cat","og_url":"https:\/\/balcells.cat\/ca\/qui-som\/aymar-orio\/","og_site_name":"Balcells.cat","article_publisher":"https:\/\/www.facebook.com\/BalcellsCentreTraumatologiaiFisioterapia\/","og_image":[{"url":"https:\/\/balcells.cat\/wp-content\/uploads\/2020\/03\/Aymar-balcells-centre-225x300.jpg"}],"twitter_misc":{"Temps estimat de lectura":"5 minuts"},"schema":{"@context":"https:\/\/schema.org","@graph":[{"@type":"WebPage","@id":"https:\/\/balcells.cat\/qui-som\/aymar-orio\/","url":"https:\/\/balcells.cat\/qui-som\/aymar-orio\/","name":"Aymar Orio - Balcells.cat","isPartOf":{"@id":"https:\/\/balcells.cat\/#website"},"datePublished":"2020-04-19T09:54:07+00:00","dateModified":"2020-04-19T09:54:07+00:00","breadcrumb":{"@id":"https:\/\/balcells.cat\/qui-som\/aymar-orio\/#breadcrumb"},"inLanguage":"ca","potentialAction":[{"@type":"ReadAction","target":["https:\/\/balcells.cat\/qui-som\/aymar-orio\/"]}]},{"@type":"BreadcrumbList","@id":"https:\/\/balcells.cat\/qui-som\/aymar-orio\/#breadcrumb","itemListElement":[{"@type":"ListItem","position":1,"name":"Qui som","item":"https:\/\/balcells.cat\/qui-som\/"},{"@type":"ListItem","position":2,"name":"Aymar Orio"}]},{"@type":"WebSite","@id":"https:\/\/balcells.cat\/#website","url":"https:\/\/balcells.cat\/","name":"Balcells.cat","description":"Centre de Traumatologia i Fisioter\u00e0pia","potentialAction":[{"@type":"SearchAction","target":{"@type":"EntryPoint","urlTemplate":"https:\/\/balcells.cat\/?s={search_term_string}"},"query-input":"required name=search_term_string"}],"inLanguage":"ca"}]}},"_links":{"self":[{"href":"https:\/\/balcells.cat\/ca\/wp-json\/wp\/v2\/pages\/1944"}],"collection":[{"href":"https:\/\/balcells.cat\/ca\/wp-json\/wp\/v2\/pages"}],"about":[{"href":"https:\/\/balcells.cat\/ca\/wp-json\/wp\/v2\/types\/page"}],"author":[{"embeddable":true,"href":"https:\/\/balcells.cat\/ca\/wp-json\/wp\/v2\/users\/5"}],"replies":[{"embeddable":true,"href":"https:\/\/balcells.cat\/ca\/wp-json\/wp\/v2\/comments?post=1944"}],"version-history":[{"count":0,"href":"https:\/\/balcells.cat\/ca\/wp-json\/wp\/v2\/pages\/1944\/revisions"}],"up":[{"embeddable":true,"href":"https:\/\/balcells.cat\/ca\/wp-json\/wp\/v2\/pages\/52"}],"wp:attachment":[{"href":"https:\/\/balcells.cat\/ca\/wp-json\/wp\/v2\/media?parent=1944"}],"curies":[{"name":"wp","href":"https:\/\/api.w.org\/{rel}","templated":true}]}}