{"id":566,"date":"2013-03-09T14:50:44","date_gmt":"2013-03-09T13:50:44","guid":{"rendered":"http:\/\/balcells.cat\/?page_id=566"},"modified":"2018-11-15T16:53:42","modified_gmt":"2018-11-15T15:53:42","slug":"avis-legal","status":"publish","type":"page","link":"https:\/\/balcells.cat\/ca\/avis-legal\/","title":{"rendered":"Av\u00eds legal"},"content":{"rendered":"<p><strong>AV\u00cdS LEGAL<\/strong><\/p>\n<p><strong>\u00a0<\/strong><\/p>\n<ol>\n<li><strong><u>INFORMACI\u00d3 CORPORATIVA<\/u><\/strong><\/li>\n<\/ol>\n<p>En compliment de la Llei 34\/2002, d\u201911 de juliol, de serveis de la societat de la informaci\u00f3 i de comer\u00e7 electr\u00f2nic, M2BV PARTNERS S.L. \u00a0, l\u2019informa que \u00e9s titular del llocs web www.balcells.cat d\u2019acord amb l\u2019exig\u00e8ncia de l\u2019article 10 de l\u2019esmentada Llei, M2BV PARTNERS S.L. \u00a0, notifica les dades seg\u00fcents: el titular d\u2019aquesta p\u00e0gina web \u00e9s\u00a0M2BV PARTNERS S.L. amb CIF B65534935 i \u00a0 amb domicili social al C. Delta 21, 08520 de Les Franqueses del Vall\u00e8s (Barcelona). L\u2019adre\u00e7a de correu electr\u00f2nic de contacte amb l\u2019empresa \u00e9s:\u00a0<u>info@m2bv.cat<\/u><strong>\u00a0<\/strong><\/p>\n<ol start=\"2\">\n<li><strong><u>USUARI I REGIM DE RESPONSABILITATS<\/u><\/strong><\/li>\n<\/ol>\n<p>La navegaci\u00f3 per, acc\u00e9s \u00a0i \u00fas dels llocs web de M2BV PARTNERS S.L. <strong>\u00a0<\/strong>atorga la condici\u00f3 d\u2019usuari, per la qual s\u2019accepten, en navegar per la p\u00e0gina de M2BV PARTNERS S.L. , totes les condicions d\u2019\u00fas que s\u2019estableixen aqu\u00ed sense perjudicar l\u2019aplicaci\u00f3 de la corresponent normativa d\u2019obligat compliment legal segons el cas.<\/p>\n<p>La p\u00e0gina web de M2BV PARTNERS S.L. \u00a0proporcionen gran diversitat d\u2019informaci\u00f3, serveis i dades. L\u2019usuari assumeix la seva responsabilitat en l\u2019\u00fas correcte dels llocs web. Aquesta responsabilitat s\u2019estendr\u00e0 a: La veracitat i licitud de les informacions aportades per l\u2019usuari als formularis emesos per M2BV PARTNERS S.L. \u00a0per accedir a determinats continguts o serveis oferts per la web.<\/p>\n<p>L\u2019\u00fas de la informaci\u00f3, serveis i dades oferts per\u00a0\u00a0M2BV PARTNERS S.L. <strong>\u00a0<\/strong>contra les disposicions d\u2019aquestes condicions, la Llei, la moral, els bons costums o l\u2019ordre p\u00fablic o que, en qualsevol altre cas, puguin suposar lesi\u00f3 dels drets de tercers o del funcionament dels llocs web.<\/p>\n<p>A aquest efecte, l\u2019Usuari s\u2019abstindr\u00e0 d\u2019utilitzar qualsevol dels continguts amb fins o efectes il\u00b7l\u00edcits, prohibits en aquest text, lesius dels drets i interessos de tercers, o que de qualsevol forma puguin danyar, inutilitzar, sobrecarregar, deteriorar o impedir la normal utilitzaci\u00f3 dels continguts, altres Usuaris o de qualsevol usuari d\u2019Internet (maquinari i programari).<\/p>\n<p>Els usuaris respondran dels danys i perjudicis de tota naturalesa que l\u2019empresa propiet\u00e0ria de la web pugui patir, directament o indirectament, com a conseq\u00fc\u00e8ncia d\u2019incompliment de qualsevol de les obligacions derivades de l\u2019\u00fas de la Web i d\u2019aquesta pol\u00edtica de privacitat.<\/p>\n<p>En particular, i a t\u00edtol merament indicatiu i no exhaustiu, l\u2019Usuari es compromet a no transmetre, difondre o posar a disposici\u00f3 de tercers informacions, dades, continguts, missatges, gr\u00e0fics, dibuixos, arxius de so i \/ o imatge, fotografies del web .<\/p>\n<p>&nbsp;<\/p>\n<div>\n<div>\n<p dir=\"ltr\"><strong>POL\u00cdTICA DE PRIVADESA<\/strong><\/p>\n<p dir=\"ltr\">Amb la informaci\u00f3 que li proporcionarem a continuaci\u00f3 M2BV partners S.L. vol que vost\u00e8 conegui quina \u00e9s la pol\u00edtica de privadesa aplicada pel que fa a les seves dades personals.<\/p>\n<p dir=\"ltr\">M2BV partners S.L. compleix tots els requisits establerts per la normativa vigent en mat\u00e8ria de protecci\u00f3 de dades personals i totes les dades sota la nostra responsabilitat seran tractades d\u2019acord amb les exig\u00e8ncies legals, i es guardaran les degudes mesures de seguretat, tant t\u00e8cniques com organitzatives, que en garanteixin la confidencialitat.<\/p>\n<p dir=\"ltr\">L\u2019informem que les dades personals que ens faciliti seran incorporades a un fitxer, que est\u00e0 inscrit al Registre General de Protecci\u00f3 de Dades, i seran dedicades a les finalitats pr\u00f2pies de M2BV partners S.L., relacionades amb el Centre de fisioter\u00e0pia i traumatologia Balcells.<\/p>\n<p dir=\"ltr\">Aix\u00ed mateix, l\u2019informem que les seves dades personals no seran segmentades ni utilitzades amb altres finalitats que no siguin la mera informaci\u00f3 dels serveis i de les activitats que M2BV partners S.L. ofereix i que pretenem que siguin de la seva utilitat.<\/p>\n<p dir=\"ltr\">A la nostra p\u00e0gina web no hi ha cap enlla\u00e7 que permeti la comunicaci\u00f3 de les seves dades a qualsevol altra entitat o empresa.<\/p>\n<p dir=\"ltr\">En cas necessari, pot exercir els seus drets d\u2019acc\u00e9s, rectificaci\u00f3, cancel\u00b7laci\u00f3 i oposici\u00f3, adre\u00e7ant-se per escrit a info@m2bv.cat, indicant en l\u2019assumpte: Pol\u00edtica de Privadesa.<\/p>\n<p dir=\"ltr\">A m\u00e9s, l\u2019informem que les seves dades podran ser utilitzades per fer-li arribar informaci\u00f3 del seu inter\u00e8s. En el cas que vost\u00e8 no desitgi que aix\u00f2 sigui aix\u00ed, adreci\u2019s a nosaltres mitjan\u00e7ant correu electr\u00f2nic a l\u2019adre\u00e7a indicada anteriorment per comunicar-nos-ho.<\/p>\n<p dir=\"ltr\">Per tot aix\u00f2, entenem que en sup\u00f2sit de facilitar-nos les seves dades vost\u00e8 ens concedeix l\u2019autoritzaci\u00f3 expressa per realitzar-ne el tractament d\u2019acord amb el que s\u2019ha descrit m\u00e9s amunt i que, en qualsevol moment, vost\u00e8 podr\u00e0 revocar l\u2019esmentada autoritzaci\u00f3.<\/p>\n<p>&nbsp;<\/p>\n<\/div>\n<\/div>\n","protected":false},"excerpt":{"rendered":"<p>AV\u00cdS LEGAL \u00a0 INFORMACI\u00d3 CORPORATIVA En compliment de la Llei 34\/2002, d\u201911 de juliol, de serveis de la societat de la informaci\u00f3 i de comer\u00e7 electr\u00f2nic, M2BV PARTNERS S.L. \u00a0, l\u2019informa que \u00e9s titular del llocs web www.balcells.cat d\u2019acord amb l\u2019exig\u00e8ncia de l\u2019article 10 de l\u2019esmentada Llei, M2BV PARTNERS S.L. \u00a0, notifica les dades seg\u00fcents: [&hellip;]<\/p>\n","protected":false},"author":5,"featured_media":0,"parent":0,"menu_order":0,"comment_status":"open","ping_status":"open","template":"","meta":[],"yoast_head":"<!-- This site is optimized with the Yoast SEO plugin v21.8 - https:\/\/yoast.com\/wordpress\/plugins\/seo\/ -->\n<title>Av\u00eds legal - Balcells.cat<\/title>\n<meta name=\"robots\" content=\"index, follow, max-snippet:-1, max-image-preview:large, max-video-preview:-1\" \/>\n<link rel=\"canonical\" href=\"https:\/\/balcells.cat\/ca\/avis-legal\/\" \/>\n<meta property=\"og:locale\" content=\"ca_ES\" \/>\n<meta property=\"og:type\" content=\"article\" \/>\n<meta property=\"og:title\" content=\"Av\u00eds legal - Balcells.cat\" \/>\n<meta property=\"og:description\" content=\"AV\u00cdS LEGAL \u00a0 INFORMACI\u00d3 CORPORATIVA En compliment de la Llei 34\/2002, d\u201911 de juliol, de serveis de la societat de la informaci\u00f3 i de comer\u00e7 electr\u00f2nic, M2BV PARTNERS S.L. \u00a0, l\u2019informa que \u00e9s titular del llocs web www.balcells.cat d\u2019acord amb l\u2019exig\u00e8ncia de l\u2019article 10 de l\u2019esmentada Llei, M2BV PARTNERS S.L. \u00a0, notifica les dades seg\u00fcents: [&hellip;]\" \/>\n<meta property=\"og:url\" content=\"https:\/\/balcells.cat\/ca\/avis-legal\/\" \/>\n<meta property=\"og:site_name\" content=\"Balcells.cat\" \/>\n<meta property=\"article:publisher\" content=\"https:\/\/www.facebook.com\/BalcellsCentreTraumatologiaiFisioterapia\/\" \/>\n<meta property=\"article:modified_time\" content=\"2018-11-15T15:53:42+00:00\" \/>\n<meta name=\"twitter:label1\" content=\"Temps estimat de lectura\" \/>\n\t<meta name=\"twitter:data1\" content=\"4 minuts\" \/>\n<script type=\"application\/ld+json\" class=\"yoast-schema-graph\">{\"@context\":\"https:\/\/schema.org\",\"@graph\":[{\"@type\":\"WebPage\",\"@id\":\"https:\/\/balcells.cat\/avis-legal\/\",\"url\":\"https:\/\/balcells.cat\/avis-legal\/\",\"name\":\"Av\u00eds legal - Balcells.cat\",\"isPartOf\":{\"@id\":\"https:\/\/balcells.cat\/#website\"},\"datePublished\":\"2013-03-09T13:50:44+00:00\",\"dateModified\":\"2018-11-15T15:53:42+00:00\",\"inLanguage\":\"ca\",\"potentialAction\":[{\"@type\":\"ReadAction\",\"target\":[\"https:\/\/balcells.cat\/avis-legal\/\"]}]},{\"@type\":\"WebSite\",\"@id\":\"https:\/\/balcells.cat\/#website\",\"url\":\"https:\/\/balcells.cat\/\",\"name\":\"Balcells.cat\",\"description\":\"Centre de Traumatologia i Fisioter\u00e0pia\",\"potentialAction\":[{\"@type\":\"SearchAction\",\"target\":{\"@type\":\"EntryPoint\",\"urlTemplate\":\"https:\/\/balcells.cat\/?s={search_term_string}\"},\"query-input\":\"required name=search_term_string\"}],\"inLanguage\":\"ca\"}]}<\/script>\n<!-- \/ Yoast SEO plugin. -->","yoast_head_json":{"title":"Av\u00eds legal - Balcells.cat","robots":{"index":"index","follow":"follow","max-snippet":"max-snippet:-1","max-image-preview":"max-image-preview:large","max-video-preview":"max-video-preview:-1"},"canonical":"https:\/\/balcells.cat\/ca\/avis-legal\/","og_locale":"ca_ES","og_type":"article","og_title":"Av\u00eds legal - Balcells.cat","og_description":"AV\u00cdS LEGAL \u00a0 INFORMACI\u00d3 CORPORATIVA En compliment de la Llei 34\/2002, d\u201911 de juliol, de serveis de la societat de la informaci\u00f3 i de comer\u00e7 electr\u00f2nic, M2BV PARTNERS S.L. \u00a0, l\u2019informa que \u00e9s titular del llocs web www.balcells.cat d\u2019acord amb l\u2019exig\u00e8ncia de l\u2019article 10 de l\u2019esmentada Llei, M2BV PARTNERS S.L. \u00a0, notifica les dades seg\u00fcents: [&hellip;]","og_url":"https:\/\/balcells.cat\/ca\/avis-legal\/","og_site_name":"Balcells.cat","article_publisher":"https:\/\/www.facebook.com\/BalcellsCentreTraumatologiaiFisioterapia\/","article_modified_time":"2018-11-15T15:53:42+00:00","twitter_misc":{"Temps estimat de lectura":"4 minuts"},"schema":{"@context":"https:\/\/schema.org","@graph":[{"@type":"WebPage","@id":"https:\/\/balcells.cat\/avis-legal\/","url":"https:\/\/balcells.cat\/avis-legal\/","name":"Av\u00eds legal - Balcells.cat","isPartOf":{"@id":"https:\/\/balcells.cat\/#website"},"datePublished":"2013-03-09T13:50:44+00:00","dateModified":"2018-11-15T15:53:42+00:00","inLanguage":"ca","potentialAction":[{"@type":"ReadAction","target":["https:\/\/balcells.cat\/avis-legal\/"]}]},{"@type":"WebSite","@id":"https:\/\/balcells.cat\/#website","url":"https:\/\/balcells.cat\/","name":"Balcells.cat","description":"Centre de Traumatologia i Fisioter\u00e0pia","potentialAction":[{"@type":"SearchAction","target":{"@type":"EntryPoint","urlTemplate":"https:\/\/balcells.cat\/?s={search_term_string}"},"query-input":"required name=search_term_string"}],"inLanguage":"ca"}]}},"_links":{"self":[{"href":"https:\/\/balcells.cat\/ca\/wp-json\/wp\/v2\/pages\/566"}],"collection":[{"href":"https:\/\/balcells.cat\/ca\/wp-json\/wp\/v2\/pages"}],"about":[{"href":"https:\/\/balcells.cat\/ca\/wp-json\/wp\/v2\/types\/page"}],"author":[{"embeddable":true,"href":"https:\/\/balcells.cat\/ca\/wp-json\/wp\/v2\/users\/5"}],"replies":[{"embeddable":true,"href":"https:\/\/balcells.cat\/ca\/wp-json\/wp\/v2\/comments?post=566"}],"version-history":[{"count":0,"href":"https:\/\/balcells.cat\/ca\/wp-json\/wp\/v2\/pages\/566\/revisions"}],"wp:attachment":[{"href":"https:\/\/balcells.cat\/ca\/wp-json\/wp\/v2\/media?parent=566"}],"curies":[{"name":"wp","href":"https:\/\/api.w.org\/{rel}","templated":true}]}}