{"id":70,"date":"2012-02-25T22:30:24","date_gmt":"2012-02-25T21:30:24","guid":{"rendered":"http:\/\/balcells.cat\/?page_id=70"},"modified":"2020-03-27T16:47:28","modified_gmt":"2020-03-27T15:47:28","slug":"cirurgia-ortopedica","status":"publish","type":"page","link":"https:\/\/balcells.cat\/ca\/serveis\/cirurgia-ortopedica\/","title":{"rendered":"Cirurgia Ortop\u00e8dica"},"content":{"rendered":"<div id='av_section_1'  class='avia-section av-cdpci-321a9afdd778c4d2492526b0fd98eb50 main_color avia-section-default avia-no-border-styling  avia-builder-el-0  avia-builder-el-no-sibling  avia-bg-style-scroll container_wrap sidebar_right'  ><div class='container av-section-cont-open' ><main  role=\"main\" itemprop=\"mainContentOfPage\"  class='template-page content  av-content-small alpha units'><div class='post-entry post-entry-type-page post-entry-70'><div class='entry-content-wrapper clearfix'>\n\n<style type=\"text\/css\" data-created_by=\"avia_inline_auto\" id=\"style-css-av-av_heading-9a096de66010f426a11de2321ebff1d6\">\n#top .av-special-heading.av-av_heading-9a096de66010f426a11de2321ebff1d6{\npadding-bottom:10px;\n}\nbody .av-special-heading.av-av_heading-9a096de66010f426a11de2321ebff1d6 .av-special-heading-tag .heading-char{\nfont-size:25px;\n}\n.av-special-heading.av-av_heading-9a096de66010f426a11de2321ebff1d6 .av-subheading{\nfont-size:15px;\n}\n<\/style>\n<div  class='av-special-heading av-av_heading-9a096de66010f426a11de2321ebff1d6 av-special-heading-h3  avia-builder-el-1  el_before_av_one_half  avia-builder-el-first '><h3 class='av-special-heading-tag'  itemprop=\"headline\"  >Cirurgia Ortop\u00e8dica<\/h3><div class=\"special-heading-border\"><div class=\"special-heading-inner-border\"><\/div><\/div><\/div>\n\n<style type=\"text\/css\" data-created_by=\"avia_inline_auto\" id=\"style-css-av-ba0ya-140080a95d93d6267091a5b2183cd65e\">\n.flex_column.av-ba0ya-140080a95d93d6267091a5b2183cd65e{\nborder-radius:0px 0px 0px 0px;\npadding:0px 0px 0px 0px;\n}\n<\/style>\n<div  class='flex_column av-ba0ya-140080a95d93d6267091a5b2183cd65e av_one_half  avia-builder-el-2  el_after_av_heading  el_before_av_one_half  first flex_column_div av-zero-column-padding  '     ><section  class='av_textblock_section av-11sbe-e4e77ef1ee28b47e1b59d352a3300ec3 '   itemscope=\"itemscope\" itemtype=\"https:\/\/schema.org\/CreativeWork\" ><div class='avia_textblock'  itemprop=\"text\" ><ul>\n<li><span style=\"font-size: 14px;\"><span style=\"font-family: arial, helvetica, sans-serif;\">Diagn\u00f2stic i tractament de les afeccions articulars.<\/span><\/span><\/li>\n<li><span style=\"font-size: 14px;\"><span style=\"font-family: arial, helvetica, sans-serif;\">Recanvis articulars: Genoll, Maluc, Espatlla.<\/span><\/span><\/li>\n<li><span style=\"font-size: 14px;\"><span style=\"font-family: arial, helvetica, sans-serif;\">Alteracions de l\u2019anatomia dels peus.<\/span><\/span><\/li>\n<li><span style=\"font-size: 14px;\"><span style=\"font-family: arial, helvetica, sans-serif;\">Mal d\u2019esquena.<\/span><\/span><\/li>\n<li><span style=\"font-size: 14px;\"><span style=\"font-family: arial, helvetica, sans-serif;\">Tractament de seq\u00fceles traum\u00e0tiques.<\/span><\/span><\/li>\n<li><a title=\"Factors de creixement\" href=\"http:\/\/balcells.cat\/serveis\/traumatologia\/factors-de-creixement\/\" target=\"_blank\" rel=\"noopener noreferrer\"><strong><span style=\"font-size: 14px; color: #88ade3;\"><span style=\"font-family: arial, helvetica, sans-serif;\"><span style=\"color: #88ade3;\">Tractament amb factors de creixement&gt;&gt;<\/span><\/span><\/span><\/strong><\/a><\/li>\n<li><span style=\"font-size: 14px;\"><span style=\"font-family: arial, helvetica, sans-serif;\">Segones opinions.<\/span><\/span><\/li>\n<li><span style=\"font-size: 14px;\"><span style=\"font-family: arial, helvetica, sans-serif;\">Si es requereix intervenci\u00f3 quir\u00fargica, aquesta tindria lloc a l&#8217;<a href=\"http:\/\/www.fphag.cat\">Hospital General de Granollers<\/a>, al <a href=\"http:\/\/www.teknon.es\/es\/solicitud-visita\">Centre M\u00e8dic Teknon<\/a> o b\u00e9 l&#8217;<a href=\"https:\/\/www.quironsalud.es\/hospital-barcelona\/ca\">Hospital Quironsalut de Barcelona.<\/a><\/span><\/span><\/li>\n<\/ul>\n<\/div><\/section><\/div>\n<style type=\"text\/css\" data-created_by=\"avia_inline_auto\" id=\"style-css-av-9to2q-21bd3fe0b64c88da371c51ac5e14a24f\">\n.flex_column.av-9to2q-21bd3fe0b64c88da371c51ac5e14a24f{\nborder-radius:0px 0px 0px 0px;\npadding:0px 0px 0px 0px;\n}\n<\/style>\n<div  class='flex_column av-9to2q-21bd3fe0b64c88da371c51ac5e14a24f av_one_half  avia-builder-el-4  el_after_av_one_half  el_before_av_hr  flex_column_div av-zero-column-padding  '     ><style type=\"text\/css\" data-created_by=\"avia_inline_auto\" id=\"style-css-av-93wu6-fedb7691c42834c66c23478ddf8c4723\">\n.avia-image-container.av-93wu6-fedb7691c42834c66c23478ddf8c4723 img.avia_image{\nbox-shadow:none;\n}\n.avia-image-container.av-93wu6-fedb7691c42834c66c23478ddf8c4723 .av-image-caption-overlay-center{\ncolor:#ffffff;\n}\n<\/style>\n<div  class='avia-image-container av-93wu6-fedb7691c42834c66c23478ddf8c4723 av-styling- avia-align-center  avia-builder-el-5  avia-builder-el-no-sibling '   itemprop=\"image\" itemscope=\"itemscope\" itemtype=\"https:\/\/schema.org\/ImageObject\" ><div class=\"avia-image-container-inner\"><div class=\"avia-image-overlay-wrap\"><img decoding=\"async\" class='wp-image-1680 avia-img-lazy-loading-not-1680 avia_image ' src=\"https:\/\/balcells.cat\/wp-content\/uploads\/2018\/02\/cirurgia-ortop\u00e8dica-vall\u00e8s-oriental-granollers-balcells.jpg\" alt='balcells cirurgia ortop\u00e8dica vall\u00e8s oriental granollers' title='cirurgia ortop\u00e8dica vall\u00e8s oriental granollers balcells'  height=\"576\" width=\"697\"  itemprop=\"thumbnailUrl\" srcset=\"https:\/\/balcells.cat\/wp-content\/uploads\/2018\/02\/cirurgia-ortop\u00e8dica-vall\u00e8s-oriental-granollers-balcells.jpg 697w, https:\/\/balcells.cat\/wp-content\/uploads\/2018\/02\/cirurgia-ortop\u00e8dica-vall\u00e8s-oriental-granollers-balcells-300x248.jpg 300w, https:\/\/balcells.cat\/wp-content\/uploads\/2018\/02\/cirurgia-ortop\u00e8dica-vall\u00e8s-oriental-granollers-balcells-450x372.jpg 450w\" sizes=\"(max-width: 697px) 100vw, 697px\" \/><\/div><\/div><\/div><\/div>\n<style type=\"text\/css\" data-created_by=\"avia_inline_auto\" id=\"style-css-av-8krpu-4349ec00bccfe54030a8765d0c3e00a8\">\n#top .hr.av-8krpu-4349ec00bccfe54030a8765d0c3e00a8{\nmargin-top:50px;\nmargin-bottom:30px;\n}\n.hr.av-8krpu-4349ec00bccfe54030a8765d0c3e00a8 .hr-inner{\nwidth:50px;\nborder-color:#88ade3;\n}\n<\/style>\n<div  class='hr av-8krpu-4349ec00bccfe54030a8765d0c3e00a8 hr-custom  avia-builder-el-6  el_after_av_one_half  el_before_av_textblock  hr-center hr-icon-no'><span class='hr-inner inner-border-av-border-fat'><span class=\"hr-inner-style\"><\/span><\/span><\/div>\n\n<style type=\"text\/css\" data-created_by=\"avia_inline_auto\" id=\"style-css-av-8bj5m-4c1207678b6b5c63ce49aa898910f480\">\n#top .av_textblock_section.av-8bj5m-4c1207678b6b5c63ce49aa898910f480 .avia_textblock{\nfont-size:22px;\n}\n<\/style>\n<section  class='av_textblock_section av-8bj5m-4c1207678b6b5c63ce49aa898910f480 '   itemscope=\"itemscope\" itemtype=\"https:\/\/schema.org\/CreativeWork\" ><div class='avia_textblock'  itemprop=\"text\" ><p style=\"text-align: center;\">Podem donar serveis a pacients assegurats amb<\/p>\n<\/div><\/section>\n\n<style type=\"text\/css\" data-created_by=\"avia_inline_auto\" id=\"style-css-av-7nnti-28d400ea88b3d057c1ceb081c959a5c0\">\n.flex_column.av-7nnti-28d400ea88b3d057c1ceb081c959a5c0{\nborder-radius:0px 0px 0px 0px;\npadding:0px 0px 0px 0px;\n}\n<\/style>\n<div  class='flex_column av-7nnti-28d400ea88b3d057c1ceb081c959a5c0 av_one_fourth  avia-builder-el-8  el_after_av_textblock  el_before_av_one_half  first flex_column_div av-zero-column-padding  column-top-margin'     ><\/div>\n<style type=\"text\/css\" data-created_by=\"avia_inline_auto\" id=\"style-css-av-7522e-440566016ba67dfa2cf1dfe70ce22de0\">\n.flex_column.av-7522e-440566016ba67dfa2cf1dfe70ce22de0{\nborder-radius:0px 0px 0px 0px;\npadding:0px 0px 0px 0px;\n}\n<\/style>\n<div  class='flex_column av-7522e-440566016ba67dfa2cf1dfe70ce22de0 av_one_half  avia-builder-el-9  el_after_av_one_fourth  el_before_av_one_fourth  flex_column_div av-zero-column-padding  column-top-margin'     ><style type=\"text\/css\" data-created_by=\"avia_inline_auto\" id=\"style-css-av-65e1e-ac6f271e9519bd279b6bf5f6d216ab49\">\n.avia-logo-element-container.av-65e1e-ac6f271e9519bd279b6bf5f6d216ab49 .av-partner-fake-img{\nbackground-size:cover;\n}\n<\/style>\n<div  class='avia-logo-element-container av-65e1e-ac6f271e9519bd279b6bf5f6d216ab49 avia-logo-grid avia-content-slider avia-smallarrow-slider avia-content-grid-active noHover avia-content-slider-odd  avia-builder-el-10  avia-builder-el-no-sibling  avia-content-slider1' ><div class='avia-smallarrow-slider-heading  no-logo-slider-heading '><div class='new-special-heading'>&nbsp;<\/div><\/div><div class=\"avia-content-slider-inner\"><div class=\"slide-entry-wrap\"><div  class='slide-entry av-5rk76-866b02572e17e95bd732401df6c96ee0 flex_column no_margin av_one_third real-thumbnail post-entry slide-entry-overview slide-loop-1 slide-parity-odd  first'><span class='av-partner-fake-img' style='padding-bottom:100%; background-image:url(https:\/\/balcells.cat\/wp-content\/uploads\/2018\/02\/sanitas-180x180.jpg);'><\/span><\/div><div  class='slide-entry av-4w3he-3d56adb6362467d89fbeaa6ec29cca64 flex_column no_margin av_one_third real-thumbnail post-entry slide-entry-overview slide-loop-2 slide-parity-even  '><span class='av-partner-fake-img' style='padding-bottom:100%; background-image:url(https:\/\/balcells.cat\/wp-content\/uploads\/2018\/02\/agrupacio-mutua-180x180.jpg);'><\/span><\/div><div  class='slide-entry av-gz36-b51efb4e2d00dd8b09c6f8d425e62e1e flex_column no_margin av_one_third real-thumbnail post-entry slide-entry-overview slide-loop-3 slide-parity-odd  '><span class='av-partner-fake-img' style='padding-bottom:100%; background-image:url(https:\/\/balcells.cat\/wp-content\/uploads\/2018\/02\/assistencia-sanitaria-180x180.jpg);'><\/span><\/div><\/div><div class=\"slide-entry-wrap\"><div  class='slide-entry av-40u92-474ecb3475afdc3f536883961046912c flex_column no_margin av_one_third real-thumbnail post-entry slide-entry-overview slide-loop-4 slide-parity-odd  first'><span class='av-partner-fake-img' style='padding-bottom:100%; background-image:url(https:\/\/balcells.cat\/wp-content\/uploads\/2018\/02\/dkv-180x180.jpg);'><\/span><\/div><div  class='slide-entry av-3g97a-0e0b70da1ff4f6a705ec53bbf5f5ac7d flex_column no_margin av_one_third real-thumbnail post-entry slide-entry-overview slide-loop-5 slide-parity-even  '><span class='av-partner-fake-img' style='padding-bottom:100%; background-image:url(https:\/\/balcells.cat\/wp-content\/uploads\/2018\/02\/Mutua-General-de-Catalunya-180x180.jpg);'><\/span><\/div><div  class='slide-entry av-2lote-f91f57d1af389abf5b89c226fa6ea7fe flex_column no_margin av_one_third real-thumbnail post-entry slide-entry-overview slide-loop-6 slide-parity-odd post-entry-last '><span class='av-partner-fake-img' style='padding-bottom:100%; background-image:url(https:\/\/balcells.cat\/wp-content\/uploads\/2018\/02\/atlantida-180x180.jpg);'><\/span><\/div><\/div><\/div><\/div><\/div>\n<style type=\"text\/css\" data-created_by=\"avia_inline_auto\" id=\"style-css-av-2b2ve-81e24f7fc62bd3834357cdefab40e224\">\n.flex_column.av-2b2ve-81e24f7fc62bd3834357cdefab40e224{\nborder-radius:0px 0px 0px 0px;\npadding:0px 0px 0px 0px;\n}\n<\/style>\n<div  class='flex_column av-2b2ve-81e24f7fc62bd3834357cdefab40e224 av_one_fourth  avia-builder-el-11  el_after_av_one_half  el_before_av_hr  flex_column_div av-zero-column-padding  column-top-margin'     ><\/div>\n<style type=\"text\/css\" data-created_by=\"avia_inline_auto\" id=\"style-css-av-1ig32-c99b814d514eeda5e4f1e4c0ceb23ff3\">\n#top .hr.hr-invisible.av-1ig32-c99b814d514eeda5e4f1e4c0ceb23ff3{\nheight:30px;\n}\n<\/style>\n<div  class='hr av-1ig32-c99b814d514eeda5e4f1e4c0ceb23ff3 hr-invisible  avia-builder-el-12  el_after_av_one_fourth  el_before_av_textblock '><span class='hr-inner '><span class=\"hr-inner-style\"><\/span><\/span><\/div>\n<section  class='av_textblock_section av-14peq-31720d0f9e0c3c32b3f1546b30b7a02a '   itemscope=\"itemscope\" itemtype=\"https:\/\/schema.org\/CreativeWork\" ><div class='avia_textblock'  itemprop=\"text\" ><p><img decoding=\"async\" loading=\"lazy\" src=\"http:\/\/balcells.cat\/wp-content\/uploads\/2012\/02\/l%C3%ADnia-blava.jpg\" alt=\"l\u00ednia-blava\" width=\"1100\" height=\"9\" \/><\/p>\n<p><img decoding=\"async\" loading=\"lazy\" class=\"aligncenter\" src=\"http:\/\/balcells.cat\/wp-content\/uploads\/2013\/03\/header-web-75.jpg\" alt=\"header-web 75\" width=\"770\" height=\"53\" \/><\/p>\n<\/div><\/section>\n<\/div><\/div><\/main><!-- close content main element --><\/div><\/div><div id='after_section_1'  class='main_color av_default_container_wrap container_wrap sidebar_right'  ><div class='container av-section-cont-open' ><div class='template-page content  av-content-small alpha units'><div class='post-entry post-entry-type-page post-entry-70'><div class='entry-content-wrapper clearfix'>\n","protected":false},"excerpt":{"rendered":"","protected":false},"author":3,"featured_media":0,"parent":55,"menu_order":3,"comment_status":"closed","ping_status":"closed","template":"","meta":[],"yoast_head":"<!-- This site is optimized with the Yoast SEO plugin v21.8 - https:\/\/yoast.com\/wordpress\/plugins\/seo\/ -->\n<title>Cirurgia Ortop\u00e8dica - Balcells.cat<\/title>\n<meta name=\"robots\" content=\"index, follow, max-snippet:-1, max-image-preview:large, max-video-preview:-1\" \/>\n<link rel=\"canonical\" href=\"https:\/\/balcells.cat\/ca\/serveis\/cirurgia-ortopedica\/\" \/>\n<meta property=\"og:locale\" content=\"ca_ES\" \/>\n<meta property=\"og:type\" content=\"article\" \/>\n<meta property=\"og:title\" content=\"Cirurgia Ortop\u00e8dica - Balcells.cat\" \/>\n<meta property=\"og:url\" content=\"https:\/\/balcells.cat\/ca\/serveis\/cirurgia-ortopedica\/\" \/>\n<meta property=\"og:site_name\" content=\"Balcells.cat\" \/>\n<meta property=\"article:publisher\" content=\"https:\/\/www.facebook.com\/BalcellsCentreTraumatologiaiFisioterapia\/\" \/>\n<meta property=\"article:modified_time\" content=\"2020-03-27T15:47:28+00:00\" \/>\n<meta property=\"og:image\" content=\"http:\/\/balcells.cat\/wp-content\/uploads\/2012\/02\/l%C3%ADnia-blava.jpg\" \/>\n<meta name=\"twitter:label1\" content=\"Temps estimat de lectura\" \/>\n\t<meta name=\"twitter:data1\" content=\"5 minuts\" \/>\n<script type=\"application\/ld+json\" class=\"yoast-schema-graph\">{\"@context\":\"https:\/\/schema.org\",\"@graph\":[{\"@type\":\"WebPage\",\"@id\":\"https:\/\/balcells.cat\/serveis\/cirurgia-ortopedica\/\",\"url\":\"https:\/\/balcells.cat\/serveis\/cirurgia-ortopedica\/\",\"name\":\"Cirurgia Ortop\u00e8dica - Balcells.cat\",\"isPartOf\":{\"@id\":\"https:\/\/balcells.cat\/#website\"},\"datePublished\":\"2012-02-25T21:30:24+00:00\",\"dateModified\":\"2020-03-27T15:47:28+00:00\",\"breadcrumb\":{\"@id\":\"https:\/\/balcells.cat\/serveis\/cirurgia-ortopedica\/#breadcrumb\"},\"inLanguage\":\"ca\",\"potentialAction\":[{\"@type\":\"ReadAction\",\"target\":[\"https:\/\/balcells.cat\/serveis\/cirurgia-ortopedica\/\"]}]},{\"@type\":\"BreadcrumbList\",\"@id\":\"https:\/\/balcells.cat\/serveis\/cirurgia-ortopedica\/#breadcrumb\",\"itemListElement\":[{\"@type\":\"ListItem\",\"position\":1,\"name\":\"Serveis\",\"item\":\"https:\/\/balcells.cat\/serveis\/\"},{\"@type\":\"ListItem\",\"position\":2,\"name\":\"Cirurgia Ortop\u00e8dica\"}]},{\"@type\":\"WebSite\",\"@id\":\"https:\/\/balcells.cat\/#website\",\"url\":\"https:\/\/balcells.cat\/\",\"name\":\"Balcells.cat\",\"description\":\"Centre de Traumatologia i Fisioter\u00e0pia\",\"potentialAction\":[{\"@type\":\"SearchAction\",\"target\":{\"@type\":\"EntryPoint\",\"urlTemplate\":\"https:\/\/balcells.cat\/?s={search_term_string}\"},\"query-input\":\"required name=search_term_string\"}],\"inLanguage\":\"ca\"}]}<\/script>\n<!-- \/ Yoast SEO plugin. -->","yoast_head_json":{"title":"Cirurgia Ortop\u00e8dica - Balcells.cat","robots":{"index":"index","follow":"follow","max-snippet":"max-snippet:-1","max-image-preview":"max-image-preview:large","max-video-preview":"max-video-preview:-1"},"canonical":"https:\/\/balcells.cat\/ca\/serveis\/cirurgia-ortopedica\/","og_locale":"ca_ES","og_type":"article","og_title":"Cirurgia Ortop\u00e8dica - Balcells.cat","og_url":"https:\/\/balcells.cat\/ca\/serveis\/cirurgia-ortopedica\/","og_site_name":"Balcells.cat","article_publisher":"https:\/\/www.facebook.com\/BalcellsCentreTraumatologiaiFisioterapia\/","article_modified_time":"2020-03-27T15:47:28+00:00","og_image":[{"url":"http:\/\/balcells.cat\/wp-content\/uploads\/2012\/02\/l%C3%ADnia-blava.jpg"}],"twitter_misc":{"Temps estimat de lectura":"5 minuts"},"schema":{"@context":"https:\/\/schema.org","@graph":[{"@type":"WebPage","@id":"https:\/\/balcells.cat\/serveis\/cirurgia-ortopedica\/","url":"https:\/\/balcells.cat\/serveis\/cirurgia-ortopedica\/","name":"Cirurgia Ortop\u00e8dica - Balcells.cat","isPartOf":{"@id":"https:\/\/balcells.cat\/#website"},"datePublished":"2012-02-25T21:30:24+00:00","dateModified":"2020-03-27T15:47:28+00:00","breadcrumb":{"@id":"https:\/\/balcells.cat\/serveis\/cirurgia-ortopedica\/#breadcrumb"},"inLanguage":"ca","potentialAction":[{"@type":"ReadAction","target":["https:\/\/balcells.cat\/serveis\/cirurgia-ortopedica\/"]}]},{"@type":"BreadcrumbList","@id":"https:\/\/balcells.cat\/serveis\/cirurgia-ortopedica\/#breadcrumb","itemListElement":[{"@type":"ListItem","position":1,"name":"Serveis","item":"https:\/\/balcells.cat\/serveis\/"},{"@type":"ListItem","position":2,"name":"Cirurgia Ortop\u00e8dica"}]},{"@type":"WebSite","@id":"https:\/\/balcells.cat\/#website","url":"https:\/\/balcells.cat\/","name":"Balcells.cat","description":"Centre de Traumatologia i Fisioter\u00e0pia","potentialAction":[{"@type":"SearchAction","target":{"@type":"EntryPoint","urlTemplate":"https:\/\/balcells.cat\/?s={search_term_string}"},"query-input":"required name=search_term_string"}],"inLanguage":"ca"}]}},"_links":{"self":[{"href":"https:\/\/balcells.cat\/ca\/wp-json\/wp\/v2\/pages\/70"}],"collection":[{"href":"https:\/\/balcells.cat\/ca\/wp-json\/wp\/v2\/pages"}],"about":[{"href":"https:\/\/balcells.cat\/ca\/wp-json\/wp\/v2\/types\/page"}],"author":[{"embeddable":true,"href":"https:\/\/balcells.cat\/ca\/wp-json\/wp\/v2\/users\/3"}],"replies":[{"embeddable":true,"href":"https:\/\/balcells.cat\/ca\/wp-json\/wp\/v2\/comments?post=70"}],"version-history":[{"count":0,"href":"https:\/\/balcells.cat\/ca\/wp-json\/wp\/v2\/pages\/70\/revisions"}],"up":[{"embeddable":true,"href":"https:\/\/balcells.cat\/ca\/wp-json\/wp\/v2\/pages\/55"}],"wp:attachment":[{"href":"https:\/\/balcells.cat\/ca\/wp-json\/wp\/v2\/media?parent=70"}],"curies":[{"name":"wp","href":"https:\/\/api.w.org\/{rel}","templated":true}]}}