{"id":806,"date":"2012-03-04T17:14:03","date_gmt":"2012-03-04T16:14:03","guid":{"rendered":"http:\/\/balcells.cat\/?page_id=806"},"modified":"2013-05-17T16:52:53","modified_gmt":"2013-05-17T14:52:53","slug":"arnau-balcells-ventura-es","status":"publish","type":"page","link":"https:\/\/balcells.cat\/ca\/quienes-somos\/arnau-balcells-ventura-es\/","title":{"rendered":"Arnau Balcells i Ventura"},"content":{"rendered":"<p><!--:CA--><\/p>\n<div id=\"attachment_642\" style=\"width: 280px\" class=\"wp-caption alignleft\"><img aria-describedby=\"caption-attachment-642\" decoding=\"async\" loading=\"lazy\" class=\"wp-image-642 \" alt=\"Arnau Balcells Ventura - fisioterapeuta\" src=\"http:\/\/balcells.cat\/wp-content\/uploads\/2013\/03\/Arnau-Balcells-Ventura.jpg\" width=\"270\" height=\"300\" srcset=\"https:\/\/balcells.cat\/wp-content\/uploads\/2013\/03\/Arnau-Balcells-Ventura.jpg 450w, https:\/\/balcells.cat\/wp-content\/uploads\/2013\/03\/Arnau-Balcells-Ventura-270x300.jpg 270w, https:\/\/balcells.cat\/wp-content\/uploads\/2013\/03\/Arnau-Balcells-Ventura-135x150.jpg 135w\" sizes=\"(max-width: 270px) 100vw, 270px\" \/><p id=\"caption-attachment-642\" class=\"wp-caption-text\">Arnau Balcells Ventura<br \/>Col. n\u00ba 9266<br \/>Diplomado en Fisioterapia<\/p><\/div>\n<p>Fisioterapeuta entusiasta, es la mano amiga que guia durante el proceso de recuperaci\u00f3n de las dolencias del aparato locomotor.<\/p>\n<p>Le gusta el contacto con el paciente y especialmente la recuperaci\u00f3n despu\u00e9s de intervenciones quir\u00fargicas.<\/p>\n<div>\n<p>Amante de todo tipo de deportes, ha cursado un Master en Fisioterapia del Deporte, profundizando en todos aquellos temas que tienen relaci\u00f3n con la prevenci\u00f3n, como el tratamiento de las lesiones deportivas o la recuperaci\u00f3n post desgaste f\u00edsico.<\/p>\n<\/div>\n<p><img decoding=\"async\" loading=\"lazy\" alt=\"l\u00ednia-blava\" src=\"http:\/\/balcells.cat\/wp-content\/uploads\/2012\/02\/l%C3%ADnia-blava.jpg\" width=\"1100\" height=\"9\" \/><\/p>\n<p><img decoding=\"async\" loading=\"lazy\" alt=\"header-web 75\" src=\"http:\/\/balcells.cat\/wp-content\/uploads\/2013\/03\/header-web-75.jpg\" width=\"770\" height=\"53\" \/><\/p>\n<p><strong>\u00a0<\/strong><\/p>\n<p>&nbsp;<\/p>\n<p><!--:--><\/p>\n","protected":false},"excerpt":{"rendered":"<p>Fisioterapeuta entusiasta, es la mano amiga que guia durante el proceso de recuperaci\u00f3n de las dolencias del aparato locomotor. Le gusta el contacto con el paciente y especialmente la recuperaci\u00f3n despu\u00e9s de intervenciones quir\u00fargicas. Amante de todo tipo de deportes, ha cursado un Master en Fisioterapia del Deporte, profundizando en todos aquellos temas que tienen [&hellip;]<\/p>\n","protected":false},"author":5,"featured_media":0,"parent":724,"menu_order":1,"comment_status":"closed","ping_status":"closed","template":"","meta":[],"yoast_head":"<!-- This site is optimized with the Yoast SEO plugin v21.8 - https:\/\/yoast.com\/wordpress\/plugins\/seo\/ -->\n<title>Arnau Balcells i Ventura - Balcells.cat<\/title>\n<meta name=\"robots\" content=\"index, follow, max-snippet:-1, max-image-preview:large, max-video-preview:-1\" \/>\n<link rel=\"canonical\" href=\"https:\/\/balcells.cat\/ca\/quienes-somos\/arnau-balcells-ventura-es\/\" \/>\n<meta property=\"og:locale\" content=\"ca_ES\" \/>\n<meta property=\"og:type\" content=\"article\" \/>\n<meta property=\"og:title\" content=\"Arnau Balcells i Ventura - Balcells.cat\" \/>\n<meta property=\"og:description\" content=\"Fisioterapeuta entusiasta, es la mano amiga que guia durante el proceso de recuperaci\u00f3n de las dolencias del aparato locomotor. Le gusta el contacto con el paciente y especialmente la recuperaci\u00f3n despu\u00e9s de intervenciones quir\u00fargicas. Amante de todo tipo de deportes, ha cursado un Master en Fisioterapia del Deporte, profundizando en todos aquellos temas que tienen [&hellip;]\" \/>\n<meta property=\"og:url\" content=\"https:\/\/balcells.cat\/ca\/quienes-somos\/arnau-balcells-ventura-es\/\" \/>\n<meta property=\"og:site_name\" content=\"Balcells.cat\" \/>\n<meta property=\"article:publisher\" content=\"https:\/\/www.facebook.com\/BalcellsCentreTraumatologiaiFisioterapia\/\" \/>\n<meta property=\"article:modified_time\" content=\"2013-05-17T14:52:53+00:00\" \/>\n<meta property=\"og:image\" content=\"http:\/\/balcells.cat\/wp-content\/uploads\/2013\/03\/Arnau-Balcells-Ventura.jpg\" \/>\n<script type=\"application\/ld+json\" class=\"yoast-schema-graph\">{\"@context\":\"https:\/\/schema.org\",\"@graph\":[{\"@type\":\"WebPage\",\"@id\":\"https:\/\/balcells.cat\/quienes-somos\/arnau-balcells-ventura-es\/\",\"url\":\"https:\/\/balcells.cat\/quienes-somos\/arnau-balcells-ventura-es\/\",\"name\":\"Arnau Balcells i Ventura - Balcells.cat\",\"isPartOf\":{\"@id\":\"https:\/\/balcells.cat\/#website\"},\"datePublished\":\"2012-03-04T16:14:03+00:00\",\"dateModified\":\"2013-05-17T14:52:53+00:00\",\"breadcrumb\":{\"@id\":\"https:\/\/balcells.cat\/quienes-somos\/arnau-balcells-ventura-es\/#breadcrumb\"},\"inLanguage\":\"ca\",\"potentialAction\":[{\"@type\":\"ReadAction\",\"target\":[\"https:\/\/balcells.cat\/quienes-somos\/arnau-balcells-ventura-es\/\"]}]},{\"@type\":\"BreadcrumbList\",\"@id\":\"https:\/\/balcells.cat\/quienes-somos\/arnau-balcells-ventura-es\/#breadcrumb\",\"itemListElement\":[{\"@type\":\"ListItem\",\"position\":1,\"name\":\"Quienes somos\",\"item\":\"https:\/\/balcells.cat\/quienes-somos\/\"},{\"@type\":\"ListItem\",\"position\":2,\"name\":\"Arnau Balcells i Ventura\"}]},{\"@type\":\"WebSite\",\"@id\":\"https:\/\/balcells.cat\/#website\",\"url\":\"https:\/\/balcells.cat\/\",\"name\":\"Balcells.cat\",\"description\":\"Centre de Traumatologia i Fisioter\u00e0pia\",\"potentialAction\":[{\"@type\":\"SearchAction\",\"target\":{\"@type\":\"EntryPoint\",\"urlTemplate\":\"https:\/\/balcells.cat\/?s={search_term_string}\"},\"query-input\":\"required name=search_term_string\"}],\"inLanguage\":\"ca\"}]}<\/script>\n<!-- \/ Yoast SEO plugin. -->","yoast_head_json":{"title":"Arnau Balcells i Ventura - Balcells.cat","robots":{"index":"index","follow":"follow","max-snippet":"max-snippet:-1","max-image-preview":"max-image-preview:large","max-video-preview":"max-video-preview:-1"},"canonical":"https:\/\/balcells.cat\/ca\/quienes-somos\/arnau-balcells-ventura-es\/","og_locale":"ca_ES","og_type":"article","og_title":"Arnau Balcells i Ventura - Balcells.cat","og_description":"Fisioterapeuta entusiasta, es la mano amiga que guia durante el proceso de recuperaci\u00f3n de las dolencias del aparato locomotor. Le gusta el contacto con el paciente y especialmente la recuperaci\u00f3n despu\u00e9s de intervenciones quir\u00fargicas. Amante de todo tipo de deportes, ha cursado un Master en Fisioterapia del Deporte, profundizando en todos aquellos temas que tienen [&hellip;]","og_url":"https:\/\/balcells.cat\/ca\/quienes-somos\/arnau-balcells-ventura-es\/","og_site_name":"Balcells.cat","article_publisher":"https:\/\/www.facebook.com\/BalcellsCentreTraumatologiaiFisioterapia\/","article_modified_time":"2013-05-17T14:52:53+00:00","og_image":[{"url":"http:\/\/balcells.cat\/wp-content\/uploads\/2013\/03\/Arnau-Balcells-Ventura.jpg"}],"schema":{"@context":"https:\/\/schema.org","@graph":[{"@type":"WebPage","@id":"https:\/\/balcells.cat\/quienes-somos\/arnau-balcells-ventura-es\/","url":"https:\/\/balcells.cat\/quienes-somos\/arnau-balcells-ventura-es\/","name":"Arnau Balcells i Ventura - Balcells.cat","isPartOf":{"@id":"https:\/\/balcells.cat\/#website"},"datePublished":"2012-03-04T16:14:03+00:00","dateModified":"2013-05-17T14:52:53+00:00","breadcrumb":{"@id":"https:\/\/balcells.cat\/quienes-somos\/arnau-balcells-ventura-es\/#breadcrumb"},"inLanguage":"ca","potentialAction":[{"@type":"ReadAction","target":["https:\/\/balcells.cat\/quienes-somos\/arnau-balcells-ventura-es\/"]}]},{"@type":"BreadcrumbList","@id":"https:\/\/balcells.cat\/quienes-somos\/arnau-balcells-ventura-es\/#breadcrumb","itemListElement":[{"@type":"ListItem","position":1,"name":"Quienes somos","item":"https:\/\/balcells.cat\/quienes-somos\/"},{"@type":"ListItem","position":2,"name":"Arnau Balcells i Ventura"}]},{"@type":"WebSite","@id":"https:\/\/balcells.cat\/#website","url":"https:\/\/balcells.cat\/","name":"Balcells.cat","description":"Centre de Traumatologia i Fisioter\u00e0pia","potentialAction":[{"@type":"SearchAction","target":{"@type":"EntryPoint","urlTemplate":"https:\/\/balcells.cat\/?s={search_term_string}"},"query-input":"required name=search_term_string"}],"inLanguage":"ca"}]}},"_links":{"self":[{"href":"https:\/\/balcells.cat\/ca\/wp-json\/wp\/v2\/pages\/806"}],"collection":[{"href":"https:\/\/balcells.cat\/ca\/wp-json\/wp\/v2\/pages"}],"about":[{"href":"https:\/\/balcells.cat\/ca\/wp-json\/wp\/v2\/types\/page"}],"author":[{"embeddable":true,"href":"https:\/\/balcells.cat\/ca\/wp-json\/wp\/v2\/users\/5"}],"replies":[{"embeddable":true,"href":"https:\/\/balcells.cat\/ca\/wp-json\/wp\/v2\/comments?post=806"}],"version-history":[{"count":0,"href":"https:\/\/balcells.cat\/ca\/wp-json\/wp\/v2\/pages\/806\/revisions"}],"up":[{"embeddable":true,"href":"https:\/\/balcells.cat\/ca\/wp-json\/wp\/v2\/pages\/724"}],"wp:attachment":[{"href":"https:\/\/balcells.cat\/ca\/wp-json\/wp\/v2\/media?parent=806"}],"curies":[{"name":"wp","href":"https:\/\/api.w.org\/{rel}","templated":true}]}}