{"id":818,"date":"2012-02-25T22:25:58","date_gmt":"2012-02-25T21:25:58","guid":{"rendered":"http:\/\/balcells.cat\/?page_id=818"},"modified":"2013-03-10T18:35:58","modified_gmt":"2013-03-10T17:35:58","slug":"traumatologia","status":"publish","type":"page","link":"https:\/\/balcells.cat\/ca\/servicios\/traumatologia\/","title":{"rendered":"Traumatolog\u00eda"},"content":{"rendered":"<p><a href=\"http:\/\/balcells.cat\/wp-content\/uploads\/2012\/02\/ist2_2452839-girl-with-a-broken-leg-on-crutches.jpg\"><img decoding=\"async\" loading=\"lazy\" class=\"alignright size-medium wp-image-335\" title=\"ist2_2452839-girl-with-a-broken-leg-on-crutches\" alt=\"\" src=\"http:\/\/balcells.cat\/wp-content\/uploads\/2012\/02\/ist2_2452839-girl-with-a-broken-leg-on-crutches-300x300.jpg\" width=\"300\" height=\"300\" srcset=\"https:\/\/balcells.cat\/wp-content\/uploads\/2012\/02\/ist2_2452839-girl-with-a-broken-leg-on-crutches-300x300.jpg 300w, https:\/\/balcells.cat\/wp-content\/uploads\/2012\/02\/ist2_2452839-girl-with-a-broken-leg-on-crutches-150x150.jpg 150w, https:\/\/balcells.cat\/wp-content\/uploads\/2012\/02\/ist2_2452839-girl-with-a-broken-leg-on-crutches.jpg 380w\" sizes=\"(max-width: 300px) 100vw, 300px\" \/><\/a><\/p>\n<ul>\n<li>Diagn\u00f3stico y tratamiento de\u00a0fracturas<\/li>\n<li>Tratamiento de lesiones\u00a0articulares<\/li>\n<li>Tratamiento de lesiones ligamentosas<\/li>\n<li>Inmovilizaciones funcionales<\/li>\n<li>Tratamiento de lesiones deportivas<\/li>\n<li>Cirug\u00eda m\u00ednimamente invasiva<\/li>\n<li><strong><span style=\"color: #88ade3;\"><a title=\"Factores de crecimiento\" href=\"http:\/\/balcells.cat\/es\/servicios\/traumatologia\/factores-de-crecimiento\/\" target=\"_blank\"><span style=\"color: #88ade3;\">Tratamiento con factores de crecimiento&gt;&gt;<\/span><\/a><\/span><\/strong><\/li>\n<li>Si se requiere intervenci\u00f3n quir\u00fargica, \u00e9sta tendr\u00eda lugar en el <strong><span style=\"color: #88ade3;\"><a title=\"Hospital Quiron BCN\" href=\"http:\/\/www.quiron.es\/red_hospitalaria\/hospitales\/intro\/index.php?Ng==&amp;ZXM=&amp;&amp;MQ==&amp;\" target=\"_blank\"><span style=\"color: #88ade3;\">Hospital Quir\u00f3n de Barcelona&gt;&gt;<\/span><\/a><\/span><\/strong><\/li>\n<\/ul>\n<p><img decoding=\"async\" loading=\"lazy\" alt=\"l\u00ednia-blava\" src=\"http:\/\/balcells.cat\/wp-content\/uploads\/2012\/02\/l%C3%ADnia-blava.jpg\" width=\"1100\" height=\"9\" \/>\u00a0<img decoding=\"async\" loading=\"lazy\" alt=\"header-web 75\" src=\"http:\/\/balcells.cat\/wp-content\/uploads\/2013\/03\/header-web-75.jpg\" width=\"770\" height=\"53\" \/><\/p>\n<div style=\"width: 170px\" class=\"wp-caption alignnone\"><img decoding=\"async\" loading=\"lazy\" style=\"font-size: 12px; line-height: 18px;\" alt=\"logo assit\u00e8ncia sanit\u00e0ria\" src=\"http:\/\/balcells.cat\/wp-content\/uploads\/2013\/03\/logo-assit\u00e8ncia-sanit\u00e0ria.jpg\" width=\"160\" height=\"153\" \/><p class=\"wp-caption-text\">Actualmente damos servicio a pacientes asegurados con Assit\u00e8ncia Sanit\u00e0ria<\/p><\/div>\n<p>&nbsp;<\/p>\n<p><!--:--><!--:en--><\/p>\n<h1><span style=\"font-size: 14px;\"><span style=\"font-family: arial,helvetica,sans-serif;\">\u00a0<\/span><\/span><\/h1>\n<p><!--:--><\/p>\n","protected":false},"excerpt":{"rendered":"<p>Diagn\u00f3stico y tratamiento de\u00a0fracturas Tratamiento de lesiones\u00a0articulares Tratamiento de lesiones ligamentosas Inmovilizaciones funcionales Tratamiento de lesiones deportivas Cirug\u00eda m\u00ednimamente invasiva Tratamiento con factores de crecimiento&gt;&gt; Si se requiere intervenci\u00f3n quir\u00fargica, \u00e9sta tendr\u00eda lugar en el Hospital Quir\u00f3n de Barcelona&gt;&gt; \u00a0 &nbsp; \u00a0<\/p>\n","protected":false},"author":5,"featured_media":0,"parent":924,"menu_order":1,"comment_status":"closed","ping_status":"closed","template":"","meta":[],"yoast_head":"<!-- This site is optimized with the Yoast SEO plugin v21.8 - https:\/\/yoast.com\/wordpress\/plugins\/seo\/ -->\n<title>Traumatolog\u00eda - Balcells.cat<\/title>\n<meta name=\"robots\" content=\"index, follow, max-snippet:-1, max-image-preview:large, max-video-preview:-1\" \/>\n<link rel=\"canonical\" href=\"https:\/\/balcells.cat\/ca\/servicios\/traumatologia\/\" \/>\n<meta property=\"og:locale\" content=\"ca_ES\" \/>\n<meta property=\"og:type\" content=\"article\" \/>\n<meta property=\"og:title\" content=\"Traumatolog\u00eda - Balcells.cat\" \/>\n<meta property=\"og:description\" content=\"Diagn\u00f3stico y tratamiento de\u00a0fracturas Tratamiento de lesiones\u00a0articulares Tratamiento de lesiones ligamentosas Inmovilizaciones funcionales Tratamiento de lesiones deportivas Cirug\u00eda m\u00ednimamente invasiva Tratamiento con factores de crecimiento&gt;&gt; Si se requiere intervenci\u00f3n quir\u00fargica, \u00e9sta tendr\u00eda lugar en el Hospital Quir\u00f3n de Barcelona&gt;&gt; \u00a0 &nbsp; \u00a0\" \/>\n<meta property=\"og:url\" content=\"https:\/\/balcells.cat\/ca\/servicios\/traumatologia\/\" \/>\n<meta property=\"og:site_name\" content=\"Balcells.cat\" \/>\n<meta property=\"article:publisher\" content=\"https:\/\/www.facebook.com\/BalcellsCentreTraumatologiaiFisioterapia\/\" \/>\n<meta property=\"article:modified_time\" content=\"2013-03-10T17:35:58+00:00\" \/>\n<meta property=\"og:image\" content=\"http:\/\/balcells.cat\/wp-content\/uploads\/2012\/02\/ist2_2452839-girl-with-a-broken-leg-on-crutches-300x300.jpg\" \/>\n<script type=\"application\/ld+json\" class=\"yoast-schema-graph\">{\"@context\":\"https:\/\/schema.org\",\"@graph\":[{\"@type\":\"WebPage\",\"@id\":\"https:\/\/balcells.cat\/servicios\/traumatologia\/\",\"url\":\"https:\/\/balcells.cat\/servicios\/traumatologia\/\",\"name\":\"Traumatolog\u00eda - Balcells.cat\",\"isPartOf\":{\"@id\":\"https:\/\/balcells.cat\/#website\"},\"datePublished\":\"2012-02-25T21:25:58+00:00\",\"dateModified\":\"2013-03-10T17:35:58+00:00\",\"breadcrumb\":{\"@id\":\"https:\/\/balcells.cat\/servicios\/traumatologia\/#breadcrumb\"},\"inLanguage\":\"ca\",\"potentialAction\":[{\"@type\":\"ReadAction\",\"target\":[\"https:\/\/balcells.cat\/servicios\/traumatologia\/\"]}]},{\"@type\":\"BreadcrumbList\",\"@id\":\"https:\/\/balcells.cat\/servicios\/traumatologia\/#breadcrumb\",\"itemListElement\":[{\"@type\":\"ListItem\",\"position\":1,\"name\":\"Servicios\",\"item\":\"https:\/\/balcells.cat\/servicios\/\"},{\"@type\":\"ListItem\",\"position\":2,\"name\":\"Traumatolog\u00eda\"}]},{\"@type\":\"WebSite\",\"@id\":\"https:\/\/balcells.cat\/#website\",\"url\":\"https:\/\/balcells.cat\/\",\"name\":\"Balcells.cat\",\"description\":\"Centre de Traumatologia i Fisioter\u00e0pia\",\"potentialAction\":[{\"@type\":\"SearchAction\",\"target\":{\"@type\":\"EntryPoint\",\"urlTemplate\":\"https:\/\/balcells.cat\/?s={search_term_string}\"},\"query-input\":\"required name=search_term_string\"}],\"inLanguage\":\"ca\"}]}<\/script>\n<!-- \/ Yoast SEO plugin. -->","yoast_head_json":{"title":"Traumatolog\u00eda - Balcells.cat","robots":{"index":"index","follow":"follow","max-snippet":"max-snippet:-1","max-image-preview":"max-image-preview:large","max-video-preview":"max-video-preview:-1"},"canonical":"https:\/\/balcells.cat\/ca\/servicios\/traumatologia\/","og_locale":"ca_ES","og_type":"article","og_title":"Traumatolog\u00eda - Balcells.cat","og_description":"Diagn\u00f3stico y tratamiento de\u00a0fracturas Tratamiento de lesiones\u00a0articulares Tratamiento de lesiones ligamentosas Inmovilizaciones funcionales Tratamiento de lesiones deportivas Cirug\u00eda m\u00ednimamente invasiva Tratamiento con factores de crecimiento&gt;&gt; Si se requiere intervenci\u00f3n quir\u00fargica, \u00e9sta tendr\u00eda lugar en el Hospital Quir\u00f3n de Barcelona&gt;&gt; \u00a0 &nbsp; \u00a0","og_url":"https:\/\/balcells.cat\/ca\/servicios\/traumatologia\/","og_site_name":"Balcells.cat","article_publisher":"https:\/\/www.facebook.com\/BalcellsCentreTraumatologiaiFisioterapia\/","article_modified_time":"2013-03-10T17:35:58+00:00","og_image":[{"url":"http:\/\/balcells.cat\/wp-content\/uploads\/2012\/02\/ist2_2452839-girl-with-a-broken-leg-on-crutches-300x300.jpg"}],"schema":{"@context":"https:\/\/schema.org","@graph":[{"@type":"WebPage","@id":"https:\/\/balcells.cat\/servicios\/traumatologia\/","url":"https:\/\/balcells.cat\/servicios\/traumatologia\/","name":"Traumatolog\u00eda - Balcells.cat","isPartOf":{"@id":"https:\/\/balcells.cat\/#website"},"datePublished":"2012-02-25T21:25:58+00:00","dateModified":"2013-03-10T17:35:58+00:00","breadcrumb":{"@id":"https:\/\/balcells.cat\/servicios\/traumatologia\/#breadcrumb"},"inLanguage":"ca","potentialAction":[{"@type":"ReadAction","target":["https:\/\/balcells.cat\/servicios\/traumatologia\/"]}]},{"@type":"BreadcrumbList","@id":"https:\/\/balcells.cat\/servicios\/traumatologia\/#breadcrumb","itemListElement":[{"@type":"ListItem","position":1,"name":"Servicios","item":"https:\/\/balcells.cat\/servicios\/"},{"@type":"ListItem","position":2,"name":"Traumatolog\u00eda"}]},{"@type":"WebSite","@id":"https:\/\/balcells.cat\/#website","url":"https:\/\/balcells.cat\/","name":"Balcells.cat","description":"Centre de Traumatologia i Fisioter\u00e0pia","potentialAction":[{"@type":"SearchAction","target":{"@type":"EntryPoint","urlTemplate":"https:\/\/balcells.cat\/?s={search_term_string}"},"query-input":"required name=search_term_string"}],"inLanguage":"ca"}]}},"_links":{"self":[{"href":"https:\/\/balcells.cat\/ca\/wp-json\/wp\/v2\/pages\/818"}],"collection":[{"href":"https:\/\/balcells.cat\/ca\/wp-json\/wp\/v2\/pages"}],"about":[{"href":"https:\/\/balcells.cat\/ca\/wp-json\/wp\/v2\/types\/page"}],"author":[{"embeddable":true,"href":"https:\/\/balcells.cat\/ca\/wp-json\/wp\/v2\/users\/5"}],"replies":[{"embeddable":true,"href":"https:\/\/balcells.cat\/ca\/wp-json\/wp\/v2\/comments?post=818"}],"version-history":[{"count":0,"href":"https:\/\/balcells.cat\/ca\/wp-json\/wp\/v2\/pages\/818\/revisions"}],"up":[{"embeddable":true,"href":"https:\/\/balcells.cat\/ca\/wp-json\/wp\/v2\/pages\/924"}],"wp:attachment":[{"href":"https:\/\/balcells.cat\/ca\/wp-json\/wp\/v2\/media?parent=818"}],"curies":[{"name":"wp","href":"https:\/\/api.w.org\/{rel}","templated":true}]}}