{"id":833,"date":"2012-02-25T22:30:24","date_gmt":"2012-02-25T21:30:24","guid":{"rendered":"http:\/\/balcells.cat\/?page_id=833"},"modified":"2013-05-17T18:41:05","modified_gmt":"2013-05-17T16:41:05","slug":"cirugia-ortopedica","status":"publish","type":"page","link":"https:\/\/balcells.cat\/ca\/servicios\/cirugia-ortopedica\/","title":{"rendered":"Cirug\u00eda Ortop\u00e9dica"},"content":{"rendered":"<p><!--:CA--><\/p>\n<p><span style=\"font-size: 14px;\"><span><span style=\"font-family: arial, helvetica, sans-serif;\"><img decoding=\"async\" loading=\"lazy\" class=\"alignright  wp-image-601\" alt=\"RX - Balcells Centre de Traumatologia i Fisioter\u00e0pia\" src=\"http:\/\/balcells.cat\/wp-content\/uploads\/2013\/03\/rx.jpg\" width=\"432\" height=\"168\" srcset=\"https:\/\/balcells.cat\/wp-content\/uploads\/2013\/03\/rx.jpg 900w, https:\/\/balcells.cat\/wp-content\/uploads\/2013\/03\/rx-300x116.jpg 300w, https:\/\/balcells.cat\/wp-content\/uploads\/2013\/03\/rx-250x97.jpg 250w\" sizes=\"(max-width: 432px) 100vw, 432px\" \/><\/span><\/span><\/span><\/p>\n<ul>\n<li>Diagn\u00f3stico y tratamiento de las afecciones articulares.<\/li>\n<li>Recambios articulares: rodilla, cadera, hombro.<\/li>\n<li>Alteraciones de la anatom\u00eda de los pies.<\/li>\n<li>Dolor de espalda.<\/li>\n<li>Tratamiento de secuelas traum\u00e1ticas.<\/li>\n<li><a title=\"Factores de crecimiento\" href=\"\/?page_id=981\" target=\"_blank\"><strong><span style=\"color: #88ade3;\"><span style=\"color: #88ade3;\">Tratamiento con factores de crecimiento<\/span>&gt;&gt;<\/span><\/strong><\/a>.<\/li>\n<li>Segundas opiniones<\/li>\n<li>Si se requiere intervenci\u00f3n quir\u00fargica, \u00e9sta tendr\u00eda lugar en el\u00a0<a title=\"Hospital Quiron BCN\" href=\"http:\/\/www.quiron.es\/red_hospitalaria\/hospitales\/intro\/index.php?Ng==&amp;ZXM=&amp;&amp;MQ==&amp;\" target=\"_blank\"><strong><span style=\"color: #88ade3;\"><span style=\"color: #88ade3;\">Hospital Quir\u00f3n de Barcelona<\/span>&gt;&gt;<\/span><\/strong><\/a><\/li>\n<\/ul>\n<p><img decoding=\"async\" loading=\"lazy\" alt=\"l\u00ednia-blava\" src=\"http:\/\/balcells.cat\/wp-content\/uploads\/2012\/02\/l%C3%ADnia-blava.jpg\" width=\"1100\" height=\"9\" \/><\/p>\n<p><img decoding=\"async\" loading=\"lazy\" alt=\"header-web 75\" src=\"http:\/\/balcells.cat\/wp-content\/uploads\/2013\/03\/header-web-75.jpg\" width=\"770\" height=\"53\" \/><\/p>\n<div id=\"attachment_603\" style=\"width: 150px\" class=\"wp-caption alignnone\"><img aria-describedby=\"caption-attachment-603\" decoding=\"async\" loading=\"lazy\" class=\" wp-image-603\" alt=\"logo assit\u00e8ncia sanit\u00e0ria\" src=\"http:\/\/balcells.cat\/wp-content\/uploads\/2013\/03\/logo-assit\u00e8ncia-sanit\u00e0ria.jpg\" width=\"140\" height=\"134\" srcset=\"https:\/\/balcells.cat\/wp-content\/uploads\/2013\/03\/logo-assit\u00e8ncia-sanit\u00e0ria.jpg 200w, https:\/\/balcells.cat\/wp-content\/uploads\/2013\/03\/logo-assit\u00e8ncia-sanit\u00e0ria-157x150.jpg 157w\" sizes=\"(max-width: 140px) 100vw, 140px\" \/><p id=\"caption-attachment-603\" class=\"wp-caption-text\">Actualmente damos servicio a pacientes asegurados con Assit\u00e8ncia Sanit\u00e0ria<\/p><\/div>\n<h1 style=\"margin-left: 18pt;\"><span style=\"font-size: 16px;\">\u00a0<\/span><\/h1>\n<p><!--:--><\/p>\n","protected":false},"excerpt":{"rendered":"<p>Diagn\u00f3stico y tratamiento de las afecciones articulares. Recambios articulares: rodilla, cadera, hombro. Alteraciones de la anatom\u00eda de los pies. Dolor de espalda. Tratamiento de secuelas traum\u00e1ticas. Tratamiento con factores de crecimiento&gt;&gt;. Segundas opiniones Si se requiere intervenci\u00f3n quir\u00fargica, \u00e9sta tendr\u00eda lugar en el\u00a0Hospital Quir\u00f3n de Barcelona&gt;&gt; \u00a0<\/p>\n","protected":false},"author":5,"featured_media":0,"parent":924,"menu_order":3,"comment_status":"closed","ping_status":"closed","template":"","meta":[],"yoast_head":"<!-- This site is optimized with the Yoast SEO plugin v21.8 - https:\/\/yoast.com\/wordpress\/plugins\/seo\/ -->\n<title>Cirug\u00eda Ortop\u00e9dica - Balcells.cat<\/title>\n<meta name=\"robots\" content=\"index, follow, max-snippet:-1, max-image-preview:large, max-video-preview:-1\" \/>\n<link rel=\"canonical\" href=\"https:\/\/balcells.cat\/ca\/servicios\/cirugia-ortopedica\/\" \/>\n<meta property=\"og:locale\" content=\"ca_ES\" \/>\n<meta property=\"og:type\" content=\"article\" \/>\n<meta property=\"og:title\" content=\"Cirug\u00eda Ortop\u00e9dica - Balcells.cat\" \/>\n<meta property=\"og:description\" content=\"Diagn\u00f3stico y tratamiento de las afecciones articulares. Recambios articulares: rodilla, cadera, hombro. Alteraciones de la anatom\u00eda de los pies. Dolor de espalda. Tratamiento de secuelas traum\u00e1ticas. Tratamiento con factores de crecimiento&gt;&gt;. Segundas opiniones Si se requiere intervenci\u00f3n quir\u00fargica, \u00e9sta tendr\u00eda lugar en el\u00a0Hospital Quir\u00f3n de Barcelona&gt;&gt; \u00a0\" \/>\n<meta property=\"og:url\" content=\"https:\/\/balcells.cat\/ca\/servicios\/cirugia-ortopedica\/\" \/>\n<meta property=\"og:site_name\" content=\"Balcells.cat\" \/>\n<meta property=\"article:publisher\" content=\"https:\/\/www.facebook.com\/BalcellsCentreTraumatologiaiFisioterapia\/\" \/>\n<meta property=\"article:modified_time\" content=\"2013-05-17T16:41:05+00:00\" \/>\n<meta property=\"og:image\" content=\"http:\/\/balcells.cat\/wp-content\/uploads\/2013\/03\/rx.jpg\" \/>\n<script type=\"application\/ld+json\" class=\"yoast-schema-graph\">{\"@context\":\"https:\/\/schema.org\",\"@graph\":[{\"@type\":\"WebPage\",\"@id\":\"https:\/\/balcells.cat\/servicios\/cirugia-ortopedica\/\",\"url\":\"https:\/\/balcells.cat\/servicios\/cirugia-ortopedica\/\",\"name\":\"Cirug\u00eda Ortop\u00e9dica - Balcells.cat\",\"isPartOf\":{\"@id\":\"https:\/\/balcells.cat\/#website\"},\"datePublished\":\"2012-02-25T21:30:24+00:00\",\"dateModified\":\"2013-05-17T16:41:05+00:00\",\"breadcrumb\":{\"@id\":\"https:\/\/balcells.cat\/servicios\/cirugia-ortopedica\/#breadcrumb\"},\"inLanguage\":\"ca\",\"potentialAction\":[{\"@type\":\"ReadAction\",\"target\":[\"https:\/\/balcells.cat\/servicios\/cirugia-ortopedica\/\"]}]},{\"@type\":\"BreadcrumbList\",\"@id\":\"https:\/\/balcells.cat\/servicios\/cirugia-ortopedica\/#breadcrumb\",\"itemListElement\":[{\"@type\":\"ListItem\",\"position\":1,\"name\":\"Servicios\",\"item\":\"https:\/\/balcells.cat\/servicios\/\"},{\"@type\":\"ListItem\",\"position\":2,\"name\":\"Cirug\u00eda Ortop\u00e9dica\"}]},{\"@type\":\"WebSite\",\"@id\":\"https:\/\/balcells.cat\/#website\",\"url\":\"https:\/\/balcells.cat\/\",\"name\":\"Balcells.cat\",\"description\":\"Centre de Traumatologia i Fisioter\u00e0pia\",\"potentialAction\":[{\"@type\":\"SearchAction\",\"target\":{\"@type\":\"EntryPoint\",\"urlTemplate\":\"https:\/\/balcells.cat\/?s={search_term_string}\"},\"query-input\":\"required name=search_term_string\"}],\"inLanguage\":\"ca\"}]}<\/script>\n<!-- \/ Yoast SEO plugin. -->","yoast_head_json":{"title":"Cirug\u00eda Ortop\u00e9dica - Balcells.cat","robots":{"index":"index","follow":"follow","max-snippet":"max-snippet:-1","max-image-preview":"max-image-preview:large","max-video-preview":"max-video-preview:-1"},"canonical":"https:\/\/balcells.cat\/ca\/servicios\/cirugia-ortopedica\/","og_locale":"ca_ES","og_type":"article","og_title":"Cirug\u00eda Ortop\u00e9dica - Balcells.cat","og_description":"Diagn\u00f3stico y tratamiento de las afecciones articulares. Recambios articulares: rodilla, cadera, hombro. Alteraciones de la anatom\u00eda de los pies. Dolor de espalda. Tratamiento de secuelas traum\u00e1ticas. Tratamiento con factores de crecimiento&gt;&gt;. Segundas opiniones Si se requiere intervenci\u00f3n quir\u00fargica, \u00e9sta tendr\u00eda lugar en el\u00a0Hospital Quir\u00f3n de Barcelona&gt;&gt; \u00a0","og_url":"https:\/\/balcells.cat\/ca\/servicios\/cirugia-ortopedica\/","og_site_name":"Balcells.cat","article_publisher":"https:\/\/www.facebook.com\/BalcellsCentreTraumatologiaiFisioterapia\/","article_modified_time":"2013-05-17T16:41:05+00:00","og_image":[{"url":"http:\/\/balcells.cat\/wp-content\/uploads\/2013\/03\/rx.jpg"}],"schema":{"@context":"https:\/\/schema.org","@graph":[{"@type":"WebPage","@id":"https:\/\/balcells.cat\/servicios\/cirugia-ortopedica\/","url":"https:\/\/balcells.cat\/servicios\/cirugia-ortopedica\/","name":"Cirug\u00eda Ortop\u00e9dica - Balcells.cat","isPartOf":{"@id":"https:\/\/balcells.cat\/#website"},"datePublished":"2012-02-25T21:30:24+00:00","dateModified":"2013-05-17T16:41:05+00:00","breadcrumb":{"@id":"https:\/\/balcells.cat\/servicios\/cirugia-ortopedica\/#breadcrumb"},"inLanguage":"ca","potentialAction":[{"@type":"ReadAction","target":["https:\/\/balcells.cat\/servicios\/cirugia-ortopedica\/"]}]},{"@type":"BreadcrumbList","@id":"https:\/\/balcells.cat\/servicios\/cirugia-ortopedica\/#breadcrumb","itemListElement":[{"@type":"ListItem","position":1,"name":"Servicios","item":"https:\/\/balcells.cat\/servicios\/"},{"@type":"ListItem","position":2,"name":"Cirug\u00eda Ortop\u00e9dica"}]},{"@type":"WebSite","@id":"https:\/\/balcells.cat\/#website","url":"https:\/\/balcells.cat\/","name":"Balcells.cat","description":"Centre de Traumatologia i Fisioter\u00e0pia","potentialAction":[{"@type":"SearchAction","target":{"@type":"EntryPoint","urlTemplate":"https:\/\/balcells.cat\/?s={search_term_string}"},"query-input":"required name=search_term_string"}],"inLanguage":"ca"}]}},"_links":{"self":[{"href":"https:\/\/balcells.cat\/ca\/wp-json\/wp\/v2\/pages\/833"}],"collection":[{"href":"https:\/\/balcells.cat\/ca\/wp-json\/wp\/v2\/pages"}],"about":[{"href":"https:\/\/balcells.cat\/ca\/wp-json\/wp\/v2\/types\/page"}],"author":[{"embeddable":true,"href":"https:\/\/balcells.cat\/ca\/wp-json\/wp\/v2\/users\/5"}],"replies":[{"embeddable":true,"href":"https:\/\/balcells.cat\/ca\/wp-json\/wp\/v2\/comments?post=833"}],"version-history":[{"count":0,"href":"https:\/\/balcells.cat\/ca\/wp-json\/wp\/v2\/pages\/833\/revisions"}],"up":[{"embeddable":true,"href":"https:\/\/balcells.cat\/ca\/wp-json\/wp\/v2\/pages\/924"}],"wp:attachment":[{"href":"https:\/\/balcells.cat\/ca\/wp-json\/wp\/v2\/media?parent=833"}],"curies":[{"name":"wp","href":"https:\/\/api.w.org\/{rel}","templated":true}]}}