{"id":882,"date":"2012-03-04T18:02:25","date_gmt":"2013-03-10T12:17:49","guid":{"rendered":"http:\/\/balcells.cat\/?page_id=882"},"modified":"2013-05-17T18:53:19","modified_gmt":"2013-05-17T16:53:19","slug":"fisioterapia-respiratoria","status":"publish","type":"page","link":"https:\/\/balcells.cat\/ca\/servicios\/fisioterapia\/fisioterapia-respiratoria\/","title":{"rendered":"Fisioterapia Respiratoria"},"content":{"rendered":"<p><!--:CA--><\/p>\n<p><strong><span style=\"color: #88ade3;\">Tratamientos de fisioterapia respiratoria infantil:<\/span><\/strong><\/p>\n<ul>\n<li>Bronquiolitis.<\/li>\n<li>Bronquitis.<\/li>\n<li>Pneumon\u00eda.<\/li>\n<li>Asma.<\/li>\n<li>Fibrosis qu\u00edstica.<img decoding=\"async\" loading=\"lazy\" class=\"alignright size-medium wp-image-877\" alt=\"fisioterapia respirat\u00f2ria\" src=\"http:\/\/balcells.cat\/wp-content\/uploads\/2012\/03\/fisioterapia-respirat\u00f2ria-300x200.jpg\" width=\"300\" height=\"200\" srcset=\"https:\/\/balcells.cat\/wp-content\/uploads\/2012\/03\/fisioterapia-respirat\u00f2ria-300x200.jpg 300w, https:\/\/balcells.cat\/wp-content\/uploads\/2012\/03\/fisioterapia-respirat\u00f2ria-224x150.jpg 224w, https:\/\/balcells.cat\/wp-content\/uploads\/2012\/03\/fisioterapia-respirat\u00f2ria.jpg 568w\" sizes=\"(max-width: 300px) 100vw, 300px\" \/><\/li>\n<li>Bronquiectasia.<\/li>\n<li>Infecciones respiratorias recidivantes (d\u00e9ficit inmunitario, inmovilidad ciliar, displasia broncoplumonar, d\u00e9ficit motriz&#8230;)<\/li>\n<li>Enfermedades neuromusculares, distrofias musculares&#8230;<\/li>\n<\/ul>\n<p><span style=\"font-size: 14px;\"><span style=\"font-family: arial,helvetica,sans-serif;\">\u200b<\/span><\/span><\/p>\n<p><strong><span style=\"color: #88ade3;\">T\u00e9cnicas de drenaje:<\/span><\/strong><\/p>\n<ul>\n<li>\u00a0 Elpr (Expiraci\u00f3n lenta prolongada)<\/li>\n<li>\u00a0 EDIC (Ejercicio a D\u00e9bito Inspiratorio Controlado)<\/li>\n<li>\u00a0 AFE (Aumento del Flujo Expiratorio)<\/li>\n<li>\u00a0 TEF( T\u00e9cnica de Expiraci\u00f3n Forzada)<\/li>\n<li>\u00a0 ELTGOL ( Expiraci\u00f3n Lenta Prolongada con Glotis Abierta)<\/li>\n<li>\u00a0 Drenaje aut\u00f3geno<\/li>\n<\/ul>\n<p><span style=\"font-size: medium;\"><span style=\"line-height: 24px;\">\u00a0<\/span><\/span><\/p>\n<p><strong><span style=\"color: #88ade3;\">\u200bT\u00e9cnicas de ventilaci\u00f3n:<\/span><\/strong><\/p>\n<ul>\n<li>Reeducaci\u00f3n del di\u00e1metro vertical: respiraciones abdominales potenciando el diafragma y reeducando la respiraci\u00f3n abdominal.<\/li>\n<li>Reeducaci\u00f3n di\u00e1metro transverso: respiraci\u00f3n costal.<\/li>\n<\/ul>\n<p><img decoding=\"async\" loading=\"lazy\" class=\"alignright  wp-image-878\" style=\"font-size: 14px;\" alt=\"incentivador respiraci\u00f3n\" src=\"http:\/\/balcells.cat\/wp-content\/uploads\/2012\/03\/incentivador-respiraci\u00f3n.jpg\" width=\"240\" height=\"325\" srcset=\"https:\/\/balcells.cat\/wp-content\/uploads\/2012\/03\/incentivador-respiraci\u00f3n.jpg 300w, https:\/\/balcells.cat\/wp-content\/uploads\/2012\/03\/incentivador-respiraci\u00f3n-221x300.jpg 221w, https:\/\/balcells.cat\/wp-content\/uploads\/2012\/03\/incentivador-respiraci\u00f3n-110x150.jpg 110w\" sizes=\"(max-width: 240px) 100vw, 240px\" \/><\/p>\n<p><strong><span style=\"color: #88ade3;\">T\u00e9cnicas con ayuda instrumental:<\/span><\/strong><span style=\"font-size: 14px;\"><span style=\"font-family: arial,helvetica,sans-serif;\"><br \/>\n<\/span><\/span><\/p>\n<ul>\n<li>Incentivadores de la inspiraci\u00f3n.<\/li>\n<li>Expiraci\u00f3n incentivada y\/o resistida.<\/li>\n<\/ul>\n<p><span style=\"font-size: 14px;\"><span style=\"font-family: arial,helvetica,sans-serif;\">\u200b<\/span><\/span><\/p>\n<p><strong><span style=\"color: #88ade3;\">Programas espec\u00edficos para la fibrosis qu\u00edstica y asma.<\/span><\/strong><\/p>\n<p>&nbsp;<\/p>\n<p>&nbsp;<\/p>\n<p><img decoding=\"async\" loading=\"lazy\" alt=\"l\u00ednia-blava\" src=\"http:\/\/balcells.cat\/wp-content\/uploads\/2012\/02\/l%C3%ADnia-blava.jpg\" width=\"1100\" height=\"9\" \/><\/p>\n<p><img decoding=\"async\" loading=\"lazy\" alt=\"header-web 75\" src=\"http:\/\/balcells.cat\/wp-content\/uploads\/2013\/03\/header-web-75.jpg\" width=\"770\" height=\"53\" \/><\/p>\n<p>&nbsp;<\/p>\n<div>\n<div><span style=\"font-size: 14px;\">\u00a0<\/span><\/div>\n<\/div>\n<p><!--:--><\/p>\n","protected":false},"excerpt":{"rendered":"<p>Tratamientos de fisioterapia respiratoria infantil: Bronquiolitis. Bronquitis. Pneumon\u00eda. Asma. Fibrosis qu\u00edstica. Bronquiectasia. Infecciones respiratorias recidivantes (d\u00e9ficit inmunitario, inmovilidad ciliar, displasia broncoplumonar, d\u00e9ficit motriz&#8230;) Enfermedades neuromusculares, distrofias musculares&#8230; \u200b T\u00e9cnicas de drenaje: \u00a0 Elpr (Expiraci\u00f3n lenta prolongada) \u00a0 EDIC (Ejercicio a D\u00e9bito Inspiratorio Controlado) \u00a0 AFE (Aumento del Flujo Expiratorio) \u00a0 TEF( T\u00e9cnica de Expiraci\u00f3n Forzada) [&hellip;]<\/p>\n","protected":false},"author":5,"featured_media":0,"parent":852,"menu_order":0,"comment_status":"closed","ping_status":"closed","template":"","meta":[],"yoast_head":"<!-- This site is optimized with the Yoast SEO plugin v21.8 - https:\/\/yoast.com\/wordpress\/plugins\/seo\/ -->\n<title>Fisioterapia Respiratoria - Balcells.cat<\/title>\n<meta name=\"robots\" content=\"index, follow, max-snippet:-1, max-image-preview:large, max-video-preview:-1\" \/>\n<link rel=\"canonical\" href=\"https:\/\/balcells.cat\/ca\/servicios\/fisioterapia\/fisioterapia-respiratoria\/\" \/>\n<meta property=\"og:locale\" content=\"ca_ES\" \/>\n<meta property=\"og:type\" content=\"article\" \/>\n<meta property=\"og:title\" content=\"Fisioterapia Respiratoria - Balcells.cat\" \/>\n<meta property=\"og:description\" content=\"Tratamientos de fisioterapia respiratoria infantil: Bronquiolitis. Bronquitis. Pneumon\u00eda. Asma. Fibrosis qu\u00edstica. Bronquiectasia. Infecciones respiratorias recidivantes (d\u00e9ficit inmunitario, inmovilidad ciliar, displasia broncoplumonar, d\u00e9ficit motriz&#8230;) Enfermedades neuromusculares, distrofias musculares&#8230; \u200b T\u00e9cnicas de drenaje: \u00a0 Elpr (Expiraci\u00f3n lenta prolongada) \u00a0 EDIC (Ejercicio a D\u00e9bito Inspiratorio Controlado) \u00a0 AFE (Aumento del Flujo Expiratorio) \u00a0 TEF( T\u00e9cnica de Expiraci\u00f3n Forzada) [&hellip;]\" \/>\n<meta property=\"og:url\" content=\"https:\/\/balcells.cat\/ca\/servicios\/fisioterapia\/fisioterapia-respiratoria\/\" \/>\n<meta property=\"og:site_name\" content=\"Balcells.cat\" \/>\n<meta property=\"article:publisher\" content=\"https:\/\/www.facebook.com\/BalcellsCentreTraumatologiaiFisioterapia\/\" \/>\n<meta property=\"article:modified_time\" content=\"2013-05-17T16:53:19+00:00\" \/>\n<meta property=\"og:image\" content=\"http:\/\/balcells.cat\/wp-content\/uploads\/2012\/02\/l%C3%ADnia-blava.jpg\" \/>\n<meta name=\"twitter:label1\" content=\"Temps estimat de lectura\" \/>\n\t<meta name=\"twitter:data1\" content=\"1 minut\" \/>\n<script type=\"application\/ld+json\" class=\"yoast-schema-graph\">{\"@context\":\"https:\/\/schema.org\",\"@graph\":[{\"@type\":\"WebPage\",\"@id\":\"https:\/\/balcells.cat\/servicios\/fisioterapia\/fisioterapia-respiratoria\/\",\"url\":\"https:\/\/balcells.cat\/servicios\/fisioterapia\/fisioterapia-respiratoria\/\",\"name\":\"Fisioterapia Respiratoria - Balcells.cat\",\"isPartOf\":{\"@id\":\"https:\/\/balcells.cat\/#website\"},\"datePublished\":\"2013-03-10T12:17:49+00:00\",\"dateModified\":\"2013-05-17T16:53:19+00:00\",\"breadcrumb\":{\"@id\":\"https:\/\/balcells.cat\/servicios\/fisioterapia\/fisioterapia-respiratoria\/#breadcrumb\"},\"inLanguage\":\"ca\",\"potentialAction\":[{\"@type\":\"ReadAction\",\"target\":[\"https:\/\/balcells.cat\/servicios\/fisioterapia\/fisioterapia-respiratoria\/\"]}]},{\"@type\":\"BreadcrumbList\",\"@id\":\"https:\/\/balcells.cat\/servicios\/fisioterapia\/fisioterapia-respiratoria\/#breadcrumb\",\"itemListElement\":[{\"@type\":\"ListItem\",\"position\":1,\"name\":\"Servicios\",\"item\":\"https:\/\/balcells.cat\/servicios\/\"},{\"@type\":\"ListItem\",\"position\":2,\"name\":\"Fisioterapia\",\"item\":\"https:\/\/balcells.cat\/servicios\/fisioterapia\/\"},{\"@type\":\"ListItem\",\"position\":3,\"name\":\"Fisioterapia Respiratoria\"}]},{\"@type\":\"WebSite\",\"@id\":\"https:\/\/balcells.cat\/#website\",\"url\":\"https:\/\/balcells.cat\/\",\"name\":\"Balcells.cat\",\"description\":\"Centre de Traumatologia i Fisioter\u00e0pia\",\"potentialAction\":[{\"@type\":\"SearchAction\",\"target\":{\"@type\":\"EntryPoint\",\"urlTemplate\":\"https:\/\/balcells.cat\/?s={search_term_string}\"},\"query-input\":\"required name=search_term_string\"}],\"inLanguage\":\"ca\"}]}<\/script>\n<!-- \/ Yoast SEO plugin. -->","yoast_head_json":{"title":"Fisioterapia Respiratoria - Balcells.cat","robots":{"index":"index","follow":"follow","max-snippet":"max-snippet:-1","max-image-preview":"max-image-preview:large","max-video-preview":"max-video-preview:-1"},"canonical":"https:\/\/balcells.cat\/ca\/servicios\/fisioterapia\/fisioterapia-respiratoria\/","og_locale":"ca_ES","og_type":"article","og_title":"Fisioterapia Respiratoria - Balcells.cat","og_description":"Tratamientos de fisioterapia respiratoria infantil: Bronquiolitis. Bronquitis. Pneumon\u00eda. Asma. Fibrosis qu\u00edstica. Bronquiectasia. Infecciones respiratorias recidivantes (d\u00e9ficit inmunitario, inmovilidad ciliar, displasia broncoplumonar, d\u00e9ficit motriz&#8230;) Enfermedades neuromusculares, distrofias musculares&#8230; \u200b T\u00e9cnicas de drenaje: \u00a0 Elpr (Expiraci\u00f3n lenta prolongada) \u00a0 EDIC (Ejercicio a D\u00e9bito Inspiratorio Controlado) \u00a0 AFE (Aumento del Flujo Expiratorio) \u00a0 TEF( T\u00e9cnica de Expiraci\u00f3n Forzada) [&hellip;]","og_url":"https:\/\/balcells.cat\/ca\/servicios\/fisioterapia\/fisioterapia-respiratoria\/","og_site_name":"Balcells.cat","article_publisher":"https:\/\/www.facebook.com\/BalcellsCentreTraumatologiaiFisioterapia\/","article_modified_time":"2013-05-17T16:53:19+00:00","og_image":[{"url":"http:\/\/balcells.cat\/wp-content\/uploads\/2012\/02\/l%C3%ADnia-blava.jpg"}],"twitter_misc":{"Temps estimat de lectura":"1 minut"},"schema":{"@context":"https:\/\/schema.org","@graph":[{"@type":"WebPage","@id":"https:\/\/balcells.cat\/servicios\/fisioterapia\/fisioterapia-respiratoria\/","url":"https:\/\/balcells.cat\/servicios\/fisioterapia\/fisioterapia-respiratoria\/","name":"Fisioterapia Respiratoria - Balcells.cat","isPartOf":{"@id":"https:\/\/balcells.cat\/#website"},"datePublished":"2013-03-10T12:17:49+00:00","dateModified":"2013-05-17T16:53:19+00:00","breadcrumb":{"@id":"https:\/\/balcells.cat\/servicios\/fisioterapia\/fisioterapia-respiratoria\/#breadcrumb"},"inLanguage":"ca","potentialAction":[{"@type":"ReadAction","target":["https:\/\/balcells.cat\/servicios\/fisioterapia\/fisioterapia-respiratoria\/"]}]},{"@type":"BreadcrumbList","@id":"https:\/\/balcells.cat\/servicios\/fisioterapia\/fisioterapia-respiratoria\/#breadcrumb","itemListElement":[{"@type":"ListItem","position":1,"name":"Servicios","item":"https:\/\/balcells.cat\/servicios\/"},{"@type":"ListItem","position":2,"name":"Fisioterapia","item":"https:\/\/balcells.cat\/servicios\/fisioterapia\/"},{"@type":"ListItem","position":3,"name":"Fisioterapia Respiratoria"}]},{"@type":"WebSite","@id":"https:\/\/balcells.cat\/#website","url":"https:\/\/balcells.cat\/","name":"Balcells.cat","description":"Centre de Traumatologia i Fisioter\u00e0pia","potentialAction":[{"@type":"SearchAction","target":{"@type":"EntryPoint","urlTemplate":"https:\/\/balcells.cat\/?s={search_term_string}"},"query-input":"required name=search_term_string"}],"inLanguage":"ca"}]}},"_links":{"self":[{"href":"https:\/\/balcells.cat\/ca\/wp-json\/wp\/v2\/pages\/882"}],"collection":[{"href":"https:\/\/balcells.cat\/ca\/wp-json\/wp\/v2\/pages"}],"about":[{"href":"https:\/\/balcells.cat\/ca\/wp-json\/wp\/v2\/types\/page"}],"author":[{"embeddable":true,"href":"https:\/\/balcells.cat\/ca\/wp-json\/wp\/v2\/users\/5"}],"replies":[{"embeddable":true,"href":"https:\/\/balcells.cat\/ca\/wp-json\/wp\/v2\/comments?post=882"}],"version-history":[{"count":0,"href":"https:\/\/balcells.cat\/ca\/wp-json\/wp\/v2\/pages\/882\/revisions"}],"up":[{"embeddable":true,"href":"https:\/\/balcells.cat\/ca\/wp-json\/wp\/v2\/pages\/852"}],"wp:attachment":[{"href":"https:\/\/balcells.cat\/ca\/wp-json\/wp\/v2\/media?parent=882"}],"curies":[{"name":"wp","href":"https:\/\/api.w.org\/{rel}","templated":true}]}}