{"id":930,"date":"2013-03-09T14:50:44","date_gmt":"2013-03-09T13:50:44","guid":{"rendered":"http:\/\/balcells.cat\/?page_id=930"},"modified":"2013-03-10T14:21:25","modified_gmt":"2013-03-10T13:21:25","slug":"legal-notice","status":"publish","type":"page","link":"https:\/\/balcells.cat\/ca\/legal-notice\/","title":{"rendered":"Legal notice"},"content":{"rendered":"<p>The acces to this website is subject to conditions:<\/p>\n<div>\n<ul>\n<li>This work in\u00a0<a href=\"http:\/\/creativecommons.org\/choose\/www.balcells.cat\" rel=\"cc:attributionURL\">www.balcells.cat<\/a>\u00a0is under a <a title=\"Creative Commons license details\" href=\"http:\/\/creativecommons.org\/licenses\/by-nc-sa\/3.0\/deed.en\" target=\"_blank\">Attribution-NonCommercial-ShareAlike 3.0 Unported licence by Creative Commons<\/a>:<\/li>\n<li>You are free:\n<ul>\n<li><strong>to Share<\/strong>\u00a0\u2014 to copy, distribute and transmit the work<\/li>\n<li><strong>to Remix<\/strong>\u00a0\u2014 to adapt the work<\/li>\n<\/ul>\n<\/li>\n<li>Under the following conditions:\n<ul>\n<li><strong>Attribution<\/strong>\u00a0\u2014\u00a0You must attribute the work in the manner specified by the author or licensor (but not in any way that suggests that they endorse you or your use of the work).<\/li>\n<li><strong>Noncommercial<\/strong>\u00a0\u2014 You may not use this work for commercial purposes.<\/li>\n<li><strong>Share Alike<\/strong>\u00a0\u2014 If you alter, transform, or build upon this work, you may distribute the resulting work only under the same or similar license to this one.<\/li>\n<\/ul>\n<\/li>\n<\/ul>\n<ul>\n<li><strong><strong>balcells.cat<\/strong>\u00a0<\/strong>no es responsable de la informaci\u00f3n que se puede obtener a trav\u00e9s de enlaces a sistemas externos que no sean dependientes de esta entidad.<\/li>\n<li><strong>balcells.cat\u00a0<\/strong>no garantiza que la web y el servidor est\u00e9n libres de virus y no se hace responsable de los da\u00f1os causados por el acceso a la web o por la imposibilidad de acceder a ella.<\/li>\n<li><strong>balcells.cat<\/strong>\u00a0se reserva la facultad de \u00a0modificar unilateralmente y sin aviso previo, siempre que lo considere oportuno, la estructura y dise\u00f1o del sitio web, as\u00ed como de modificar o eliminar los servicios, contenidos y condiciones de acceso y\/o uso del sitio web.<\/li>\n<li>En ning\u00fan caso las galletas u otros medios de naturaleza an\u00e1loga que se puedan utilizar servir\u00e1n para almacenar informaci\u00f3n que permita identificar la persona f\u00edsica usuaria del sitio web.<\/li>\n<li>De acuerdo con lo establecido poer la Ley Org\u00e1nica 15\/1999 de Protecci\u00f3n de Datos de Car\u00e1cter Personal, la informaci\u00f3n de car\u00e1cter personal es considerada confidencial y reservada. Igualmente, de acuerdo con la LOPD las personas de las que se tenga datos de car\u00e1cter personal, podr\u00e1n ejercer su derecho de acceso, rectificaci\u00f3n y cancelaci\u00f3n por escrito a\u00a0<a title=\"mail a info@balcells.cat\" href=\"mailto: info@balcells.cat\" target=\"_blank\">info@balcells.cat<\/a><\/li>\n<li><strong>balcells.cat<em>\u00a0\u00a0<\/em><\/strong>no se hace responsable de la opini\u00f3n de los comentarios o aportaciones de terceros en las publicaciones.<\/li>\n<li>La informaci\u00f3n contenida en este sitio web es correcta excepto error u omisi\u00f3n.<\/li>\n<\/ul>\n<\/div>\n","protected":false},"excerpt":{"rendered":"<p>The acces to this website is subject to conditions: This work in\u00a0www.balcells.cat\u00a0is under a Attribution-NonCommercial-ShareAlike 3.0 Unported licence by Creative Commons: You are free: to Share\u00a0\u2014 to copy, distribute and transmit the work to Remix\u00a0\u2014 to adapt the work Under the following conditions: Attribution\u00a0\u2014\u00a0You must attribute the work in the manner specified by the author [&hellip;]<\/p>\n","protected":false},"author":5,"featured_media":0,"parent":0,"menu_order":0,"comment_status":"open","ping_status":"open","template":"","meta":[],"yoast_head":"<!-- This site is optimized with the Yoast SEO plugin v21.8 - https:\/\/yoast.com\/wordpress\/plugins\/seo\/ -->\n<title>Legal notice - Balcells.cat<\/title>\n<meta name=\"robots\" content=\"index, follow, max-snippet:-1, max-image-preview:large, max-video-preview:-1\" \/>\n<link rel=\"canonical\" href=\"https:\/\/balcells.cat\/ca\/legal-notice\/\" \/>\n<meta property=\"og:locale\" content=\"ca_ES\" \/>\n<meta property=\"og:type\" content=\"article\" \/>\n<meta property=\"og:title\" content=\"Legal notice - Balcells.cat\" \/>\n<meta property=\"og:description\" content=\"The acces to this website is subject to conditions: This work in\u00a0www.balcells.cat\u00a0is under a Attribution-NonCommercial-ShareAlike 3.0 Unported licence by Creative Commons: You are free: to Share\u00a0\u2014 to copy, distribute and transmit the work to Remix\u00a0\u2014 to adapt the work Under the following conditions: Attribution\u00a0\u2014\u00a0You must attribute the work in the manner specified by the author [&hellip;]\" \/>\n<meta property=\"og:url\" content=\"https:\/\/balcells.cat\/ca\/legal-notice\/\" \/>\n<meta property=\"og:site_name\" content=\"Balcells.cat\" \/>\n<meta property=\"article:publisher\" content=\"https:\/\/www.facebook.com\/BalcellsCentreTraumatologiaiFisioterapia\/\" \/>\n<meta property=\"article:modified_time\" content=\"2013-03-10T13:21:25+00:00\" \/>\n<meta name=\"twitter:label1\" content=\"Temps estimat de lectura\" \/>\n\t<meta name=\"twitter:data1\" content=\"2 minuts\" \/>\n<script type=\"application\/ld+json\" class=\"yoast-schema-graph\">{\"@context\":\"https:\/\/schema.org\",\"@graph\":[{\"@type\":\"WebPage\",\"@id\":\"https:\/\/balcells.cat\/legal-notice\/\",\"url\":\"https:\/\/balcells.cat\/legal-notice\/\",\"name\":\"Legal notice - Balcells.cat\",\"isPartOf\":{\"@id\":\"https:\/\/balcells.cat\/#website\"},\"datePublished\":\"2013-03-09T13:50:44+00:00\",\"dateModified\":\"2013-03-10T13:21:25+00:00\",\"inLanguage\":\"ca\",\"potentialAction\":[{\"@type\":\"ReadAction\",\"target\":[\"https:\/\/balcells.cat\/legal-notice\/\"]}]},{\"@type\":\"WebSite\",\"@id\":\"https:\/\/balcells.cat\/#website\",\"url\":\"https:\/\/balcells.cat\/\",\"name\":\"Balcells.cat\",\"description\":\"Centre de Traumatologia i Fisioter\u00e0pia\",\"potentialAction\":[{\"@type\":\"SearchAction\",\"target\":{\"@type\":\"EntryPoint\",\"urlTemplate\":\"https:\/\/balcells.cat\/?s={search_term_string}\"},\"query-input\":\"required name=search_term_string\"}],\"inLanguage\":\"ca\"}]}<\/script>\n<!-- \/ Yoast SEO plugin. -->","yoast_head_json":{"title":"Legal notice - Balcells.cat","robots":{"index":"index","follow":"follow","max-snippet":"max-snippet:-1","max-image-preview":"max-image-preview:large","max-video-preview":"max-video-preview:-1"},"canonical":"https:\/\/balcells.cat\/ca\/legal-notice\/","og_locale":"ca_ES","og_type":"article","og_title":"Legal notice - Balcells.cat","og_description":"The acces to this website is subject to conditions: This work in\u00a0www.balcells.cat\u00a0is under a Attribution-NonCommercial-ShareAlike 3.0 Unported licence by Creative Commons: You are free: to Share\u00a0\u2014 to copy, distribute and transmit the work to Remix\u00a0\u2014 to adapt the work Under the following conditions: Attribution\u00a0\u2014\u00a0You must attribute the work in the manner specified by the author [&hellip;]","og_url":"https:\/\/balcells.cat\/ca\/legal-notice\/","og_site_name":"Balcells.cat","article_publisher":"https:\/\/www.facebook.com\/BalcellsCentreTraumatologiaiFisioterapia\/","article_modified_time":"2013-03-10T13:21:25+00:00","twitter_misc":{"Temps estimat de lectura":"2 minuts"},"schema":{"@context":"https:\/\/schema.org","@graph":[{"@type":"WebPage","@id":"https:\/\/balcells.cat\/legal-notice\/","url":"https:\/\/balcells.cat\/legal-notice\/","name":"Legal notice - Balcells.cat","isPartOf":{"@id":"https:\/\/balcells.cat\/#website"},"datePublished":"2013-03-09T13:50:44+00:00","dateModified":"2013-03-10T13:21:25+00:00","inLanguage":"ca","potentialAction":[{"@type":"ReadAction","target":["https:\/\/balcells.cat\/legal-notice\/"]}]},{"@type":"WebSite","@id":"https:\/\/balcells.cat\/#website","url":"https:\/\/balcells.cat\/","name":"Balcells.cat","description":"Centre de Traumatologia i Fisioter\u00e0pia","potentialAction":[{"@type":"SearchAction","target":{"@type":"EntryPoint","urlTemplate":"https:\/\/balcells.cat\/?s={search_term_string}"},"query-input":"required name=search_term_string"}],"inLanguage":"ca"}]}},"_links":{"self":[{"href":"https:\/\/balcells.cat\/ca\/wp-json\/wp\/v2\/pages\/930"}],"collection":[{"href":"https:\/\/balcells.cat\/ca\/wp-json\/wp\/v2\/pages"}],"about":[{"href":"https:\/\/balcells.cat\/ca\/wp-json\/wp\/v2\/types\/page"}],"author":[{"embeddable":true,"href":"https:\/\/balcells.cat\/ca\/wp-json\/wp\/v2\/users\/5"}],"replies":[{"embeddable":true,"href":"https:\/\/balcells.cat\/ca\/wp-json\/wp\/v2\/comments?post=930"}],"version-history":[{"count":0,"href":"https:\/\/balcells.cat\/ca\/wp-json\/wp\/v2\/pages\/930\/revisions"}],"wp:attachment":[{"href":"https:\/\/balcells.cat\/ca\/wp-json\/wp\/v2\/media?parent=930"}],"curies":[{"name":"wp","href":"https:\/\/api.w.org\/{rel}","templated":true}]}}