{"id":944,"date":"2012-02-11T21:51:41","date_gmt":"2012-02-11T20:51:41","guid":{"rendered":"http:\/\/balcells.cat\/?page_id=944"},"modified":"2013-07-29T20:19:29","modified_gmt":"2013-07-29T18:19:29","slug":"contacto","status":"publish","type":"page","link":"https:\/\/balcells.cat\/ca\/contacto\/","title":{"rendered":"Contacto"},"content":{"rendered":"<p><!--:CA--><\/p>\n<p><strong>BALCELLS<\/strong><\/p>\n<address>Carrer del Pont, 11<\/address>\n<address>08520 Les Franqueses del Vall\u00e8s<\/address>\n<address>(Ronda Nord Granollers)<\/address>\n<address>Barcelona<\/address>\n<address><strong><span style=\"color: #88ade3;\">Tel: 93 119 90 35<\/span><\/strong><\/address>\n<address><strong><span style=\"color: #88ade3;\">M\u00f3vil:\u00a0615127460<\/span><\/strong><\/address>\n<address>\u00a0<\/address>\n<address><img decoding=\"async\" loading=\"lazy\" class=\"alignleft  wp-image-697\" style=\"img.noborder{ border-width: 0px;\" alt=\"l\u00ednia-blava\" src=\"http:\/\/balcells.cat\/wp-content\/uploads\/2012\/02\/l\u00ednia-blava.jpg\" width=\"1100\" height=\"9\" srcset=\"https:\/\/balcells.cat\/wp-content\/uploads\/2012\/02\/l\u00ednia-blava.jpg 1100w, https:\/\/balcells.cat\/wp-content\/uploads\/2012\/02\/l\u00ednia-blava-300x2.jpg 300w, https:\/\/balcells.cat\/wp-content\/uploads\/2012\/02\/l\u00ednia-blava-1024x8.jpg 1024w, https:\/\/balcells.cat\/wp-content\/uploads\/2012\/02\/l\u00ednia-blava-250x2.jpg 250w\" sizes=\"(max-width: 1100px) 100vw, 1100px\" \/><\/address>\n<p>Si lo prefiere, m\u00e1ndenos un correo electr\u00f3nico<\/p>\n<p>[contact_form lang=es]<\/p>\n<p><iframe loading=\"lazy\" src=\"http:\/\/maps.google.es\/maps?f=q&amp;source=s_q&amp;hl=es&amp;geocode=&amp;q=Carrer+del+Pont,+11,+Les+Franqueses+del+Vall%C3%A8s&amp;aq=0&amp;oq=carrer+del+pont+11,+les+fran&amp;sll=40.396764,-3.713379&amp;sspn=12.142383,26.960449&amp;ie=UTF8&amp;hq=&amp;hnear=Carrer+del+Pont,+08520+Les+Franqueses+del+Vall%C3%A8s,+Barcelona,+Catalu%C3%B1a&amp;t=m&amp;ll=41.622821,2.291594&amp;spn=0.030797,0.054846&amp;z=14&amp;iwloc=A&amp;output=embed\" height=\"480\" width=\"640\" frameborder=\"0\" marginwidth=\"0\" marginheight=\"0\" scrolling=\"no\"><\/iframe><\/p>\n<p><small><a style=\"text-align: left; color: #0000ff;\" href=\"http:\/\/maps.google.es\/maps?f=q&amp;source=embed&amp;hl=es&amp;geocode=&amp;q=Carrer+del+Pont,+11,+Les+Franqueses+del+Vall%C3%A8s&amp;aq=0&amp;oq=carrer+del+pont+11,+les+fran&amp;sll=40.396764,-3.713379&amp;sspn=12.142383,26.960449&amp;ie=UTF8&amp;hq=&amp;hnear=Carrer+del+Pont,+08520+Les+Franqueses+del+Vall%C3%A8s,+Barcelona,+Catalu%C3%B1a&amp;t=m&amp;ll=41.622821,2.291594&amp;spn=0.030797,0.054846&amp;z=14&amp;iwloc=A\">Ver mapa m\u00e1s grande<\/a><\/small><\/p>\n<h6 dir=\"ltr\">De acuerdo con lo dispuesto en la Ley Org\u00e1nica de Protecci\u00f3n de Datos 15\/99 de 13 de Diciembre, as\u00ed com en su Reglamento de Aplicaci\u00f3n (Real Decreto 1720\/2007), M2BV partners S.L. se compromete a utilizar sus dados para gesti\u00f3n del centro m\u00e9dico.<\/h6>\n<h6>Sus datos pasaran a formar parte de un fichero automatizado inscrito en la &#8220;Agencia de Protecci\u00f3n de Datos&#8221;. Si desea ejercitar cualquier de los derechos emparados en la Ley (acceso, rectificaci\u00f3n, cancelaci\u00f3n o denuncia) , mande un correo electr\u00f3nico a info@m2bv.cat.\u00a0<span style=\"color: #000000; font-size: 0.9em; line-height: 1.5em;\"><br \/>\n<\/span><\/h6>\n<p>&nbsp;<\/p>\n<p>&nbsp;<\/p>\n<p><!--:--><\/p>\n","protected":false},"excerpt":{"rendered":"<p>BALCELLS Carrer del Pont, 11 08520 Les Franqueses del Vall\u00e8s (Ronda Nord Granollers) Barcelona Tel: 93 119 90 35 M\u00f3vil:\u00a0615127460 \u00a0 Si lo prefiere, m\u00e1ndenos un correo electr\u00f3nico [contact_form lang=es] Ver mapa m\u00e1s grande De acuerdo con lo dispuesto en la Ley Org\u00e1nica de Protecci\u00f3n de Datos 15\/99 de 13 de Diciembre, as\u00ed com en [&hellip;]<\/p>\n","protected":false},"author":5,"featured_media":0,"parent":0,"menu_order":4,"comment_status":"closed","ping_status":"closed","template":"","meta":[],"yoast_head":"<!-- This site is optimized with the Yoast SEO plugin v21.8 - https:\/\/yoast.com\/wordpress\/plugins\/seo\/ -->\n<title>Contacto - Balcells.cat<\/title>\n<meta name=\"robots\" content=\"index, follow, max-snippet:-1, max-image-preview:large, max-video-preview:-1\" \/>\n<link rel=\"canonical\" href=\"https:\/\/balcells.cat\/ca\/contacto\/\" \/>\n<meta property=\"og:locale\" content=\"ca_ES\" \/>\n<meta property=\"og:type\" content=\"article\" \/>\n<meta property=\"og:title\" content=\"Contacto - Balcells.cat\" \/>\n<meta property=\"og:description\" content=\"BALCELLS Carrer del Pont, 11 08520 Les Franqueses del Vall\u00e8s (Ronda Nord Granollers) Barcelona Tel: 93 119 90 35 M\u00f3vil:\u00a0615127460 \u00a0 Si lo prefiere, m\u00e1ndenos un correo electr\u00f3nico [contact_form lang=es] Ver mapa m\u00e1s grande De acuerdo con lo dispuesto en la Ley Org\u00e1nica de Protecci\u00f3n de Datos 15\/99 de 13 de Diciembre, as\u00ed com en [&hellip;]\" \/>\n<meta property=\"og:url\" content=\"https:\/\/balcells.cat\/ca\/contacto\/\" \/>\n<meta property=\"og:site_name\" content=\"Balcells.cat\" \/>\n<meta property=\"article:publisher\" content=\"https:\/\/www.facebook.com\/BalcellsCentreTraumatologiaiFisioterapia\/\" \/>\n<meta property=\"article:modified_time\" content=\"2013-07-29T18:19:29+00:00\" \/>\n<meta name=\"twitter:label1\" content=\"Temps estimat de lectura\" \/>\n\t<meta name=\"twitter:data1\" content=\"1 minut\" \/>\n<script type=\"application\/ld+json\" class=\"yoast-schema-graph\">{\"@context\":\"https:\/\/schema.org\",\"@graph\":[{\"@type\":\"WebPage\",\"@id\":\"https:\/\/balcells.cat\/contacto\/\",\"url\":\"https:\/\/balcells.cat\/contacto\/\",\"name\":\"Contacto - Balcells.cat\",\"isPartOf\":{\"@id\":\"https:\/\/balcells.cat\/#website\"},\"datePublished\":\"2012-02-11T20:51:41+00:00\",\"dateModified\":\"2013-07-29T18:19:29+00:00\",\"inLanguage\":\"ca\",\"potentialAction\":[{\"@type\":\"ReadAction\",\"target\":[\"https:\/\/balcells.cat\/contacto\/\"]}]},{\"@type\":\"WebSite\",\"@id\":\"https:\/\/balcells.cat\/#website\",\"url\":\"https:\/\/balcells.cat\/\",\"name\":\"Balcells.cat\",\"description\":\"Centre de Traumatologia i Fisioter\u00e0pia\",\"potentialAction\":[{\"@type\":\"SearchAction\",\"target\":{\"@type\":\"EntryPoint\",\"urlTemplate\":\"https:\/\/balcells.cat\/?s={search_term_string}\"},\"query-input\":\"required name=search_term_string\"}],\"inLanguage\":\"ca\"}]}<\/script>\n<!-- \/ Yoast SEO plugin. -->","yoast_head_json":{"title":"Contacto - Balcells.cat","robots":{"index":"index","follow":"follow","max-snippet":"max-snippet:-1","max-image-preview":"max-image-preview:large","max-video-preview":"max-video-preview:-1"},"canonical":"https:\/\/balcells.cat\/ca\/contacto\/","og_locale":"ca_ES","og_type":"article","og_title":"Contacto - Balcells.cat","og_description":"BALCELLS Carrer del Pont, 11 08520 Les Franqueses del Vall\u00e8s (Ronda Nord Granollers) Barcelona Tel: 93 119 90 35 M\u00f3vil:\u00a0615127460 \u00a0 Si lo prefiere, m\u00e1ndenos un correo electr\u00f3nico [contact_form lang=es] Ver mapa m\u00e1s grande De acuerdo con lo dispuesto en la Ley Org\u00e1nica de Protecci\u00f3n de Datos 15\/99 de 13 de Diciembre, as\u00ed com en [&hellip;]","og_url":"https:\/\/balcells.cat\/ca\/contacto\/","og_site_name":"Balcells.cat","article_publisher":"https:\/\/www.facebook.com\/BalcellsCentreTraumatologiaiFisioterapia\/","article_modified_time":"2013-07-29T18:19:29+00:00","twitter_misc":{"Temps estimat de lectura":"1 minut"},"schema":{"@context":"https:\/\/schema.org","@graph":[{"@type":"WebPage","@id":"https:\/\/balcells.cat\/contacto\/","url":"https:\/\/balcells.cat\/contacto\/","name":"Contacto - Balcells.cat","isPartOf":{"@id":"https:\/\/balcells.cat\/#website"},"datePublished":"2012-02-11T20:51:41+00:00","dateModified":"2013-07-29T18:19:29+00:00","inLanguage":"ca","potentialAction":[{"@type":"ReadAction","target":["https:\/\/balcells.cat\/contacto\/"]}]},{"@type":"WebSite","@id":"https:\/\/balcells.cat\/#website","url":"https:\/\/balcells.cat\/","name":"Balcells.cat","description":"Centre de Traumatologia i Fisioter\u00e0pia","potentialAction":[{"@type":"SearchAction","target":{"@type":"EntryPoint","urlTemplate":"https:\/\/balcells.cat\/?s={search_term_string}"},"query-input":"required name=search_term_string"}],"inLanguage":"ca"}]}},"_links":{"self":[{"href":"https:\/\/balcells.cat\/ca\/wp-json\/wp\/v2\/pages\/944"}],"collection":[{"href":"https:\/\/balcells.cat\/ca\/wp-json\/wp\/v2\/pages"}],"about":[{"href":"https:\/\/balcells.cat\/ca\/wp-json\/wp\/v2\/types\/page"}],"author":[{"embeddable":true,"href":"https:\/\/balcells.cat\/ca\/wp-json\/wp\/v2\/users\/5"}],"replies":[{"embeddable":true,"href":"https:\/\/balcells.cat\/ca\/wp-json\/wp\/v2\/comments?post=944"}],"version-history":[{"count":0,"href":"https:\/\/balcells.cat\/ca\/wp-json\/wp\/v2\/pages\/944\/revisions"}],"wp:attachment":[{"href":"https:\/\/balcells.cat\/ca\/wp-json\/wp\/v2\/media?parent=944"}],"curies":[{"name":"wp","href":"https:\/\/api.w.org\/{rel}","templated":true}]}}