{"id":981,"date":"2012-03-04T21:53:57","date_gmt":"2013-03-10T17:04:26","guid":{"rendered":"http:\/\/balcells.cat\/?page_id=981"},"modified":"2013-05-17T17:39:39","modified_gmt":"2013-05-17T15:39:39","slug":"factores-de-crecimiento","status":"publish","type":"page","link":"https:\/\/balcells.cat\/ca\/servicios\/traumatologia\/factores-de-crecimiento\/","title":{"rendered":"Factores de crecimiento"},"content":{"rendered":"<p><!--:CA--><\/p>\n<h1 style=\"text-align: justify;\"><a style=\"font-size: 16px;\" href=\"http:\/\/balcells.cat\/wp-content\/uploads\/2013\/03\/platelet_rich_plasma_0-large.png\"><img decoding=\"async\" loading=\"lazy\" class=\"alignleft size-medium wp-image-640\" alt=\"Factors de creixement\" src=\"http:\/\/balcells.cat\/wp-content\/uploads\/2013\/03\/platelet_rich_plasma_0-large-300x277.png\" width=\"300\" height=\"277\" srcset=\"https:\/\/balcells.cat\/wp-content\/uploads\/2013\/03\/platelet_rich_plasma_0-large-300x277.png 300w, https:\/\/balcells.cat\/wp-content\/uploads\/2013\/03\/platelet_rich_plasma_0-large-162x150.png 162w, https:\/\/balcells.cat\/wp-content\/uploads\/2013\/03\/platelet_rich_plasma_0-large.png 400w\" sizes=\"(max-width: 300px) 100vw, 300px\" \/><\/a><\/h1>\n<p><strong><span style=\"color: #88ade3;\">1- \u00bfQu\u00e9 son realmente los factores de crecimiento plaquetarios o el tambien llamado plasma rico en plaquetas?<\/span><\/strong><\/p>\n<p><span style=\"font-size: 14px;\"><span style=\"font-family: arial, helvetica, sans-serif;\">Un factor de crecimiento es una se\u00f1al biol\u00f3gica que estimula o inhibe una funci\u00f3n celular. Generalmente son <strong>prote\u00ednas que promueven el desarrollo de los tejidos.<\/strong> El plasma rico en plaquetas (PRP) se obtiene de la sangre del propio paciente tras concentrar y romper las plaquetas sangu\u00edneas, desprendiendo as\u00ed los factores de crecimiento que dichas plaquetas contienen.<\/span><\/span><\/p>\n<p>&nbsp;<\/p>\n<p><strong><span style=\"color: #88ade3;\">2- \u00bfC\u00f3mo se obtienen?<\/span><\/strong><\/p>\n<p><span style=\"font-size: 14px;\"><span style=\"font-family: arial, helvetica, sans-serif;\">Se extrae <strong>sangre venosa del mismo paciente<\/strong> la cual es sometida a un proceso de centrifugaci\u00f3n para obtener un plasma rico en plaquetas. Dicho procedimiento se realiza en condiciones de maxima esterilidad y con toda las garant\u00edas. El tiempo de preparaci\u00f3n es de entre 20 y 30 minutos y seg\u00fan el m\u00e9todo empleado, se consigue concentrar las plaquetas entre 2 y 10 veces el nivel sangu\u00edneo basal.<\/span><\/span><\/p>\n<p>&nbsp;<\/p>\n<p><strong><span style=\"color: #88ade3;\">3- \u00bfSon iguales todos los PRP utilizados actualmente?<\/span><\/strong><\/p>\n<p><span style=\"font-size: 14px;\"><span style=\"font-family: arial, helvetica, sans-serif;\"><strong>No, ya que seg\u00fan el proceso de elaboraci\u00f3n resultara un producto diferente.<\/strong> Dichos procesos determinan claramente diferentes proporciones de eritrocitos, c\u00e9lulas mesenquimales perif\u00e9ricas y prote\u00ednas s\u00e9ricas. Otro dato de inter\u00e9s es el n\u00famero de leucocitos pues seg\u00fan el proceso de elaboraci\u00f3n al que haya sido sometida la sangre habr\u00e1 o no un contenido de estos.<\/span><\/span><\/p>\n<p>&nbsp;<\/p>\n<p><strong><span style=\"color: #88ade3;\">4- \u00bf Como act\u00faan los PRP?<\/span><\/strong><\/p>\n<p><span style=\"font-size: 14px;\"><span style=\"font-family: arial, helvetica, sans-serif;\">Un factor de crecimiento es una se\u00f1al biol\u00f3gica que estimula o inhibe una funci\u00f3n celular. Generalmente, estas se\u00f1ales moleculares son p\u00e9ptidos que promueven la proliferaci\u00f3n celular, la diferenciaci\u00f3n, quimiotaxis y migraci\u00f3n de varios tipos de c\u00e9lulas y como consecuencia <strong>contribuyen al desarrollo<\/strong> de la matriz extracelular y por lo tanto de los tejidos.<\/span><\/span><\/p>\n<p><span style=\"font-size: 14px;\"><span style=\"font-family: arial, helvetica, sans-serif;\">Los factores de crecimiento act\u00faan sobre la forma y diferenciaci\u00f3n de las c\u00e9lulas aunque la mayor\u00eda intervienen en su proliferaci\u00f3n.<\/span><\/span><\/p>\n<p><span style=\"font-size: 14px;\"><span style=\"font-family: arial, helvetica, sans-serif;\">El factor de crecimiento m\u00e1s abundante en el PRP es el PDGF, aunque hay otros muchos que ayudan a la reparaci\u00f3n y cicatrizaci\u00f3n <strong>de los tejidos.<\/strong><\/span><\/span><\/p>\n<p>&nbsp;<\/p>\n<p><strong><span style=\"color: #88ade3;\">5- \u00bf Podemos decir que regeneran los tejidos?<\/span><\/strong><\/p>\n<p><span style=\"font-size: 14px;\"><span style=\"font-family: arial, helvetica, sans-serif;\">Los tejidos se reparan creando un tejido de transici\u00f3n que forma una cicatriz. El m\u00fasculo, el tend\u00f3n o los ligamentos tienen un proceso de reparaci\u00f3n muy parecido a lo que ocurre con las heridas de la piel. Inicialmente hay una inflamaci\u00f3n, con la llegada de abundantes vasos se forma un co\u00e1gulo de sangre y se liberan c\u00e9lulas y se\u00f1ales moleculares que desencadenan una cascada de procesos que forman una cicatriz.<\/span><\/span><\/p>\n<p><span style=\"font-size: 14px;\"><span style=\"font-family: arial, helvetica, sans-serif;\"><strong>Los PRP ayudan a la reparaci\u00f3n de los tejidos<\/strong> acortando los plazos y mejorando la calidad de las cicatrices.<\/span><\/span><\/p>\n<p><span style=\"font-size: 14px;\"><span style=\"font-family: arial, helvetica, sans-serif;\">En la actualidad no podemos afirmar que los factores regeneren los tejidos pero si que inducen una mejoria en los procesos de reparacion tisular acortando los plazos y mejorando la calidad de las reparaciones.<\/span><\/span><\/p>\n<p>&nbsp;<\/p>\n<p><strong><span style=\"color: #88ade3;\">6- \u00bfSon una soluci\u00f3n para la artrosis?<\/span><\/strong><\/p>\n<p><span style=\"font-size: 14px;\"><span style=\"font-family: arial, helvetica, sans-serif;\"><strong>No est\u00e1 demostrado que tengan ning\u00fan efecto sobre la evoluci\u00f3n de la artrosis.<\/strong> Las PRP tienen un efecto antiinflamatorio muy potente que pueden mejorar la sintomatolog\u00eda que produce la artrosis, ayudando a los pacientes a normalizar su vida. Lo que permite en algunos casos <strong>prolongar la vida de las articulaciones<\/strong> retrasando asi su sustituci\u00f3n por pr\u00f3tesis.<\/span><\/span><\/p>\n<p>&nbsp;<\/p>\n<p><strong><span style=\"color: #88ade3;\">7- \u00bfMejoran las lesiones y ayudan la reparaci\u00f3n quir\u00fargica?<\/span><\/strong><\/p>\n<p><span style=\"font-size: 14px;\"><span style=\"font-family: arial, helvetica, sans-serif;\">Est\u00e1n indicados en el <strong>tratamiento no quir\u00fargico<\/strong> de las lesiones de los tendones , ligamentos y, tambi\u00e9n se ha propuesto en lesiones musculares, . mejorando la calidad de las reparaciones y acortando plazos de recuperacion. Adem\u00e1s, <strong>ayudan a la reparaci\u00f3n de cirug\u00edas tendinosas, como la rotura del manguito rotador del hombro, ligamento cruzado anterior, reparaciones meniscales y del cart\u00edlago articular<\/strong> mejorando asi el resultado de nuestras cirug\u00edas y acortando los plazos de recuperacion.<\/span><\/span><\/p>\n<p><span style=\"font-size: 14px;\"><span style=\"font-family: arial, helvetica, sans-serif;\">Revisando la literatura medica,los mejores resultados se obtienen en el cierre y en la cura de heridas, y son de especial inter\u00e9s para las heridas torpidas o en pacientes diabeticos o con mala irrigacion.<\/span><\/span><\/p>\n<p>&nbsp;<\/p>\n<p><strong><span style=\"color: #88ade3;\">8- \u00bf Son un procedimiento seguro?<\/span><\/strong><\/p>\n<p><span style=\"font-size: 14px;\"><span style=\"font-family: arial, helvetica, sans-serif;\"><strong>Totalmente<\/strong>, su elaboraci\u00f3n esta aprobada por la <strong>FDA <\/strong>(Food and Drug Administration) norteamericana, uno de los organismos con mayor fiabilidad en la evaluaci\u00f3n de los procedimientos m\u00e9dicos a nivel mundial. Adem\u00e1s, muchas empresas multinacionales de tecnolog\u00eda medica disponen de sistemas para su obtenci\u00f3n (ARTHREX, DE PUY, BIOMET).<\/span><\/span><\/p>\n<p>&nbsp;<\/p>\n<p><strong><span style=\"color: #88ade3;\">9- \u00bf Son imprescindibles en toda intervenci\u00f3n quir\u00fargica?<\/span><\/strong><\/p>\n<p><span style=\"font-size: 14px;\"><span style=\"font-family: arial, helvetica, sans-serif;\"><strong>En absoluto. <\/strong>Como es obvio en todas las intervenciones quir\u00fargicas no se precisa necesariamente el uso de factores, convirtiendo si no se usan las intervenciones en actos quirurgicos de menor eficacia. En cualquier caso es el criterio medico el que fijara cuando deben utilizarse y en que casos podemos aspirar a que mejoren la calidad de nuestras reparaciones quir\u00fargicas. Hay muchos trabajos que muestran la mejor\u00eda en la recuperaci\u00f3n de muchas lesiones tratadas con PRP.<\/span><\/span><\/p>\n<p>&nbsp;<\/p>\n<p><strong><span style=\"color: #88ade3;\">10- \u00bf Sustituyen a una intervenci\u00f3n quir\u00fargica?<\/span><\/strong><\/p>\n<p><span style=\"font-size: 14px;\"><span style=\"font-family: arial, helvetica, sans-serif;\"><strong>En absoluto <\/strong>en todo caso pueden ser un complemento de las mismas. Los factores no convierten en buena una intervenci\u00f3n mal planificada o mal indicada. En todo momento debe prevalecer el <strong>criterio medico<\/strong> utiliz\u00e1ndose las indicaciones que tienen demostrada una eficacia en la literatura medica. Los factores plaquetarios son hoy en dia un arma poderosa para tratar a nuestros enfermos, pero la <strong>investigaci\u00f3n <\/strong>sobre sus aplicaciones esta en continuo desarrollo. Lo que nos permite afirmar, que si su presente es excelente su futuro uso en las diferentes patolog\u00edas ser\u00e1 aun mejor.<\/span><\/span><\/p>\n<p>&nbsp;<\/p>\n<p><strong><span style=\"color: #0000ff;\">Consulte la<\/span>\u00a0<a title=\"Bibliograf\u00eda factores de crecimiento\" href=\"\/?page_id=727\" target=\"_blank\">Bibliograf\u00eca factores de crecimiento\u00a0&gt;&gt;<\/a><\/strong><\/p>\n<p><!--:--><!--:en--><\/p>\n<p style=\"text-align: justify;\"><span style=\"font-size: 14px;\"><span style=\"font-family: arial, helvetica, sans-serif;\"><strong>\u00a0<\/strong><\/span><\/span><\/p>\n<p><!--:--><\/p>\n","protected":false},"excerpt":{"rendered":"<p>1- \u00bfQu\u00e9 son realmente los factores de crecimiento plaquetarios o el tambien llamado plasma rico en plaquetas? Un factor de crecimiento es una se\u00f1al biol\u00f3gica que estimula o inhibe una funci\u00f3n celular. Generalmente son prote\u00ednas que promueven el desarrollo de los tejidos. El plasma rico en plaquetas (PRP) se obtiene de la sangre del propio [&hellip;]<\/p>\n","protected":false},"author":5,"featured_media":0,"parent":818,"menu_order":0,"comment_status":"closed","ping_status":"closed","template":"","meta":[],"yoast_head":"<!-- This site is optimized with the Yoast SEO plugin v21.8 - https:\/\/yoast.com\/wordpress\/plugins\/seo\/ -->\n<title>Factores de crecimiento - Balcells.cat<\/title>\n<meta name=\"robots\" content=\"index, follow, max-snippet:-1, max-image-preview:large, max-video-preview:-1\" \/>\n<link rel=\"canonical\" href=\"https:\/\/balcells.cat\/ca\/servicios\/traumatologia\/factores-de-crecimiento\/\" \/>\n<meta property=\"og:locale\" content=\"ca_ES\" \/>\n<meta property=\"og:type\" content=\"article\" \/>\n<meta property=\"og:title\" content=\"Factores de crecimiento - Balcells.cat\" \/>\n<meta property=\"og:description\" content=\"1- \u00bfQu\u00e9 son realmente los factores de crecimiento plaquetarios o el tambien llamado plasma rico en plaquetas? Un factor de crecimiento es una se\u00f1al biol\u00f3gica que estimula o inhibe una funci\u00f3n celular. Generalmente son prote\u00ednas que promueven el desarrollo de los tejidos. El plasma rico en plaquetas (PRP) se obtiene de la sangre del propio [&hellip;]\" \/>\n<meta property=\"og:url\" content=\"https:\/\/balcells.cat\/ca\/servicios\/traumatologia\/factores-de-crecimiento\/\" \/>\n<meta property=\"og:site_name\" content=\"Balcells.cat\" \/>\n<meta property=\"article:publisher\" content=\"https:\/\/www.facebook.com\/BalcellsCentreTraumatologiaiFisioterapia\/\" \/>\n<meta property=\"article:modified_time\" content=\"2013-05-17T15:39:39+00:00\" \/>\n<meta property=\"og:image\" content=\"http:\/\/balcells.cat\/wp-content\/uploads\/2013\/03\/platelet_rich_plasma_0-large-300x277.png\" \/>\n<meta name=\"twitter:label1\" content=\"Temps estimat de lectura\" \/>\n\t<meta name=\"twitter:data1\" content=\"5 minuts\" \/>\n<script type=\"application\/ld+json\" class=\"yoast-schema-graph\">{\"@context\":\"https:\/\/schema.org\",\"@graph\":[{\"@type\":\"WebPage\",\"@id\":\"https:\/\/balcells.cat\/servicios\/traumatologia\/factores-de-crecimiento\/\",\"url\":\"https:\/\/balcells.cat\/servicios\/traumatologia\/factores-de-crecimiento\/\",\"name\":\"Factores de crecimiento - Balcells.cat\",\"isPartOf\":{\"@id\":\"https:\/\/balcells.cat\/#website\"},\"datePublished\":\"2013-03-10T17:04:26+00:00\",\"dateModified\":\"2013-05-17T15:39:39+00:00\",\"breadcrumb\":{\"@id\":\"https:\/\/balcells.cat\/servicios\/traumatologia\/factores-de-crecimiento\/#breadcrumb\"},\"inLanguage\":\"ca\",\"potentialAction\":[{\"@type\":\"ReadAction\",\"target\":[\"https:\/\/balcells.cat\/servicios\/traumatologia\/factores-de-crecimiento\/\"]}]},{\"@type\":\"BreadcrumbList\",\"@id\":\"https:\/\/balcells.cat\/servicios\/traumatologia\/factores-de-crecimiento\/#breadcrumb\",\"itemListElement\":[{\"@type\":\"ListItem\",\"position\":1,\"name\":\"Servicios\",\"item\":\"https:\/\/balcells.cat\/servicios\/\"},{\"@type\":\"ListItem\",\"position\":2,\"name\":\"Traumatolog\u00eda\",\"item\":\"https:\/\/balcells.cat\/servicios\/traumatologia\/\"},{\"@type\":\"ListItem\",\"position\":3,\"name\":\"Factores de crecimiento\"}]},{\"@type\":\"WebSite\",\"@id\":\"https:\/\/balcells.cat\/#website\",\"url\":\"https:\/\/balcells.cat\/\",\"name\":\"Balcells.cat\",\"description\":\"Centre de Traumatologia i Fisioter\u00e0pia\",\"potentialAction\":[{\"@type\":\"SearchAction\",\"target\":{\"@type\":\"EntryPoint\",\"urlTemplate\":\"https:\/\/balcells.cat\/?s={search_term_string}\"},\"query-input\":\"required name=search_term_string\"}],\"inLanguage\":\"ca\"}]}<\/script>\n<!-- \/ Yoast SEO plugin. -->","yoast_head_json":{"title":"Factores de crecimiento - Balcells.cat","robots":{"index":"index","follow":"follow","max-snippet":"max-snippet:-1","max-image-preview":"max-image-preview:large","max-video-preview":"max-video-preview:-1"},"canonical":"https:\/\/balcells.cat\/ca\/servicios\/traumatologia\/factores-de-crecimiento\/","og_locale":"ca_ES","og_type":"article","og_title":"Factores de crecimiento - Balcells.cat","og_description":"1- \u00bfQu\u00e9 son realmente los factores de crecimiento plaquetarios o el tambien llamado plasma rico en plaquetas? Un factor de crecimiento es una se\u00f1al biol\u00f3gica que estimula o inhibe una funci\u00f3n celular. Generalmente son prote\u00ednas que promueven el desarrollo de los tejidos. El plasma rico en plaquetas (PRP) se obtiene de la sangre del propio [&hellip;]","og_url":"https:\/\/balcells.cat\/ca\/servicios\/traumatologia\/factores-de-crecimiento\/","og_site_name":"Balcells.cat","article_publisher":"https:\/\/www.facebook.com\/BalcellsCentreTraumatologiaiFisioterapia\/","article_modified_time":"2013-05-17T15:39:39+00:00","og_image":[{"url":"http:\/\/balcells.cat\/wp-content\/uploads\/2013\/03\/platelet_rich_plasma_0-large-300x277.png"}],"twitter_misc":{"Temps estimat de lectura":"5 minuts"},"schema":{"@context":"https:\/\/schema.org","@graph":[{"@type":"WebPage","@id":"https:\/\/balcells.cat\/servicios\/traumatologia\/factores-de-crecimiento\/","url":"https:\/\/balcells.cat\/servicios\/traumatologia\/factores-de-crecimiento\/","name":"Factores de crecimiento - Balcells.cat","isPartOf":{"@id":"https:\/\/balcells.cat\/#website"},"datePublished":"2013-03-10T17:04:26+00:00","dateModified":"2013-05-17T15:39:39+00:00","breadcrumb":{"@id":"https:\/\/balcells.cat\/servicios\/traumatologia\/factores-de-crecimiento\/#breadcrumb"},"inLanguage":"ca","potentialAction":[{"@type":"ReadAction","target":["https:\/\/balcells.cat\/servicios\/traumatologia\/factores-de-crecimiento\/"]}]},{"@type":"BreadcrumbList","@id":"https:\/\/balcells.cat\/servicios\/traumatologia\/factores-de-crecimiento\/#breadcrumb","itemListElement":[{"@type":"ListItem","position":1,"name":"Servicios","item":"https:\/\/balcells.cat\/servicios\/"},{"@type":"ListItem","position":2,"name":"Traumatolog\u00eda","item":"https:\/\/balcells.cat\/servicios\/traumatologia\/"},{"@type":"ListItem","position":3,"name":"Factores de crecimiento"}]},{"@type":"WebSite","@id":"https:\/\/balcells.cat\/#website","url":"https:\/\/balcells.cat\/","name":"Balcells.cat","description":"Centre de Traumatologia i Fisioter\u00e0pia","potentialAction":[{"@type":"SearchAction","target":{"@type":"EntryPoint","urlTemplate":"https:\/\/balcells.cat\/?s={search_term_string}"},"query-input":"required name=search_term_string"}],"inLanguage":"ca"}]}},"_links":{"self":[{"href":"https:\/\/balcells.cat\/ca\/wp-json\/wp\/v2\/pages\/981"}],"collection":[{"href":"https:\/\/balcells.cat\/ca\/wp-json\/wp\/v2\/pages"}],"about":[{"href":"https:\/\/balcells.cat\/ca\/wp-json\/wp\/v2\/types\/page"}],"author":[{"embeddable":true,"href":"https:\/\/balcells.cat\/ca\/wp-json\/wp\/v2\/users\/5"}],"replies":[{"embeddable":true,"href":"https:\/\/balcells.cat\/ca\/wp-json\/wp\/v2\/comments?post=981"}],"version-history":[{"count":0,"href":"https:\/\/balcells.cat\/ca\/wp-json\/wp\/v2\/pages\/981\/revisions"}],"up":[{"embeddable":true,"href":"https:\/\/balcells.cat\/ca\/wp-json\/wp\/v2\/pages\/818"}],"wp:attachment":[{"href":"https:\/\/balcells.cat\/ca\/wp-json\/wp\/v2\/media?parent=981"}],"curies":[{"name":"wp","href":"https:\/\/api.w.org\/{rel}","templated":true}]}}