{"id":1917,"date":"2020-04-05T21:02:51","date_gmt":"2020-04-05T19:02:51","guid":{"rendered":"https:\/\/balcells.cat\/?page_id=1917"},"modified":"2020-04-05T21:27:42","modified_gmt":"2020-04-05T19:27:42","slug":"sol-pelvia","status":"publish","type":"page","link":"https:\/\/balcells.cat\/es\/sol-pelvia\/","title":{"rendered":"S\u00f2l pelvi\u00e0"},"content":{"rendered":"<style type=\"text\/css\" data-created_by=\"avia_inline_auto\" id=\"style-css-av-578v8d-8a8e33bf5d62861a2a7203658ffacda6\">\n.flex_column.av-578v8d-8a8e33bf5d62861a2a7203658ffacda6{\nborder-radius:0px 0px 0px 0px;\npadding:0px 0px 0px 0px;\n}\n<\/style>\n<div  class='flex_column av-578v8d-8a8e33bf5d62861a2a7203658ffacda6 av_one_full  avia-builder-el-0  el_before_av_one_half  avia-builder-el-first  first flex_column_div av-zero-column-padding'     ><section  class='av_textblock_section av-k8nfrzpe-b5ebff50ddd534c76d0a663e4e252493'   itemscope=\"itemscope\" itemtype=\"https:\/\/schema.org\/CreativeWork\" ><div class='avia_textblock'  itemprop=\"text\" ><h3><strong>TRACTAMENT I RECUPERACI\u00d3 DEL S\u00d2L PELVI\u00c0<\/strong><\/h3>\n<\/div><\/section><\/div>\n<style type=\"text\/css\" data-created_by=\"avia_inline_auto\" id=\"style-css-av-4m5wp9-f50aba576518c05d4f94492ad1d3ddf8\">\n.flex_column.av-4m5wp9-f50aba576518c05d4f94492ad1d3ddf8{\nborder-radius:0px 0px 0px 0px;\npadding:0px 0px 0px 0px;\n}\n<\/style>\n<div  class='flex_column av-4m5wp9-f50aba576518c05d4f94492ad1d3ddf8 av_one_half  avia-builder-el-2  el_after_av_one_full  el_before_av_one_half  first flex_column_div av-zero-column-padding  column-top-margin'     ><section  class='av_textblock_section av-k8nfqtg3-22c69e512f172fbff75b33100e1761e4'   itemscope=\"itemscope\" itemtype=\"https:\/\/schema.org\/CreativeWork\" ><div class='avia_textblock'  itemprop=\"text\" ><h2><\/h2>\n<p><strong>Prepraraci\u00f3 maternal: Adquirir control respiratori.<\/strong><\/p>\n<ul>\n<li>\u00a0 \u00a0 \u00a0 \u00a0 Control dels m\u00fasculs en el moment del part.<\/li>\n<li>\u00a0 \u00a0 \u00a0 \u00a0 Disminuir mol\u00e8sties musculars durant l\u2019embar\u00e0s.<\/li>\n<li>\u00a0 \u00a0 \u00a0 \u00a0 Massatge perineal.<\/li>\n<li>\u00a0 \u00a0 \u00a0 \u00a0 Adquirir seguretat.<\/li>\n<li>\u00a0 \u00a0 \u00a0 \u00a0 Disminuir possibles seq\u00fceles postpart.<\/li>\n<\/ul>\n<p><strong>Recuperaci\u00f3 postpart: Prevenir incontin\u00e8ncies urinaries i fecals.<\/strong><\/p>\n<ul>\n<li>\u00a0 \u00a0 \u00a0 \u00a0 Prevenir prolapses.<\/li>\n<li>\u00a0 \u00a0 \u00a0 \u00a0 Restablir i millorar tonicitat abdominal.<\/li>\n<li>\u00a0 \u00a0 \u00a0 \u00a0 Disminuir la retenci\u00f3 de l\u00edquids.<\/li>\n<li>\u00a0 \u00a0 \u00a0 \u00a0 Disminuir les \u00e0lgies de la columna.<\/li>\n<\/ul>\n<\/div><\/section><\/div><\/p>\n\n<style type=\"text\/css\" data-created_by=\"avia_inline_auto\" id=\"style-css-av-9qh7x-3191a28a6974949a0a36e40e92659cf7\">\n.flex_column.av-9qh7x-3191a28a6974949a0a36e40e92659cf7{\nborder-radius:0px 0px 0px 0px;\npadding:0px 0px 0px 0px;\n}\n<\/style>\n<div  class='flex_column av-9qh7x-3191a28a6974949a0a36e40e92659cf7 av_one_half  avia-builder-el-4  el_after_av_one_half  avia-builder-el-last  flex_column_div av-zero-column-padding  column-top-margin'     ><style type=\"text\/css\" data-created_by=\"avia_inline_auto\" id=\"style-css-av-k8nfr61e-834f385b042610331982b41768fb359e\">\n.avia-image-container.av-k8nfr61e-834f385b042610331982b41768fb359e img.avia_image{\nbox-shadow:none;\n}\n.avia-image-container.av-k8nfr61e-834f385b042610331982b41768fb359e .av-image-caption-overlay-center{\ncolor:#ffffff;\n}\n<\/style>\n<div  class='avia-image-container av-k8nfr61e-834f385b042610331982b41768fb359e av-styling- avia-align-center  avia-builder-el-5  avia-builder-el-no-sibling'   itemprop=\"image\" itemscope=\"itemscope\" itemtype=\"https:\/\/schema.org\/ImageObject\" ><div class=\"avia-image-container-inner\"><div class=\"avia-image-overlay-wrap\"><img decoding=\"async\" class='wp-image-1816 avia-img-lazy-loading-not-1816 avia_image' src=\"https:\/\/balcells.cat\/wp-content\/uploads\/2020\/03\/premamas-iolanda-balcells-300x225.jpg\" alt='' title='OLYMPUS DIGITAL CAMERA'  height=\"225\" width=\"300\"  itemprop=\"thumbnailUrl\" srcset=\"https:\/\/balcells.cat\/wp-content\/uploads\/2020\/03\/premamas-iolanda-balcells-300x225.jpg 300w, https:\/\/balcells.cat\/wp-content\/uploads\/2020\/03\/premamas-iolanda-balcells-768x576.jpg 768w, https:\/\/balcells.cat\/wp-content\/uploads\/2020\/03\/premamas-iolanda-balcells-1024x768.jpg 1024w, https:\/\/balcells.cat\/wp-content\/uploads\/2020\/03\/premamas-iolanda-balcells-1500x1125.jpg 1500w, https:\/\/balcells.cat\/wp-content\/uploads\/2020\/03\/premamas-iolanda-balcells-705x529.jpg 705w, https:\/\/balcells.cat\/wp-content\/uploads\/2020\/03\/premamas-iolanda-balcells-450x338.jpg 450w, https:\/\/balcells.cat\/wp-content\/uploads\/2020\/03\/premamas-iolanda-balcells.jpg 2000w\" sizes=\"(max-width: 300px) 100vw, 300px\" \/><\/div><\/div><\/div><\/div>","protected":false},"excerpt":{"rendered":"","protected":false},"author":6,"featured_media":0,"parent":0,"menu_order":0,"comment_status":"closed","ping_status":"closed","template":"","meta":[],"yoast_head":"<!-- This site is optimized with the Yoast SEO plugin v21.8 - https:\/\/yoast.com\/wordpress\/plugins\/seo\/ -->\n<title>S\u00f2l pelvi\u00e0 - Balcells.cat<\/title>\n<meta name=\"robots\" content=\"index, follow, max-snippet:-1, max-image-preview:large, max-video-preview:-1\" \/>\n<link rel=\"canonical\" href=\"https:\/\/balcells.cat\/es\/sol-pelvia\/\" \/>\n<meta property=\"og:locale\" content=\"es_ES\" \/>\n<meta property=\"og:type\" content=\"article\" \/>\n<meta property=\"og:title\" content=\"S\u00f2l pelvi\u00e0 - Balcells.cat\" \/>\n<meta property=\"og:url\" content=\"https:\/\/balcells.cat\/es\/sol-pelvia\/\" \/>\n<meta property=\"og:site_name\" content=\"Balcells.cat\" \/>\n<meta property=\"article:publisher\" content=\"https:\/\/www.facebook.com\/BalcellsCentreTraumatologiaiFisioterapia\/\" \/>\n<meta property=\"article:modified_time\" content=\"2020-04-05T19:27:42+00:00\" \/>\n<meta name=\"twitter:label1\" content=\"Tiempo de lectura\" \/>\n\t<meta name=\"twitter:data1\" content=\"3 minutos\" \/>\n<script type=\"application\/ld+json\" class=\"yoast-schema-graph\">{\"@context\":\"https:\/\/schema.org\",\"@graph\":[{\"@type\":\"WebPage\",\"@id\":\"https:\/\/balcells.cat\/sol-pelvia\/\",\"url\":\"https:\/\/balcells.cat\/sol-pelvia\/\",\"name\":\"S\u00f2l pelvi\u00e0 - Balcells.cat\",\"isPartOf\":{\"@id\":\"https:\/\/balcells.cat\/#website\"},\"datePublished\":\"2020-04-05T19:02:51+00:00\",\"dateModified\":\"2020-04-05T19:27:42+00:00\",\"inLanguage\":\"es\",\"potentialAction\":[{\"@type\":\"ReadAction\",\"target\":[\"https:\/\/balcells.cat\/sol-pelvia\/\"]}]},{\"@type\":\"WebSite\",\"@id\":\"https:\/\/balcells.cat\/#website\",\"url\":\"https:\/\/balcells.cat\/\",\"name\":\"Balcells.cat\",\"description\":\"Centre de Traumatologia i Fisioter\u00e0pia\",\"potentialAction\":[{\"@type\":\"SearchAction\",\"target\":{\"@type\":\"EntryPoint\",\"urlTemplate\":\"https:\/\/balcells.cat\/?s={search_term_string}\"},\"query-input\":\"required name=search_term_string\"}],\"inLanguage\":\"es\"}]}<\/script>\n<!-- \/ Yoast SEO plugin. -->","yoast_head_json":{"title":"S\u00f2l pelvi\u00e0 - Balcells.cat","robots":{"index":"index","follow":"follow","max-snippet":"max-snippet:-1","max-image-preview":"max-image-preview:large","max-video-preview":"max-video-preview:-1"},"canonical":"https:\/\/balcells.cat\/es\/sol-pelvia\/","og_locale":"es_ES","og_type":"article","og_title":"S\u00f2l pelvi\u00e0 - Balcells.cat","og_url":"https:\/\/balcells.cat\/es\/sol-pelvia\/","og_site_name":"Balcells.cat","article_publisher":"https:\/\/www.facebook.com\/BalcellsCentreTraumatologiaiFisioterapia\/","article_modified_time":"2020-04-05T19:27:42+00:00","twitter_misc":{"Tiempo de lectura":"3 minutos"},"schema":{"@context":"https:\/\/schema.org","@graph":[{"@type":"WebPage","@id":"https:\/\/balcells.cat\/sol-pelvia\/","url":"https:\/\/balcells.cat\/sol-pelvia\/","name":"S\u00f2l pelvi\u00e0 - Balcells.cat","isPartOf":{"@id":"https:\/\/balcells.cat\/#website"},"datePublished":"2020-04-05T19:02:51+00:00","dateModified":"2020-04-05T19:27:42+00:00","inLanguage":"es","potentialAction":[{"@type":"ReadAction","target":["https:\/\/balcells.cat\/sol-pelvia\/"]}]},{"@type":"WebSite","@id":"https:\/\/balcells.cat\/#website","url":"https:\/\/balcells.cat\/","name":"Balcells.cat","description":"Centre de Traumatologia i Fisioter\u00e0pia","potentialAction":[{"@type":"SearchAction","target":{"@type":"EntryPoint","urlTemplate":"https:\/\/balcells.cat\/?s={search_term_string}"},"query-input":"required name=search_term_string"}],"inLanguage":"es"}]}},"_links":{"self":[{"href":"https:\/\/balcells.cat\/es\/wp-json\/wp\/v2\/pages\/1917"}],"collection":[{"href":"https:\/\/balcells.cat\/es\/wp-json\/wp\/v2\/pages"}],"about":[{"href":"https:\/\/balcells.cat\/es\/wp-json\/wp\/v2\/types\/page"}],"author":[{"embeddable":true,"href":"https:\/\/balcells.cat\/es\/wp-json\/wp\/v2\/users\/6"}],"replies":[{"embeddable":true,"href":"https:\/\/balcells.cat\/es\/wp-json\/wp\/v2\/comments?post=1917"}],"version-history":[{"count":0,"href":"https:\/\/balcells.cat\/es\/wp-json\/wp\/v2\/pages\/1917\/revisions"}],"wp:attachment":[{"href":"https:\/\/balcells.cat\/es\/wp-json\/wp\/v2\/media?parent=1917"}],"curies":[{"name":"wp","href":"https:\/\/api.w.org\/{rel}","templated":true}]}}