{"id":58,"date":"2012-02-25T22:22:53","date_gmt":"2012-02-25T21:22:53","guid":{"rendered":"http:\/\/balcells.cat\/?page_id=58"},"modified":"2018-12-27T17:30:19","modified_gmt":"2018-12-27T16:30:19","slug":"instal%c2%b7lacions","status":"publish","type":"page","link":"https:\/\/balcells.cat\/es\/instal%c2%b7lacions\/","title":{"rendered":"Instal\u00b7lacions"},"content":{"rendered":"<div id='av-layout-grid-1'  class='av-layout-grid-container av-av_layout_row-9c55a04451926ddb740c0d54a352c5c1 entry-content-wrapper main_color av-flex-cells  avia-builder-el-0  el_before_av_textblock  avia-builder-el-first   container_wrap sidebar_right'  >\n\n<style type=\"text\/css\" data-created_by=\"avia_inline_auto\" id=\"style-css-av-av_cell_one_half-966e95abe433ebe3659e75c9968fdd72\">\n.flex_cell.av-av_cell_one_half-966e95abe433ebe3659e75c9968fdd72{\nvertical-align:middle;\nbackground-color:#88ade3;\n}\n.responsive #top #wrap_all .flex_cell.av-av_cell_one_half-966e95abe433ebe3659e75c9968fdd72{\npadding:0px 0px 0px 0px !important;\n}\n<\/style>\n<div class='flex_cell av-av_cell_one_half-966e95abe433ebe3659e75c9968fdd72 av-gridrow-cell av_one_half no_margin  avia-builder-el-1  el_before_av_cell_one_half  avia-builder-el-first  av-zero-padding avia-full-contain' ><div class='flex_cell_inner'><div  class='avia-slideshow av-av_slideshow-daf95770d12e27d01fb8f98c16084b01 avia-slideshow-featured av_slideshow avia-fade-slider  avia-builder-el-2  avia-builder-el-no-sibling  av-slideshow-ui av-control-default av-slideshow-autoplay av-loop-endless av-loop-manual-endless av-default-height-applied avia-slideshow-1' data-slideshow-options=\"{&quot;animation&quot;:&quot;fade&quot;,&quot;autoplay&quot;:true,&quot;loop_autoplay&quot;:&quot;endless&quot;,&quot;interval&quot;:5,&quot;loop_manual&quot;:&quot;manual-endless&quot;,&quot;autoplay_stopper&quot;:false,&quot;noNavigation&quot;:false,&quot;bg_slider&quot;:false,&quot;keep_padding&quot;:false,&quot;hoverpause&quot;:false,&quot;show_slide_delay&quot;:0}\"  itemprop=\"image\" itemscope=\"itemscope\" itemtype=\"https:\/\/schema.org\/ImageObject\" ><ul class='avia-slideshow-inner' style='padding-bottom: 66.255778120185%;'><li  class='avia-slideshow-slide av-av_slideshow-daf95770d12e27d01fb8f98c16084b01__0  slide-1 slide-odd'><div data-rel='slideshow-1' class='avia-slide-wrap'   ><img decoding=\"async\" class=\"wp-image-622 avia-img-lazy-loading-not-622\"  src=\"https:\/\/balcells.cat\/wp-content\/uploads\/2013\/03\/Fa\u00e7ana.jpg\" width=\"649\" height=\"430\" title='Fa\u00e7ana' alt=''  itemprop=\"thumbnailUrl\" srcset=\"https:\/\/balcells.cat\/wp-content\/uploads\/2013\/03\/Fa\u00e7ana.jpg 800w, https:\/\/balcells.cat\/wp-content\/uploads\/2013\/03\/Fa\u00e7ana-300x198.jpg 300w, https:\/\/balcells.cat\/wp-content\/uploads\/2013\/03\/Fa\u00e7ana-226x150.jpg 226w\" sizes=\"(max-width: 649px) 100vw, 649px\" \/><\/div><\/li><li  class='avia-slideshow-slide av-av_slideshow-daf95770d12e27d01fb8f98c16084b01__1  slide-2 slide-even'><div data-rel='slideshow-1' class='avia-slide-wrap'   ><img decoding=\"async\" class=\"wp-image-612 avia-img-lazy-loading-not-612\"  src=\"https:\/\/balcells.cat\/wp-content\/uploads\/2013\/03\/desk.jpg\" width=\"649\" height=\"430\" title='desk' alt=''  itemprop=\"thumbnailUrl\" srcset=\"https:\/\/balcells.cat\/wp-content\/uploads\/2013\/03\/desk.jpg 800w, https:\/\/balcells.cat\/wp-content\/uploads\/2013\/03\/desk-300x198.jpg 300w, https:\/\/balcells.cat\/wp-content\/uploads\/2013\/03\/desk-226x150.jpg 226w\" sizes=\"(max-width: 649px) 100vw, 649px\" \/><\/div><\/li><li  class='avia-slideshow-slide av-av_slideshow-daf95770d12e27d01fb8f98c16084b01__2  slide-3 slide-odd'><div data-rel='slideshow-1' class='avia-slide-wrap'   ><img decoding=\"async\" class=\"wp-image-614 avia-img-lazy-loading-not-614\"  src=\"https:\/\/balcells.cat\/wp-content\/uploads\/2013\/03\/Fisio.jpg\" width=\"649\" height=\"430\" title='Fisio' alt=''  itemprop=\"thumbnailUrl\" srcset=\"https:\/\/balcells.cat\/wp-content\/uploads\/2013\/03\/Fisio.jpg 800w, https:\/\/balcells.cat\/wp-content\/uploads\/2013\/03\/Fisio-300x198.jpg 300w, https:\/\/balcells.cat\/wp-content\/uploads\/2013\/03\/Fisio-226x150.jpg 226w\" sizes=\"(max-width: 649px) 100vw, 649px\" \/><\/div><\/li><li  class='avia-slideshow-slide av-av_slideshow-daf95770d12e27d01fb8f98c16084b01__3  slide-4 slide-even'><div data-rel='slideshow-1' class='avia-slide-wrap'   ><img decoding=\"async\" class=\"wp-image-615 avia-img-lazy-loading-not-615\"  src=\"https:\/\/balcells.cat\/wp-content\/uploads\/2013\/03\/Fisio-2.jpg\" width=\"649\" height=\"430\" title='Fisio-2' alt=''  itemprop=\"thumbnailUrl\" srcset=\"https:\/\/balcells.cat\/wp-content\/uploads\/2013\/03\/Fisio-2.jpg 800w, https:\/\/balcells.cat\/wp-content\/uploads\/2013\/03\/Fisio-2-300x198.jpg 300w, https:\/\/balcells.cat\/wp-content\/uploads\/2013\/03\/Fisio-2-226x150.jpg 226w\" sizes=\"(max-width: 649px) 100vw, 649px\" \/><\/div><\/li><li  class='avia-slideshow-slide av-av_slideshow-daf95770d12e27d01fb8f98c16084b01__4  slide-5 slide-odd'><div data-rel='slideshow-1' class='avia-slide-wrap'   ><img decoding=\"async\" class=\"wp-image-616 avia-img-lazy-loading-not-616\"  src=\"https:\/\/balcells.cat\/wp-content\/uploads\/2013\/03\/Fisio-3.jpg\" width=\"649\" height=\"430\" title='Fisio-3' alt=''  itemprop=\"thumbnailUrl\" srcset=\"https:\/\/balcells.cat\/wp-content\/uploads\/2013\/03\/Fisio-3.jpg 800w, https:\/\/balcells.cat\/wp-content\/uploads\/2013\/03\/Fisio-3-300x198.jpg 300w, https:\/\/balcells.cat\/wp-content\/uploads\/2013\/03\/Fisio-3-226x150.jpg 226w\" sizes=\"(max-width: 649px) 100vw, 649px\" \/><\/div><\/li><li  class='avia-slideshow-slide av-av_slideshow-daf95770d12e27d01fb8f98c16084b01__5  slide-6 slide-even'><div data-rel='slideshow-1' class='avia-slide-wrap'   ><img decoding=\"async\" class=\"wp-image-617 avia-img-lazy-loading-not-617\"  src=\"https:\/\/balcells.cat\/wp-content\/uploads\/2013\/03\/Gimn\u00e0s.jpg\" width=\"649\" height=\"430\" title='Gimn\u00e0s' alt=''  itemprop=\"thumbnailUrl\" srcset=\"https:\/\/balcells.cat\/wp-content\/uploads\/2013\/03\/Gimn\u00e0s.jpg 800w, https:\/\/balcells.cat\/wp-content\/uploads\/2013\/03\/Gimn\u00e0s-300x198.jpg 300w, https:\/\/balcells.cat\/wp-content\/uploads\/2013\/03\/Gimn\u00e0s-226x150.jpg 226w\" sizes=\"(max-width: 649px) 100vw, 649px\" \/><\/div><\/li><li  class='avia-slideshow-slide av-av_slideshow-daf95770d12e27d01fb8f98c16084b01__6  slide-7 slide-odd'><div data-rel='slideshow-1' class='avia-slide-wrap'   ><img decoding=\"async\" class=\"wp-image-619 avia-img-lazy-loading-not-619\"  src=\"https:\/\/balcells.cat\/wp-content\/uploads\/2013\/03\/Potingues.jpg\" width=\"649\" height=\"430\" title='Potingues' alt=''  itemprop=\"thumbnailUrl\" srcset=\"https:\/\/balcells.cat\/wp-content\/uploads\/2013\/03\/Potingues.jpg 800w, https:\/\/balcells.cat\/wp-content\/uploads\/2013\/03\/Potingues-300x198.jpg 300w, https:\/\/balcells.cat\/wp-content\/uploads\/2013\/03\/Potingues-226x150.jpg 226w\" sizes=\"(max-width: 649px) 100vw, 649px\" \/><\/div><\/li><li  class='avia-slideshow-slide av-av_slideshow-daf95770d12e27d01fb8f98c16084b01__7  slide-8 slide-even'><div data-rel='slideshow-1' class='avia-slide-wrap'   ><img decoding=\"async\" class=\"wp-image-618 avia-img-lazy-loading-not-618\"  src=\"https:\/\/balcells.cat\/wp-content\/uploads\/2013\/03\/Gimnas-2.jpg\" width=\"649\" height=\"430\" title='Gimnas-2' alt=''  itemprop=\"thumbnailUrl\" srcset=\"https:\/\/balcells.cat\/wp-content\/uploads\/2013\/03\/Gimnas-2.jpg 800w, https:\/\/balcells.cat\/wp-content\/uploads\/2013\/03\/Gimnas-2-300x198.jpg 300w, https:\/\/balcells.cat\/wp-content\/uploads\/2013\/03\/Gimnas-2-226x150.jpg 226w\" sizes=\"(max-width: 649px) 100vw, 649px\" \/><\/div><\/li><\/ul><div class='avia-slideshow-arrows avia-slideshow-controls' ><a href='#prev' class='prev-slide' aria-hidden='true' data-av_icon='\ue87c' data-av_iconfont='entypo-fontello'  tabindex='-1'>Anterior<\/a><a href='#next' class='next-slide' aria-hidden='true' data-av_icon='\ue87d' data-av_iconfont='entypo-fontello'  tabindex='-1'>Posterior<\/a><\/div><div class='avia-slideshow-dots avia-slideshow-controls'><a href='#1' class='goto-slide active' >1<\/a><a href='#2' class='goto-slide' >2<\/a><a href='#3' class='goto-slide' >3<\/a><a href='#4' class='goto-slide' >4<\/a><a href='#5' class='goto-slide' >5<\/a><a href='#6' class='goto-slide' >6<\/a><a href='#7' class='goto-slide' >7<\/a><a href='#8' class='goto-slide' >8<\/a><\/div><\/div>\n<\/div><\/div>\n<style type=\"text\/css\" data-created_by=\"avia_inline_auto\" id=\"style-css-av-av_cell_one_half-7e083d77bc9d2167b6829994b59ee752\">\n.flex_cell.av-av_cell_one_half-7e083d77bc9d2167b6829994b59ee752{\nvertical-align:middle;\nbackground-color:#406eb1;\n}\n.responsive #top #wrap_all .flex_cell.av-av_cell_one_half-7e083d77bc9d2167b6829994b59ee752{\npadding:80px 80px 80px 50px !important;\n}\n<\/style>\n<div class='flex_cell av-av_cell_one_half-7e083d77bc9d2167b6829994b59ee752 av-gridrow-cell av_one_half no_margin  avia-builder-el-3  el_after_av_cell_one_half  avia-builder-el-last' ><div class='flex_cell_inner'><p>\n<style type=\"text\/css\" data-created_by=\"avia_inline_auto\" id=\"style-css-av-av_heading-4c1118d81efc99d7d0de81096759e735\">\n#top .av-special-heading.av-av_heading-4c1118d81efc99d7d0de81096759e735{\npadding-bottom:10px;\ncolor:#ffffff;\n}\nbody .av-special-heading.av-av_heading-4c1118d81efc99d7d0de81096759e735 .av-special-heading-tag .heading-char{\nfont-size:25px;\n}\n.av-special-heading.av-av_heading-4c1118d81efc99d7d0de81096759e735 .special-heading-inner-border{\nborder-color:#ffffff;\n}\n.av-special-heading.av-av_heading-4c1118d81efc99d7d0de81096759e735 .av-subheading{\nfont-size:15px;\n}\n<\/style>\n<div  class='av-special-heading av-av_heading-4c1118d81efc99d7d0de81096759e735 av-special-heading-h3 custom-color-heading  avia-builder-el-4  el_before_av_icon_box  avia-builder-el-first'><h3 class='av-special-heading-tag'  itemprop=\"headline\"  >Les nostres instal\u00b7lacions<\/h3><div class=\"special-heading-border\"><div class=\"special-heading-inner-border\"><\/div><\/div><\/div><br \/>\n\n<style type=\"text\/css\" data-created_by=\"avia_inline_auto\" id=\"style-css-av-av_icon_box-bec98b51b646be901afd2c1fbb6d3fd7\">\n.iconbox.av-av_icon_box-bec98b51b646be901afd2c1fbb6d3fd7 .iconbox_icon{\nbackground-color:#88ade3;\nborder:1px solid #ffffff;\ncolor:#ffffff;\n}\n<\/style>\n<article  class='iconbox iconbox_top av-av_icon_box-bec98b51b646be901afd2c1fbb6d3fd7  avia-builder-el-5  el_after_av_heading  el_before_av_hr  main_color'  itemscope=\"itemscope\" itemtype=\"https:\/\/schema.org\/CreativeWork\" ><div class=\"iconbox_content\"><header class=\"entry-content-header\"><a href='tel:93 119 90 35' title='Reservar hora per tel\u00e8fon' target=\"_blank\" rel=\"noopener noreferrer\" class=\"iconbox_icon heading-color\" aria-hidden='true' data-av_icon='\uf107' data-av_iconfont='medical'><\/a><h3 class='iconbox_content_title'  itemprop=\"headline\" ><a href='tel:93 119 90 35' title='Reservar hora per tel\u00e8fon' target=\"_blank\" rel=\"noopener noreferrer\">Reservar hora per tel\u00e8fon<\/a><\/h3><\/header><div class='iconbox_content_container'  itemprop=\"text\" ><p>Tel <a href=\"tel:931199035\" target=\"_blank\" rel=\"noopener\">93 119 90 35<\/a><\/p>\n<\/div><\/div><footer class=\"entry-footer\"><\/footer><\/article><br \/>\n<div  class='hr av-av_hr-0ff602b3e980a3377077ff3c1c834df6 hr-default  avia-builder-el-6  el_after_av_icon_box  avia-builder-el-last'><span class='hr-inner'><span class=\"hr-inner-style\"><\/span><\/span><\/div><\/p>\n<\/div><\/div>\n<\/div><div id='after_grid_row_1'  class='main_color av_default_container_wrap container_wrap sidebar_right'  ><div class='container av-section-cont-open' ><div class='template-page content  av-content-small alpha units'><div class='post-entry post-entry-type-page post-entry-58'><div class='entry-content-wrapper clearfix'>\n<section  class='av_textblock_section av-av_textblock-2de302bf1aa3cf4c9157dbe6f50ac7eb'   itemscope=\"itemscope\" itemtype=\"https:\/\/schema.org\/CreativeWork\" ><div class='avia_textblock'  itemprop=\"text\" ><p><!--:CA--><\/p>\n<p>El Centre est\u00e0 situat al carrer del Pont de Les Franqueses, \u00e9s a dir a la Ronda Nord de Granollers, en un punt de f\u00e0cil acc\u00e9s tant si es ve de Mollet com de la Garriga o Cardedeu i Llinars, perqu\u00e8 no s\u2019ha d\u2019entrar al centre de Granollers. L\u2019aparcament \u00e9s f\u00e0cil al davant i als voltants.<\/p>\n<p>El Centre est\u00e0 a peu de carrer per facilitar l\u2019acc\u00e9s a persones amb mobiliat redu\u00efda i t\u00e9 unes consultes \u00e0mplies i adaptades.<\/p>\n<\/div><\/section>\n<\/div><\/div><\/div><!-- close content main div --><\/div><\/div><div id='av-layout-grid-2'  class='av-layout-grid-container av-av_layout_row-ee503835aefb405ee15641bf2ff6c1e9 entry-content-wrapper main_color av-border-top-bottom av-border-cells av-fixed-cells  avia-builder-el-8  el_after_av_textblock  el_before_av_google_map  grid-row-not-first  container_wrap sidebar_right'  >\n\n<style type=\"text\/css\" data-created_by=\"avia_inline_auto\" id=\"style-css-av-av_cell_one_fourth-cb0ccc5ed81101d62b8c41ddf396fb79\">\n.flex_cell.av-av_cell_one_fourth-cb0ccc5ed81101d62b8c41ddf396fb79{\nvertical-align:middle;\n}\n.responsive #top #wrap_all .flex_cell.av-av_cell_one_fourth-cb0ccc5ed81101d62b8c41ddf396fb79{\npadding:30px 30px 30px 30px !important;\n}\n<\/style>\n<div class='flex_cell av-av_cell_one_fourth-cb0ccc5ed81101d62b8c41ddf396fb79 av-gridrow-cell av_one_fourth no_margin  avia-builder-el-9  el_before_av_cell_one_fourth  avia-builder-el-first' ><div class='flex_cell_inner'>\n<style type=\"text\/css\" data-created_by=\"avia_inline_auto\" id=\"style-css-av-av_font_icon-b34853e1d12453b32fd9ea96b21cd5d2\">\n.av_font_icon.av-av_font_icon-b34853e1d12453b32fd9ea96b21cd5d2{\ncolor:#406eb1;\nborder-color:#406eb1;\n}\n.av_font_icon.av-av_font_icon-b34853e1d12453b32fd9ea96b21cd5d2 .av-icon-char{\nfont-size:60px;\nline-height:60px;\n}\n<\/style>\n<span  class='av_font_icon av-av_font_icon-b34853e1d12453b32fd9ea96b21cd5d2 avia_animate_when_visible av-icon-style- avia-icon-pos-center avia-icon-animate'><span class='av-icon-char' aria-hidden='true' data-av_icon='\uf135' data-av_iconfont='medical' ><\/span><\/span>\n<\/div><\/div>\n<style type=\"text\/css\" data-created_by=\"avia_inline_auto\" id=\"style-css-av-av_cell_one_fourth-f57c70f9f5a63fd800eb5b955b847c2a\">\n.flex_cell.av-av_cell_one_fourth-f57c70f9f5a63fd800eb5b955b847c2a{\nvertical-align:top;\n}\n.responsive #top #wrap_all .flex_cell.av-av_cell_one_fourth-f57c70f9f5a63fd800eb5b955b847c2a{\npadding:30px 30px 30px 30px !important;\n}\n<\/style>\n<div class='flex_cell av-av_cell_one_fourth-f57c70f9f5a63fd800eb5b955b847c2a av-gridrow-cell av_one_fourth no_margin  avia-builder-el-11  el_after_av_cell_one_fourth  el_before_av_cell_one_fourth' ><div class='flex_cell_inner'>\n<style type=\"text\/css\" data-created_by=\"avia_inline_auto\" id=\"style-css-av-av_font_icon-fb467b11959247b862d016f815757c05\">\n.av_font_icon.av-av_font_icon-fb467b11959247b862d016f815757c05{\ncolor:#406eb1;\nborder-color:#406eb1;\n}\n.av_font_icon.av-av_font_icon-fb467b11959247b862d016f815757c05 .av-icon-char{\nfont-size:60px;\nline-height:60px;\n}\n<\/style>\n<span  class='av_font_icon av-av_font_icon-fb467b11959247b862d016f815757c05 avia_animate_when_visible av-icon-style- avia-icon-pos-center avia-icon-animate'><span class='av-icon-char' aria-hidden='true' data-av_icon='\ue841' data-av_iconfont='entypo-fontello' ><\/span><\/span>\n<\/div><\/div>\n<style type=\"text\/css\" data-created_by=\"avia_inline_auto\" id=\"style-css-av-av_cell_one_fourth-f57c70f9f5a63fd800eb5b955b847c2a\">\n.flex_cell.av-av_cell_one_fourth-f57c70f9f5a63fd800eb5b955b847c2a{\nvertical-align:top;\n}\n.responsive #top #wrap_all .flex_cell.av-av_cell_one_fourth-f57c70f9f5a63fd800eb5b955b847c2a{\npadding:30px 30px 30px 30px !important;\n}\n<\/style>\n<div class='flex_cell av-av_cell_one_fourth-f57c70f9f5a63fd800eb5b955b847c2a av-gridrow-cell av_one_fourth no_margin  avia-builder-el-13  el_after_av_cell_one_fourth  el_before_av_cell_one_fourth' ><div class='flex_cell_inner'>\n<style type=\"text\/css\" data-created_by=\"avia_inline_auto\" id=\"style-css-av-av_font_icon-2142c05558ffc3869e2f55aa8599aa73\">\n.av_font_icon.av-av_font_icon-2142c05558ffc3869e2f55aa8599aa73{\ncolor:#406eb1;\nborder-color:#406eb1;\n}\n.av_font_icon.av-av_font_icon-2142c05558ffc3869e2f55aa8599aa73 .av-icon-char{\nfont-size:60px;\nline-height:60px;\n}\n<\/style>\n<span  class='av_font_icon av-av_font_icon-2142c05558ffc3869e2f55aa8599aa73 avia_animate_when_visible av-icon-style- avia-icon-pos-center avia-icon-animate'><span class='av-icon-char' aria-hidden='true' data-av_icon='\ue802' data-av_iconfont='fontello' ><\/span><\/span>\n<\/div><\/div>\n<style type=\"text\/css\" data-created_by=\"avia_inline_auto\" id=\"style-css-av-av_cell_one_fourth-478e601141f777c114317b69b95234cf\">\n.flex_cell.av-av_cell_one_fourth-478e601141f777c114317b69b95234cf{\nvertical-align:top;\n}\n.responsive #top #wrap_all .flex_cell.av-av_cell_one_fourth-478e601141f777c114317b69b95234cf{\npadding:30px 30px 30px 30px !important;\n}\n<\/style>\n<div class='flex_cell av-av_cell_one_fourth-478e601141f777c114317b69b95234cf av-gridrow-cell av_one_fourth no_margin  avia-builder-el-15  el_after_av_cell_one_fourth  avia-builder-el-last' ><div class='flex_cell_inner'>\n<style type=\"text\/css\" data-created_by=\"avia_inline_auto\" id=\"style-css-av-av_font_icon-01cd7a3aefab7cc5c5131f1b776bc19e\">\n.av_font_icon.av-av_font_icon-01cd7a3aefab7cc5c5131f1b776bc19e{\ncolor:#406eb1;\nborder-color:#406eb1;\n}\n.av_font_icon.av-av_font_icon-01cd7a3aefab7cc5c5131f1b776bc19e .av-icon-char{\nfont-size:60px;\nline-height:60px;\n}\n<\/style>\n<span  class='av_font_icon av-av_font_icon-01cd7a3aefab7cc5c5131f1b776bc19e avia_animate_when_visible av-icon-style- avia-icon-pos-center avia-icon-animate'><span class='av-icon-char' aria-hidden='true' data-av_icon='\uf12e' data-av_iconfont='medical' ><\/span><\/span>\n<\/div><\/div>\n<\/div>\n<div  class='av_gmaps_sc_main_wrap av_gmaps_main_wrap'><div id='av_gmap_0' class='avia-google-map-container avia-google-map-sc av_gmaps_show_unconditionally av-no-fallback-img' data-mapid='av_gmap_0'  style='height: 400px;'><a class=\"av_gmaps_browser_disabled av_text_confirm_link av_text_confirm_link_visible\" href=\"https:\/\/www.google.com\/maps\/search\/?api=1&#038;query=Carrer%20Pont,%2011,%2008520%20Corr\u00f3%20d\u2019Avall\" target=\"_blank\" rel=\"noopener\">Maps were disabled by the visitor on this site. Click to open the map in a new window.<\/a><\/div><\/div>\n<section  class='av_textblock_section av-av_textblock-2de302bf1aa3cf4c9157dbe6f50ac7eb'   itemscope=\"itemscope\" itemtype=\"https:\/\/schema.org\/CreativeWork\" ><div class='avia_textblock'  itemprop=\"text\" ><p><!--:CA--><\/p>\n<p style=\"text-align: center;\"><img decoding=\"async\" loading=\"lazy\" class=\"aligncenter\" src=\"http:\/\/balcells.cat\/wp-content\/uploads\/2012\/02\/l%C3%ADnia-blava.jpg\" alt=\"l\u00ednia-blava\" width=\"1100\" height=\"9\" \/><\/p>\n<p><img decoding=\"async\" loading=\"lazy\" class=\"aligncenter\" src=\"http:\/\/balcells.cat\/wp-content\/uploads\/2013\/03\/header-web-75.jpg\" alt=\"header-web 75\" width=\"770\" height=\"53\" \/><\/p>\n<\/div><\/section>","protected":false},"excerpt":{"rendered":"","protected":false},"author":3,"featured_media":0,"parent":0,"menu_order":3,"comment_status":"closed","ping_status":"closed","template":"","meta":[],"yoast_head":"<!-- This site is optimized with the Yoast SEO plugin v21.8 - https:\/\/yoast.com\/wordpress\/plugins\/seo\/ -->\n<title>Instal\u00b7lacions - Balcells.cat<\/title>\n<meta name=\"robots\" content=\"index, follow, max-snippet:-1, max-image-preview:large, max-video-preview:-1\" \/>\n<link rel=\"canonical\" href=\"https:\/\/balcells.cat\/es\/instal\u00b7lacions\/\" \/>\n<meta property=\"og:locale\" content=\"es_ES\" \/>\n<meta property=\"og:type\" content=\"article\" \/>\n<meta property=\"og:title\" content=\"Instal\u00b7lacions - Balcells.cat\" \/>\n<meta property=\"og:url\" content=\"https:\/\/balcells.cat\/es\/instal\u00b7lacions\/\" \/>\n<meta property=\"og:site_name\" content=\"Balcells.cat\" \/>\n<meta property=\"article:publisher\" content=\"https:\/\/www.facebook.com\/BalcellsCentreTraumatologiaiFisioterapia\/\" \/>\n<meta property=\"article:modified_time\" content=\"2018-12-27T16:30:19+00:00\" \/>\n<meta property=\"og:image\" content=\"http:\/\/balcells.cat\/wp-content\/uploads\/2012\/02\/l%C3%ADnia-blava.jpg\" \/>\n<meta name=\"twitter:label1\" content=\"Tiempo de lectura\" \/>\n\t<meta name=\"twitter:data1\" content=\"4 minutos\" \/>\n<script type=\"application\/ld+json\" class=\"yoast-schema-graph\">{\"@context\":\"https:\/\/schema.org\",\"@graph\":[{\"@type\":\"WebPage\",\"@id\":\"https:\/\/balcells.cat\/instal%c2%b7lacions\/\",\"url\":\"https:\/\/balcells.cat\/instal%c2%b7lacions\/\",\"name\":\"Instal\u00b7lacions - Balcells.cat\",\"isPartOf\":{\"@id\":\"https:\/\/balcells.cat\/#website\"},\"datePublished\":\"2012-02-25T21:22:53+00:00\",\"dateModified\":\"2018-12-27T16:30:19+00:00\",\"inLanguage\":\"es\",\"potentialAction\":[{\"@type\":\"ReadAction\",\"target\":[\"https:\/\/balcells.cat\/instal%c2%b7lacions\/\"]}]},{\"@type\":\"WebSite\",\"@id\":\"https:\/\/balcells.cat\/#website\",\"url\":\"https:\/\/balcells.cat\/\",\"name\":\"Balcells.cat\",\"description\":\"Centre de Traumatologia i Fisioter\u00e0pia\",\"potentialAction\":[{\"@type\":\"SearchAction\",\"target\":{\"@type\":\"EntryPoint\",\"urlTemplate\":\"https:\/\/balcells.cat\/?s={search_term_string}\"},\"query-input\":\"required name=search_term_string\"}],\"inLanguage\":\"es\"}]}<\/script>\n<!-- \/ Yoast SEO plugin. -->","yoast_head_json":{"title":"Instal\u00b7lacions - Balcells.cat","robots":{"index":"index","follow":"follow","max-snippet":"max-snippet:-1","max-image-preview":"max-image-preview:large","max-video-preview":"max-video-preview:-1"},"canonical":"https:\/\/balcells.cat\/es\/instal\u00b7lacions\/","og_locale":"es_ES","og_type":"article","og_title":"Instal\u00b7lacions - Balcells.cat","og_url":"https:\/\/balcells.cat\/es\/instal\u00b7lacions\/","og_site_name":"Balcells.cat","article_publisher":"https:\/\/www.facebook.com\/BalcellsCentreTraumatologiaiFisioterapia\/","article_modified_time":"2018-12-27T16:30:19+00:00","og_image":[{"url":"http:\/\/balcells.cat\/wp-content\/uploads\/2012\/02\/l%C3%ADnia-blava.jpg"}],"twitter_misc":{"Tiempo de lectura":"4 minutos"},"schema":{"@context":"https:\/\/schema.org","@graph":[{"@type":"WebPage","@id":"https:\/\/balcells.cat\/instal%c2%b7lacions\/","url":"https:\/\/balcells.cat\/instal%c2%b7lacions\/","name":"Instal\u00b7lacions - Balcells.cat","isPartOf":{"@id":"https:\/\/balcells.cat\/#website"},"datePublished":"2012-02-25T21:22:53+00:00","dateModified":"2018-12-27T16:30:19+00:00","inLanguage":"es","potentialAction":[{"@type":"ReadAction","target":["https:\/\/balcells.cat\/instal%c2%b7lacions\/"]}]},{"@type":"WebSite","@id":"https:\/\/balcells.cat\/#website","url":"https:\/\/balcells.cat\/","name":"Balcells.cat","description":"Centre de Traumatologia i Fisioter\u00e0pia","potentialAction":[{"@type":"SearchAction","target":{"@type":"EntryPoint","urlTemplate":"https:\/\/balcells.cat\/?s={search_term_string}"},"query-input":"required name=search_term_string"}],"inLanguage":"es"}]}},"_links":{"self":[{"href":"https:\/\/balcells.cat\/es\/wp-json\/wp\/v2\/pages\/58"}],"collection":[{"href":"https:\/\/balcells.cat\/es\/wp-json\/wp\/v2\/pages"}],"about":[{"href":"https:\/\/balcells.cat\/es\/wp-json\/wp\/v2\/types\/page"}],"author":[{"embeddable":true,"href":"https:\/\/balcells.cat\/es\/wp-json\/wp\/v2\/users\/3"}],"replies":[{"embeddable":true,"href":"https:\/\/balcells.cat\/es\/wp-json\/wp\/v2\/comments?post=58"}],"version-history":[{"count":0,"href":"https:\/\/balcells.cat\/es\/wp-json\/wp\/v2\/pages\/58\/revisions"}],"wp:attachment":[{"href":"https:\/\/balcells.cat\/es\/wp-json\/wp\/v2\/media?parent=58"}],"curies":[{"name":"wp","href":"https:\/\/api.w.org\/{rel}","templated":true}]}}