{"id":784,"date":"2012-03-04T17:16:29","date_gmt":"2012-03-04T16:16:29","guid":{"rendered":"http:\/\/balcells.cat\/?page_id=784"},"modified":"2013-05-17T16:14:55","modified_gmt":"2013-05-17T14:14:55","slug":"dr-manel-balcells-diaz-es","status":"publish","type":"page","link":"https:\/\/balcells.cat\/es\/quienes-somos\/dr-manel-balcells-diaz-es\/","title":{"rendered":"Dr Manel Balcells i D\u00edaz"},"content":{"rendered":"<p><!--:CA--><\/p>\n<div id=\"attachment_644\" style=\"width: 280px\" class=\"wp-caption alignleft\"><img aria-describedby=\"caption-attachment-644\" decoding=\"async\" loading=\"lazy\" class=\"wp-image-644\" alt=\"Dr-Manel-Balcells-D\u00edaz\" src=\"http:\/\/balcells.cat\/wp-content\/uploads\/2013\/03\/Dr-Manel-Balcells-D\u00edaz.jpg\" width=\"270\" height=\"300\" srcset=\"https:\/\/balcells.cat\/wp-content\/uploads\/2013\/03\/Dr-Manel-Balcells-D\u00edaz.jpg 450w, https:\/\/balcells.cat\/wp-content\/uploads\/2013\/03\/Dr-Manel-Balcells-D\u00edaz-270x300.jpg 270w, https:\/\/balcells.cat\/wp-content\/uploads\/2013\/03\/Dr-Manel-Balcells-D\u00edaz-135x150.jpg 135w\" sizes=\"(max-width: 270px) 100vw, 270px\" \/><p id=\"caption-attachment-644\" class=\"wp-caption-text\">Dr Manel Balcells i D\u00edaz<br \/>Col. 16264<br \/>Especialista en Medicina del Deporte<br \/>Especialista en Cirug\u00eda Ortop\u00e9dica y Traumatolog\u00eda<\/p><\/div>\n<p>Ha estado vinculado durante muchos a\u00f1os a la sanidad de Granollers y desde diferentes \u00e1mbitos. Primero el Hospital General de Granollers, despu\u00e9s el Centre de Medicina de l\u2019Esoprt y posteriormente desde el \u00e1mbito de la gesti\u00f3n.<\/p>\n<p>Actualmente es el Director del \u00c0rea de Coneixement en el Consorci Sanitari de Terrassa.<\/p>\n<p>Durante m\u00e1s de diez a\u00f1os fue el impulsor de las Jornades de Medicina i Esport que se celebraban en Granollers y esto junto a su amplia formaci\u00f3n, en Cirug\u00eda Ortop\u00e9dica y Tramatolog\u00eda, hace que tenga un conocimiento muy destacado de todos aquellos aspectos relacionados con las lesiones deportivas, tanto desde la prevenci\u00f3n como el tratamiento.<\/p>\n<p><img decoding=\"async\" loading=\"lazy\" alt=\"l\u00ednia-blava\" src=\"http:\/\/balcells.cat\/wp-content\/uploads\/2012\/02\/l%C3%ADnia-blava.jpg\" width=\"1100\" height=\"9\" \/><\/p>\n<p><img decoding=\"async\" loading=\"lazy\" alt=\"header-web 75\" src=\"http:\/\/balcells.cat\/wp-content\/uploads\/2013\/03\/header-web-75.jpg\" width=\"770\" height=\"53\" \/><\/p>\n<p><strong>\u00a0<\/strong><\/p>\n<p><!--:--><!--:es--><\/p>\n<p><strong>\u00a0<\/strong><\/p>\n<p>&nbsp;<\/p>\n<p>&nbsp;<\/p>\n<p><!--:--><!--:en--><\/p>\n<p><strong>\u00a0<\/strong><\/p>\n<p><!--:--><\/p>","protected":false},"excerpt":{"rendered":"<p>Ha estado vinculado durante muchos a\u00f1os a la sanidad de Granollers y desde diferentes \u00e1mbitos. Primero el Hospital General de Granollers, despu\u00e9s el Centre de Medicina de l\u2019Esoprt y posteriormente desde el \u00e1mbito de la gesti\u00f3n. Actualmente es el Director del \u00c0rea de Coneixement en el Consorci Sanitari de Terrassa. Durante m\u00e1s de diez a\u00f1os [&hellip;]<\/p>","protected":false},"author":5,"featured_media":0,"parent":724,"menu_order":0,"comment_status":"closed","ping_status":"closed","template":"","meta":[],"yoast_head":"<!-- This site is optimized with the Yoast SEO plugin v21.8 - https:\/\/yoast.com\/wordpress\/plugins\/seo\/ -->\n<title>Dr Manel Balcells i D\u00edaz - Balcells.cat<\/title>\n<meta name=\"robots\" content=\"index, follow, max-snippet:-1, max-image-preview:large, max-video-preview:-1\" \/>\n<link rel=\"canonical\" href=\"https:\/\/balcells.cat\/es\/quienes-somos\/dr-manel-balcells-diaz-es\/\" \/>\n<meta property=\"og:locale\" content=\"es_ES\" \/>\n<meta property=\"og:type\" content=\"article\" \/>\n<meta property=\"og:title\" content=\"Dr Manel Balcells i D\u00edaz - Balcells.cat\" \/>\n<meta property=\"og:description\" content=\"Ha estado vinculado durante muchos a\u00f1os a la sanidad de Granollers y desde diferentes \u00e1mbitos. Primero el Hospital General de Granollers, despu\u00e9s el Centre de Medicina de l\u2019Esoprt y posteriormente desde el \u00e1mbito de la gesti\u00f3n. Actualmente es el Director del \u00c0rea de Coneixement en el Consorci Sanitari de Terrassa. Durante m\u00e1s de diez a\u00f1os [&hellip;]\" \/>\n<meta property=\"og:url\" content=\"https:\/\/balcells.cat\/es\/quienes-somos\/dr-manel-balcells-diaz-es\/\" \/>\n<meta property=\"og:site_name\" content=\"Balcells.cat\" \/>\n<meta property=\"article:publisher\" content=\"https:\/\/www.facebook.com\/BalcellsCentreTraumatologiaiFisioterapia\/\" \/>\n<meta property=\"article:modified_time\" content=\"2013-05-17T14:14:55+00:00\" \/>\n<meta property=\"og:image\" content=\"http:\/\/balcells.cat\/wp-content\/uploads\/2012\/02\/l%C3%ADnia-blava.jpg\" \/>\n<meta name=\"twitter:label1\" content=\"Tiempo de lectura\" \/>\n\t<meta name=\"twitter:data1\" content=\"1 minuto\" \/>\n<script type=\"application\/ld+json\" class=\"yoast-schema-graph\">{\"@context\":\"https:\/\/schema.org\",\"@graph\":[{\"@type\":\"WebPage\",\"@id\":\"https:\/\/balcells.cat\/quienes-somos\/dr-manel-balcells-diaz-es\/\",\"url\":\"https:\/\/balcells.cat\/quienes-somos\/dr-manel-balcells-diaz-es\/\",\"name\":\"Dr Manel Balcells i D\u00edaz - Balcells.cat\",\"isPartOf\":{\"@id\":\"https:\/\/balcells.cat\/#website\"},\"datePublished\":\"2012-03-04T16:16:29+00:00\",\"dateModified\":\"2013-05-17T14:14:55+00:00\",\"breadcrumb\":{\"@id\":\"https:\/\/balcells.cat\/quienes-somos\/dr-manel-balcells-diaz-es\/#breadcrumb\"},\"inLanguage\":\"es\",\"potentialAction\":[{\"@type\":\"ReadAction\",\"target\":[\"https:\/\/balcells.cat\/quienes-somos\/dr-manel-balcells-diaz-es\/\"]}]},{\"@type\":\"BreadcrumbList\",\"@id\":\"https:\/\/balcells.cat\/quienes-somos\/dr-manel-balcells-diaz-es\/#breadcrumb\",\"itemListElement\":[{\"@type\":\"ListItem\",\"position\":1,\"name\":\"Quienes somos\",\"item\":\"https:\/\/balcells.cat\/quienes-somos\/\"},{\"@type\":\"ListItem\",\"position\":2,\"name\":\"Dr Manel Balcells i D\u00edaz\"}]},{\"@type\":\"WebSite\",\"@id\":\"https:\/\/balcells.cat\/#website\",\"url\":\"https:\/\/balcells.cat\/\",\"name\":\"Balcells.cat\",\"description\":\"Centre de Traumatologia i Fisioter\u00e0pia\",\"potentialAction\":[{\"@type\":\"SearchAction\",\"target\":{\"@type\":\"EntryPoint\",\"urlTemplate\":\"https:\/\/balcells.cat\/?s={search_term_string}\"},\"query-input\":\"required name=search_term_string\"}],\"inLanguage\":\"es\"}]}<\/script>\n<!-- \/ Yoast SEO plugin. -->","yoast_head_json":{"title":"Dr Manel Balcells i D\u00edaz - Balcells.cat","robots":{"index":"index","follow":"follow","max-snippet":"max-snippet:-1","max-image-preview":"max-image-preview:large","max-video-preview":"max-video-preview:-1"},"canonical":"https:\/\/balcells.cat\/es\/quienes-somos\/dr-manel-balcells-diaz-es\/","og_locale":"es_ES","og_type":"article","og_title":"Dr Manel Balcells i D\u00edaz - Balcells.cat","og_description":"Ha estado vinculado durante muchos a\u00f1os a la sanidad de Granollers y desde diferentes \u00e1mbitos. Primero el Hospital General de Granollers, despu\u00e9s el Centre de Medicina de l\u2019Esoprt y posteriormente desde el \u00e1mbito de la gesti\u00f3n. Actualmente es el Director del \u00c0rea de Coneixement en el Consorci Sanitari de Terrassa. Durante m\u00e1s de diez a\u00f1os [&hellip;]","og_url":"https:\/\/balcells.cat\/es\/quienes-somos\/dr-manel-balcells-diaz-es\/","og_site_name":"Balcells.cat","article_publisher":"https:\/\/www.facebook.com\/BalcellsCentreTraumatologiaiFisioterapia\/","article_modified_time":"2013-05-17T14:14:55+00:00","og_image":[{"url":"http:\/\/balcells.cat\/wp-content\/uploads\/2012\/02\/l%C3%ADnia-blava.jpg"}],"twitter_misc":{"Tiempo de lectura":"1 minuto"},"schema":{"@context":"https:\/\/schema.org","@graph":[{"@type":"WebPage","@id":"https:\/\/balcells.cat\/quienes-somos\/dr-manel-balcells-diaz-es\/","url":"https:\/\/balcells.cat\/quienes-somos\/dr-manel-balcells-diaz-es\/","name":"Dr Manel Balcells i D\u00edaz - Balcells.cat","isPartOf":{"@id":"https:\/\/balcells.cat\/#website"},"datePublished":"2012-03-04T16:16:29+00:00","dateModified":"2013-05-17T14:14:55+00:00","breadcrumb":{"@id":"https:\/\/balcells.cat\/quienes-somos\/dr-manel-balcells-diaz-es\/#breadcrumb"},"inLanguage":"es","potentialAction":[{"@type":"ReadAction","target":["https:\/\/balcells.cat\/quienes-somos\/dr-manel-balcells-diaz-es\/"]}]},{"@type":"BreadcrumbList","@id":"https:\/\/balcells.cat\/quienes-somos\/dr-manel-balcells-diaz-es\/#breadcrumb","itemListElement":[{"@type":"ListItem","position":1,"name":"Quienes somos","item":"https:\/\/balcells.cat\/quienes-somos\/"},{"@type":"ListItem","position":2,"name":"Dr Manel Balcells i D\u00edaz"}]},{"@type":"WebSite","@id":"https:\/\/balcells.cat\/#website","url":"https:\/\/balcells.cat\/","name":"Balcells.cat","description":"Centre de Traumatologia i Fisioter\u00e0pia","potentialAction":[{"@type":"SearchAction","target":{"@type":"EntryPoint","urlTemplate":"https:\/\/balcells.cat\/?s={search_term_string}"},"query-input":"required name=search_term_string"}],"inLanguage":"es"}]}},"_links":{"self":[{"href":"https:\/\/balcells.cat\/es\/wp-json\/wp\/v2\/pages\/784"}],"collection":[{"href":"https:\/\/balcells.cat\/es\/wp-json\/wp\/v2\/pages"}],"about":[{"href":"https:\/\/balcells.cat\/es\/wp-json\/wp\/v2\/types\/page"}],"author":[{"embeddable":true,"href":"https:\/\/balcells.cat\/es\/wp-json\/wp\/v2\/users\/5"}],"replies":[{"embeddable":true,"href":"https:\/\/balcells.cat\/es\/wp-json\/wp\/v2\/comments?post=784"}],"version-history":[{"count":0,"href":"https:\/\/balcells.cat\/es\/wp-json\/wp\/v2\/pages\/784\/revisions"}],"up":[{"embeddable":true,"href":"https:\/\/balcells.cat\/es\/wp-json\/wp\/v2\/pages\/724"}],"wp:attachment":[{"href":"https:\/\/balcells.cat\/es\/wp-json\/wp\/v2\/media?parent=784"}],"curies":[{"name":"wp","href":"https:\/\/api.w.org\/{rel}","templated":true}]}}