{"id":866,"date":"2012-03-04T17:56:04","date_gmt":"2012-03-04T16:56:04","guid":{"rendered":"http:\/\/balcells.cat\/?page_id=866"},"modified":"2013-03-10T18:22:54","modified_gmt":"2013-03-10T17:22:54","slug":"fisioterapia-aparato-locomotor","status":"publish","type":"page","link":"https:\/\/balcells.cat\/es\/servicios\/fisioterapia\/fisioterapia-aparato-locomotor\/","title":{"rendered":"Fisioterapia aparato locomotor"},"content":{"rendered":"<p><!--:CA--><\/p>\n<p><strong><span style=\"color: #88ade3;\">Tratamientos de fisioterapia personalizados e individualizados<\/span><\/strong><\/p>\n<p><a href=\"http:\/\/balcells.cat\/wp-content\/uploads\/2012\/03\/Mans-II.jpg\"><img decoding=\"async\" loading=\"lazy\" class=\"alignright size-medium wp-image-255\" title=\"Mans II\" alt=\"\" src=\"http:\/\/balcells.cat\/wp-content\/uploads\/2012\/03\/Mans-II-300x202.jpg\" width=\"300\" height=\"202\" srcset=\"https:\/\/balcells.cat\/wp-content\/uploads\/2012\/03\/Mans-II-300x202.jpg 300w, https:\/\/balcells.cat\/wp-content\/uploads\/2012\/03\/Mans-II-1024x689.jpg 1024w, https:\/\/balcells.cat\/wp-content\/uploads\/2012\/03\/Mans-II.jpg 1136w\" sizes=\"(max-width: 300px) 100vw, 300px\" \/><\/a><\/p>\n<ul>\n<li>Lesiones musculares, ligamentosas, cartilaginosas y \u00f3seas.<\/li>\n<li>Tendinopat\u00edas.<\/li>\n<li>Artrosis.<\/li>\n<li>Recuperaciones post-cirug\u00eda.<\/li>\n<li>Reeducaci\u00f3n postural.<\/li>\n<li>Recuperaciones post-inmovilizaciones.<\/li>\n<\/ul>\n<p>&nbsp;<\/p>\n<p><strong><span style=\"color: #88ade3;\">Readaptaci\u00f3n al deporte<\/span><\/strong><\/p>\n<p><a href=\"http:\/\/balcells.cat\/wp-content\/uploads\/2012\/03\/Mans-III.jpg\"><img decoding=\"async\" loading=\"lazy\" class=\"alignright size-medium wp-image-256\" title=\"Mans III\" alt=\"\" src=\"http:\/\/balcells.cat\/wp-content\/uploads\/2012\/03\/Mans-III-300x277.jpg\" width=\"300\" height=\"277\" srcset=\"https:\/\/balcells.cat\/wp-content\/uploads\/2012\/03\/Mans-III-300x277.jpg 300w, https:\/\/balcells.cat\/wp-content\/uploads\/2012\/03\/Mans-III.jpg 541w\" sizes=\"(max-width: 300px) 100vw, 300px\" \/><\/a><\/p>\n<ul>\n<li>T\u00e9cnicas neuromusculares.<\/li>\n<li>Potenciaci\u00f3n espec\u00edfica.<\/li>\n<li>Tratamiento puntos gatillo.<\/li>\n<li>Punci\u00f3n seca.<\/li>\n<li>Neurodin\u00e1mica.<\/li>\n<li>Electroterapia.<\/li>\n<li>Gimnasia hipopresiva.<\/li>\n<li>Masaje.<\/li>\n<\/ul>\n<p><!--:--><!--:es--><\/p>\n<p><img decoding=\"async\" loading=\"lazy\" alt=\"l\u00ednia-blava\" src=\"http:\/\/balcells.cat\/wp-content\/uploads\/2012\/02\/l%C3%ADnia-blava.jpg\" width=\"1100\" height=\"9\" \/><\/p>\n<p><img decoding=\"async\" loading=\"lazy\" alt=\"header-web 75\" src=\"http:\/\/balcells.cat\/wp-content\/uploads\/2013\/03\/header-web-75.jpg\" width=\"770\" height=\"53\" \/><br \/>\n<a href=\"http:\/\/balcells.cat\/es\/serveis\/fisioterapia\/fisioterapia-aparell-locomotor\/\"><br \/>\n<\/a><\/p>\n<p><img decoding=\"async\" loading=\"lazy\" class=\"size-medium wp-image-617 alignleft\" alt=\"Gimn\u00e0s\" src=\"http:\/\/balcells.cat\/wp-content\/uploads\/2013\/03\/Gimn\u00e0s-300x198.jpg\" width=\"300\" height=\"198\" srcset=\"https:\/\/balcells.cat\/wp-content\/uploads\/2013\/03\/Gimn\u00e0s-300x198.jpg 300w, https:\/\/balcells.cat\/wp-content\/uploads\/2013\/03\/Gimn\u00e0s-226x150.jpg 226w, https:\/\/balcells.cat\/wp-content\/uploads\/2013\/03\/Gimn\u00e0s.jpg 800w\" sizes=\"(max-width: 300px) 100vw, 300px\" \/>\u00a0<img decoding=\"async\" loading=\"lazy\" class=\"size-medium wp-image-615 alignright\" alt=\"Fisio-2\" src=\"http:\/\/balcells.cat\/wp-content\/uploads\/2013\/03\/Fisio-2-300x198.jpg\" width=\"300\" height=\"198\" srcset=\"https:\/\/balcells.cat\/wp-content\/uploads\/2013\/03\/Fisio-2-300x198.jpg 300w, https:\/\/balcells.cat\/wp-content\/uploads\/2013\/03\/Fisio-2-226x150.jpg 226w, https:\/\/balcells.cat\/wp-content\/uploads\/2013\/03\/Fisio-2.jpg 800w\" sizes=\"(max-width: 300px) 100vw, 300px\" \/><\/p>\n<p>&nbsp;<\/p>\n<p>&nbsp;<\/p>\n<p>&nbsp;<\/p>\n<p>&nbsp;<\/p>\n<p>&nbsp;<\/p>\n<p>&nbsp;<\/p>\n<p>&nbsp;<\/p>\n<p>&nbsp;<\/p>\n<p>&nbsp;<\/p>\n<p><!--:--><\/p>","protected":false},"excerpt":{"rendered":"<p>Tratamientos de fisioterapia personalizados e individualizados Lesiones musculares, ligamentosas, cartilaginosas y \u00f3seas. Tendinopat\u00edas. Artrosis. Recuperaciones post-cirug\u00eda. Reeducaci\u00f3n postural. Recuperaciones post-inmovilizaciones. &nbsp; Readaptaci\u00f3n al deporte T\u00e9cnicas neuromusculares. Potenciaci\u00f3n espec\u00edfica. Tratamiento puntos gatillo. Punci\u00f3n seca. Neurodin\u00e1mica. Electroterapia. Gimnasia hipopresiva. Masaje. \u00a0 &nbsp; &nbsp; &nbsp; &nbsp; &nbsp; &nbsp; &nbsp; &nbsp; &nbsp;<\/p>","protected":false},"author":5,"featured_media":0,"parent":852,"menu_order":0,"comment_status":"closed","ping_status":"closed","template":"","meta":[],"yoast_head":"<!-- This site is optimized with the Yoast SEO plugin v21.8 - https:\/\/yoast.com\/wordpress\/plugins\/seo\/ -->\n<title>Fisioterapia aparato locomotor - Balcells.cat<\/title>\n<meta name=\"robots\" content=\"index, follow, max-snippet:-1, max-image-preview:large, max-video-preview:-1\" \/>\n<link rel=\"canonical\" href=\"https:\/\/balcells.cat\/es\/servicios\/fisioterapia\/fisioterapia-aparato-locomotor\/\" \/>\n<meta property=\"og:locale\" content=\"es_ES\" \/>\n<meta property=\"og:type\" content=\"article\" \/>\n<meta property=\"og:title\" content=\"Fisioterapia aparato locomotor - Balcells.cat\" \/>\n<meta property=\"og:description\" content=\"Tratamientos de fisioterapia personalizados e individualizados Lesiones musculares, ligamentosas, cartilaginosas y \u00f3seas. Tendinopat\u00edas. Artrosis. Recuperaciones post-cirug\u00eda. Reeducaci\u00f3n postural. Recuperaciones post-inmovilizaciones. &nbsp; Readaptaci\u00f3n al deporte T\u00e9cnicas neuromusculares. Potenciaci\u00f3n espec\u00edfica. Tratamiento puntos gatillo. Punci\u00f3n seca. Neurodin\u00e1mica. Electroterapia. Gimnasia hipopresiva. Masaje. \u00a0 &nbsp; &nbsp; &nbsp; &nbsp; &nbsp; &nbsp; &nbsp; &nbsp; &nbsp;\" \/>\n<meta property=\"og:url\" content=\"https:\/\/balcells.cat\/es\/servicios\/fisioterapia\/fisioterapia-aparato-locomotor\/\" \/>\n<meta property=\"og:site_name\" content=\"Balcells.cat\" \/>\n<meta property=\"article:publisher\" content=\"https:\/\/www.facebook.com\/BalcellsCentreTraumatologiaiFisioterapia\/\" \/>\n<meta property=\"article:modified_time\" content=\"2013-03-10T17:22:54+00:00\" \/>\n<meta property=\"og:image\" content=\"http:\/\/balcells.cat\/wp-content\/uploads\/2012\/03\/Mans-II-300x202.jpg\" \/>\n<script type=\"application\/ld+json\" class=\"yoast-schema-graph\">{\"@context\":\"https:\/\/schema.org\",\"@graph\":[{\"@type\":\"WebPage\",\"@id\":\"https:\/\/balcells.cat\/servicios\/fisioterapia\/fisioterapia-aparato-locomotor\/\",\"url\":\"https:\/\/balcells.cat\/servicios\/fisioterapia\/fisioterapia-aparato-locomotor\/\",\"name\":\"Fisioterapia aparato locomotor - Balcells.cat\",\"isPartOf\":{\"@id\":\"https:\/\/balcells.cat\/#website\"},\"datePublished\":\"2012-03-04T16:56:04+00:00\",\"dateModified\":\"2013-03-10T17:22:54+00:00\",\"breadcrumb\":{\"@id\":\"https:\/\/balcells.cat\/servicios\/fisioterapia\/fisioterapia-aparato-locomotor\/#breadcrumb\"},\"inLanguage\":\"es\",\"potentialAction\":[{\"@type\":\"ReadAction\",\"target\":[\"https:\/\/balcells.cat\/servicios\/fisioterapia\/fisioterapia-aparato-locomotor\/\"]}]},{\"@type\":\"BreadcrumbList\",\"@id\":\"https:\/\/balcells.cat\/servicios\/fisioterapia\/fisioterapia-aparato-locomotor\/#breadcrumb\",\"itemListElement\":[{\"@type\":\"ListItem\",\"position\":1,\"name\":\"Servicios\",\"item\":\"https:\/\/balcells.cat\/servicios\/\"},{\"@type\":\"ListItem\",\"position\":2,\"name\":\"Fisioterapia\",\"item\":\"https:\/\/balcells.cat\/servicios\/fisioterapia\/\"},{\"@type\":\"ListItem\",\"position\":3,\"name\":\"Fisioterapia aparato locomotor\"}]},{\"@type\":\"WebSite\",\"@id\":\"https:\/\/balcells.cat\/#website\",\"url\":\"https:\/\/balcells.cat\/\",\"name\":\"Balcells.cat\",\"description\":\"Centre de Traumatologia i Fisioter\u00e0pia\",\"potentialAction\":[{\"@type\":\"SearchAction\",\"target\":{\"@type\":\"EntryPoint\",\"urlTemplate\":\"https:\/\/balcells.cat\/?s={search_term_string}\"},\"query-input\":\"required name=search_term_string\"}],\"inLanguage\":\"es\"}]}<\/script>\n<!-- \/ Yoast SEO plugin. -->","yoast_head_json":{"title":"Fisioterapia aparato locomotor - Balcells.cat","robots":{"index":"index","follow":"follow","max-snippet":"max-snippet:-1","max-image-preview":"max-image-preview:large","max-video-preview":"max-video-preview:-1"},"canonical":"https:\/\/balcells.cat\/es\/servicios\/fisioterapia\/fisioterapia-aparato-locomotor\/","og_locale":"es_ES","og_type":"article","og_title":"Fisioterapia aparato locomotor - Balcells.cat","og_description":"Tratamientos de fisioterapia personalizados e individualizados Lesiones musculares, ligamentosas, cartilaginosas y \u00f3seas. Tendinopat\u00edas. Artrosis. Recuperaciones post-cirug\u00eda. Reeducaci\u00f3n postural. Recuperaciones post-inmovilizaciones. &nbsp; Readaptaci\u00f3n al deporte T\u00e9cnicas neuromusculares. Potenciaci\u00f3n espec\u00edfica. Tratamiento puntos gatillo. Punci\u00f3n seca. Neurodin\u00e1mica. Electroterapia. Gimnasia hipopresiva. Masaje. \u00a0 &nbsp; &nbsp; &nbsp; &nbsp; &nbsp; &nbsp; &nbsp; &nbsp; &nbsp;","og_url":"https:\/\/balcells.cat\/es\/servicios\/fisioterapia\/fisioterapia-aparato-locomotor\/","og_site_name":"Balcells.cat","article_publisher":"https:\/\/www.facebook.com\/BalcellsCentreTraumatologiaiFisioterapia\/","article_modified_time":"2013-03-10T17:22:54+00:00","og_image":[{"url":"http:\/\/balcells.cat\/wp-content\/uploads\/2012\/03\/Mans-II-300x202.jpg"}],"schema":{"@context":"https:\/\/schema.org","@graph":[{"@type":"WebPage","@id":"https:\/\/balcells.cat\/servicios\/fisioterapia\/fisioterapia-aparato-locomotor\/","url":"https:\/\/balcells.cat\/servicios\/fisioterapia\/fisioterapia-aparato-locomotor\/","name":"Fisioterapia aparato locomotor - Balcells.cat","isPartOf":{"@id":"https:\/\/balcells.cat\/#website"},"datePublished":"2012-03-04T16:56:04+00:00","dateModified":"2013-03-10T17:22:54+00:00","breadcrumb":{"@id":"https:\/\/balcells.cat\/servicios\/fisioterapia\/fisioterapia-aparato-locomotor\/#breadcrumb"},"inLanguage":"es","potentialAction":[{"@type":"ReadAction","target":["https:\/\/balcells.cat\/servicios\/fisioterapia\/fisioterapia-aparato-locomotor\/"]}]},{"@type":"BreadcrumbList","@id":"https:\/\/balcells.cat\/servicios\/fisioterapia\/fisioterapia-aparato-locomotor\/#breadcrumb","itemListElement":[{"@type":"ListItem","position":1,"name":"Servicios","item":"https:\/\/balcells.cat\/servicios\/"},{"@type":"ListItem","position":2,"name":"Fisioterapia","item":"https:\/\/balcells.cat\/servicios\/fisioterapia\/"},{"@type":"ListItem","position":3,"name":"Fisioterapia aparato locomotor"}]},{"@type":"WebSite","@id":"https:\/\/balcells.cat\/#website","url":"https:\/\/balcells.cat\/","name":"Balcells.cat","description":"Centre de Traumatologia i Fisioter\u00e0pia","potentialAction":[{"@type":"SearchAction","target":{"@type":"EntryPoint","urlTemplate":"https:\/\/balcells.cat\/?s={search_term_string}"},"query-input":"required name=search_term_string"}],"inLanguage":"es"}]}},"_links":{"self":[{"href":"https:\/\/balcells.cat\/es\/wp-json\/wp\/v2\/pages\/866"}],"collection":[{"href":"https:\/\/balcells.cat\/es\/wp-json\/wp\/v2\/pages"}],"about":[{"href":"https:\/\/balcells.cat\/es\/wp-json\/wp\/v2\/types\/page"}],"author":[{"embeddable":true,"href":"https:\/\/balcells.cat\/es\/wp-json\/wp\/v2\/users\/5"}],"replies":[{"embeddable":true,"href":"https:\/\/balcells.cat\/es\/wp-json\/wp\/v2\/comments?post=866"}],"version-history":[{"count":0,"href":"https:\/\/balcells.cat\/es\/wp-json\/wp\/v2\/pages\/866\/revisions"}],"up":[{"embeddable":true,"href":"https:\/\/balcells.cat\/es\/wp-json\/wp\/v2\/pages\/852"}],"wp:attachment":[{"href":"https:\/\/balcells.cat\/es\/wp-json\/wp\/v2\/media?parent=866"}],"curies":[{"name":"wp","href":"https:\/\/api.w.org\/{rel}","templated":true}]}}